{"id":61,"date":"2017-03-17T12:08:47","date_gmt":"2017-03-17T12:08:47","guid":{"rendered":"http:\/\/www.cobdc.net\/seminaris\/?page_id=61"},"modified":"2017-03-22T09:22:30","modified_gmt":"2017-03-22T09:22:30","slug":"club-assemblea","status":"publish","type":"page","link":"https:\/\/www.cobdc.net\/seminaris\/club-assemblea\/","title":{"rendered":"CLUB-ASSEMBLEA"},"content":{"rendered":"<h4><strong>Principi b\u00e0sic<\/strong><\/h4>\n<p style=\"text-align: justify;\">Podem animar-nos i convertir el club en un projecte personal. O el projecte personal en un club. Cal implicaci\u00f3, nostra i dels participants.<br \/>\nHem d\u2019assumir amb optimisme el comprom\u00eds, no \u00e9s un projecte a curt termini i l\u2019hem d\u2019agafar amb il\u00b7lusi\u00f3.<\/p>\n<h4><strong>Arribem on arribem<\/strong><\/h4>\n<p style=\"text-align: justify;\">No sempre podem assumir la feina, o no sempre ens hi animem. Potser ens cal personal extern. No sempre tot pot ser fruit del voluntariat. Cal con\u00e8ixer limitacions i capacitats. Tot els clubs tenen caracter\u00edstiques pr\u00f2pies, les solucions, iniciatives, han de ser adaptades a cadascun.<br \/>\nUna bona opci\u00f3 \u00e9s fer cicles trimestrals. Sovint, no haver d\u2019assumir el comprom\u00eds d\u2019un any sencer els anima a apuntar-se, i segurament es quedaran el proper cicle.<\/p>\n<h4><strong>Complicitats<\/strong><\/h4>\n<p style=\"text-align: justify;\"><strong>Interna<\/strong>: Si a m\u00e9s de llibres compartim un mos, creem m\u00e9s la sensaci\u00f3 de grup i ens cohesionem. Assumir l\u2019espai, l\u2019activitat com una activitat plaent i amb companys. Podem rebre familiars o companys d\u2019altres edats que participin puntualment en l\u2019activitat.<\/p>\n<p style=\"text-align: justify;\"><strong>Externa<\/strong>: \u00c9s convenient comptar amb aliats (escoles, ampes, espais juvenils, CRP, &#8230;). Podem explicar qu\u00e8 fem i podem demanar qu\u00e8 fan, si caminem plegats arribarem m\u00e9s lluny. Tamb\u00e9 podem parlar amb escoles i instituts per aconseguir espais.<br \/>\nHem de saber compartir les nostres experi\u00e8ncies amb els altres clubs d\u2019arreu. Si treballem en xarxa ens facilitem la feina.<\/p>\n<h4><strong>Visibilitat<\/strong><\/h4>\n<p style=\"text-align: justify;\">Podem utilitzar el suport material com punts de llibre, llibretes, bol\u00edgrafs, p\u00f2sters&#8230;<br \/>\nLa visibilitat tamb\u00e9 passa per prestigiar els clubs dins de la biblioteca amb un espai reservat i llibertat per organitzar-lo com es prefereixi.<\/p>\n","protected":false},"excerpt":{"rendered":"<p>Principi b\u00e0sic Podem animar-nos i convertir el club en un projecte personal. O el projecte personal en un club. Cal implicaci\u00f3, nostra i dels participants. Hem d\u2019assumir amb optimisme el [&hellip;]<\/p>\n","protected":false},"author":1,"featured_media":0,"parent":0,"menu_order":0,"comment_status":"closed","ping_status":"closed","template":"","meta":{"footnotes":""},"class_list":["post-61","page","type-page","status-publish","hentry"],"_links":{"self":[{"href":"https:\/\/www.cobdc.net\/seminaris\/wp-json\/wp\/v2\/pages\/61","targetHints":{"allow":["GET"]}}],"collection":[{"href":"https:\/\/www.cobdc.net\/seminaris\/wp-json\/wp\/v2\/pages"}],"about":[{"href":"https:\/\/www.cobdc.net\/seminaris\/wp-json\/wp\/v2\/types\/page"}],"author":[{"embeddable":true,"href":"https:\/\/www.cobdc.net\/seminaris\/wp-json\/wp\/v2\/users\/1"}],"replies":[{"embeddable":true,"href":"https:\/\/www.cobdc.net\/seminaris\/wp-json\/wp\/v2\/comments?post=61"}],"version-history":[{"count":7,"href":"https:\/\/www.cobdc.net\/seminaris\/wp-json\/wp\/v2\/pages\/61\/revisions"}],"predecessor-version":[{"id":130,"href":"https:\/\/www.cobdc.net\/seminaris\/wp-json\/wp\/v2\/pages\/61\/revisions\/130"}],"wp:attachment":[{"href":"https:\/\/www.cobdc.net\/seminaris\/wp-json\/wp\/v2\/media?parent=61"}],"curies":[{"name":"wp","href":"https:\/\/api.w.org\/{rel}","templated":true}]}}