{"id":137,"date":"2017-03-22T09:26:48","date_gmt":"2017-03-22T09:26:48","guid":{"rendered":"http:\/\/www.cobdc.net\/seminaris\/?page_id=137"},"modified":"2017-03-22T09:27:04","modified_gmt":"2017-03-22T09:27:04","slug":"les-tres-lectores-joves","status":"publish","type":"page","link":"https:\/\/www.cobdc.net\/seminaris\/les-tres-lectores-joves\/","title":{"rendered":"LES TRES LECTORES JOVES"},"content":{"rendered":"<p style=\"text-align: justify;\">V\u00e0rem tenir la visita de tres lectores, com els nens cantors de la flauta m\u00e0gica, que guien els pobres mortals cap al cam\u00ed de la saviesa, la Sarah, la Fatou, la Chantal.<\/p>\n<div style=\"position: relative; height: 0; padding-bottom: 56.25%;\"><iframe loading=\"lazy\" style=\"position: absolute; width: 100%; height: 100%; left: 0;\" src=\"https:\/\/www.youtube.com\/embed\/PxGqMCEqtSg?ecver=2\" width=\"640\" height=\"360\" frameborder=\"0\" allowfullscreen=\"allowfullscreen\"><\/iframe><\/div>\n<p>&nbsp;<\/p>\n<p>Ens van dir que llegeixen per plaer.<\/p>\n<p>Ens van dir que els agraden lectures diferents.<\/p>\n<p>Ens van dir que els poden agradar les novel\u00b7les \u201cpastoses\u201d&#8230; o no<\/p>\n<p>Ens van dir que els poden agradar les novel\u00b7les \u201cadultes\u201d&#8230; o no<\/p>\n<p>Ens van dir que els poden agradar els mangues\u2026\u00a0 o no<\/p>\n<p>Ens van dir que els pot agradar llegir qualsevol cosa.<\/p>\n<p>Ens van dir que aprenen a llegir cada dia.<\/p>\n<p>Ens van dir que els agrada trobar-se amb gent que llegeix.<\/p>\n<p>Ens van dir que no s\u00f3n majoria entre els seus coetanis.<\/p>\n<p>Ens van dir que n\u2019hi ha que llegeixen mitjan\u00e7ant <em>Wallatt<\/em>.<\/p>\n<p>Ens van dir que per elles \u00e9s normal llegir.<\/p>\n<p>Ens van dir que confien en el criteri dels lectors de la seva edat.<\/p>\n<p>Ens van dir que tamb\u00e9 poden confiar en els adults.<\/p>\n<p>Ens van dir que les nostres lectures adolescents, potser ja no ho s\u00f3n.<\/p>\n<p>Ens van dir que els llibres s\u00f3n cars (costen molts diners).<\/p>\n<p>Ens van dir que hi ha moltes maneres d\u2019accedir-hi,<\/p>\n<p>Ens van dir que hi ha m\u00e9s dones que homes,<\/p>\n<p>Ens van dir que llegeixen m\u00e9s en castell\u00e0.<\/p>\n<p>Ens van dir qu\u00e8 \u00e9s New adult,<\/p>\n<p>Ens van dir que poden ser prescriptores i <em>youtubers<\/em>.<\/p>\n<p>Ens van dir tantes coses que hauran de tornar.<\/p>\n","protected":false},"excerpt":{"rendered":"<p>V\u00e0rem tenir la visita de tres lectores, com els nens cantors de la flauta m\u00e0gica, que guien els pobres mortals cap al cam\u00ed de la saviesa, la Sarah, la Fatou, [&hellip;]<\/p>\n","protected":false},"author":1,"featured_media":0,"parent":0,"menu_order":0,"comment_status":"closed","ping_status":"closed","template":"","meta":{"footnotes":""},"class_list":["post-137","page","type-page","status-publish","hentry"],"_links":{"self":[{"href":"https:\/\/www.cobdc.net\/seminaris\/wp-json\/wp\/v2\/pages\/137","targetHints":{"allow":["GET"]}}],"collection":[{"href":"https:\/\/www.cobdc.net\/seminaris\/wp-json\/wp\/v2\/pages"}],"about":[{"href":"https:\/\/www.cobdc.net\/seminaris\/wp-json\/wp\/v2\/types\/page"}],"author":[{"embeddable":true,"href":"https:\/\/www.cobdc.net\/seminaris\/wp-json\/wp\/v2\/users\/1"}],"replies":[{"embeddable":true,"href":"https:\/\/www.cobdc.net\/seminaris\/wp-json\/wp\/v2\/comments?post=137"}],"version-history":[{"count":1,"href":"https:\/\/www.cobdc.net\/seminaris\/wp-json\/wp\/v2\/pages\/137\/revisions"}],"predecessor-version":[{"id":139,"href":"https:\/\/www.cobdc.net\/seminaris\/wp-json\/wp\/v2\/pages\/137\/revisions\/139"}],"wp:attachment":[{"href":"https:\/\/www.cobdc.net\/seminaris\/wp-json\/wp\/v2\/media?parent=137"}],"curies":[{"name":"wp","href":"https:\/\/api.w.org\/{rel}","templated":true}]}}