{"id":134,"date":"2017-03-22T09:24:49","date_gmt":"2017-03-22T09:24:49","guid":{"rendered":"http:\/\/www.cobdc.net\/seminaris\/?page_id=134"},"modified":"2017-03-22T09:24:49","modified_gmt":"2017-03-22T09:24:49","slug":"juvenil-de-joves","status":"publish","type":"page","link":"https:\/\/www.cobdc.net\/seminaris\/juvenil-de-joves\/","title":{"rendered":"JUVENIL \u2013 DE JOVES"},"content":{"rendered":"<p><strong>DESCOBRIM-NOS<\/strong><\/p>\n<p style=\"text-align: justify;\">El joves no ens han de fer por. Potser no ens coneixem prou b\u00e9, ni nosaltres als joves ni els joves a nosaltres. Tenim prejudicis mutus que hem de trencar. Sovint tenen actituds que ens sorprenen molt positivament: tenen iniciativa, s\u00f3n valents, s\u00f3n entusiastes. Nosaltres tamb\u00e9 els podem sorprendre.<\/p>\n<p style=\"text-align: justify;\">Pot ser que al principi vinguin a la defensiva. Una manera de trencar els esquemes \u00e9s sorprenent de bon principi, si es troben les cadires girades, si en lloc de papers damunt una taula veuen globus o retoladors segurament tindran curiositat i ja adoptaran una actitud de curiositat i recepci\u00f3.<\/p>\n<p style=\"text-align: justify;\">No hem de comen\u00e7ar anant al gra. Podem concedir-nos una estona al comen\u00e7ament de la sessi\u00f3 per anar coneixent-nos entre nosaltres. Tots tenim dies o \u00e8poques bones o dolentes, cal saber entendre l\u2019entorn que es crea.<\/p>\n<p><strong>RESISTIR\u00c9!<\/strong><\/p>\n<p style=\"text-align: justify;\">Aquella gent que ve de petita no sempre continua. Hem d\u2019acceptar que poden haver-hi canvis constantment i que v\u00e9nen provocats per molts factors. No hem de deixar de lluitar, per\u00f2 tampoc capficar-nos-hi.<\/p>\n<p style=\"text-align: justify;\">Cal trobar eines per comunicar-nos internament. Poden funcionar grups de WhatsApp o de correu electr\u00f2nic. Hem de demanar autoritzacions pr\u00e8vies pel fet de tractar amb menors.<\/p>\n<p><strong>NO ESTEM SOLS<\/strong><\/p>\n<p style=\"text-align: justify;\">Els joves van molt enfeinats. Tenen molts interessos i moltes obligacions. La lectura \u00e9s una opci\u00f3 personal. La biblioteca no sempre disposa l\u2019escenari adient. Per\u00f2 tamb\u00e9 els factors externs poden jugar a favor nostre, podem convidar <em>booktubers<\/em>, etc., \u00e9s a dir, gent que els joves coneixen i que volen escoltar.<\/p>\n<p><strong>EL NOSTRE LLOC AL M\u00d3N<\/strong><\/p>\n<p style=\"text-align: justify;\">Necessitem un rac\u00f3 efectiu i afectiu de lectura. Si podem oferir als joves un espai per a ells a la biblioteca segurament aconseguirem que trobin el seu lloc i que no vinguin nom\u00e9s un cop al mes.<\/p>\n","protected":false},"excerpt":{"rendered":"<p>DESCOBRIM-NOS El joves no ens han de fer por. Potser no ens coneixem prou b\u00e9, ni nosaltres als joves ni els joves a nosaltres. Tenim prejudicis mutus que hem de [&hellip;]<\/p>\n","protected":false},"author":1,"featured_media":0,"parent":0,"menu_order":0,"comment_status":"closed","ping_status":"closed","template":"","meta":{"footnotes":""},"class_list":["post-134","page","type-page","status-publish","hentry"],"_links":{"self":[{"href":"https:\/\/www.cobdc.net\/seminaris\/wp-json\/wp\/v2\/pages\/134","targetHints":{"allow":["GET"]}}],"collection":[{"href":"https:\/\/www.cobdc.net\/seminaris\/wp-json\/wp\/v2\/pages"}],"about":[{"href":"https:\/\/www.cobdc.net\/seminaris\/wp-json\/wp\/v2\/types\/page"}],"author":[{"embeddable":true,"href":"https:\/\/www.cobdc.net\/seminaris\/wp-json\/wp\/v2\/users\/1"}],"replies":[{"embeddable":true,"href":"https:\/\/www.cobdc.net\/seminaris\/wp-json\/wp\/v2\/comments?post=134"}],"version-history":[{"count":1,"href":"https:\/\/www.cobdc.net\/seminaris\/wp-json\/wp\/v2\/pages\/134\/revisions"}],"predecessor-version":[{"id":136,"href":"https:\/\/www.cobdc.net\/seminaris\/wp-json\/wp\/v2\/pages\/134\/revisions\/136"}],"wp:attachment":[{"href":"https:\/\/www.cobdc.net\/seminaris\/wp-json\/wp\/v2\/media?parent=134"}],"curies":[{"name":"wp","href":"https:\/\/api.w.org\/{rel}","templated":true}]}}