{"id":131,"date":"2017-03-22T09:23:38","date_gmt":"2017-03-22T09:23:38","guid":{"rendered":"http:\/\/www.cobdc.net\/seminaris\/?page_id=131"},"modified":"2017-03-22T09:23:38","modified_gmt":"2017-03-22T09:23:38","slug":"lectura-lectora","status":"publish","type":"page","link":"https:\/\/www.cobdc.net\/seminaris\/lectura-lectora\/","title":{"rendered":"LECTURA-LECTORA"},"content":{"rendered":"<p><strong>UN BON PRODUCTE<\/strong><\/p>\n<p style=\"text-align: justify;\">Hem de saber identificar els millors prescriptors. Potser les mateixes persones que participen del club poden esdevenir prescriptors de properes edicions. Podem fer grups de cr\u00edtica i recomanaci\u00f3.<\/p>\n<p style=\"text-align: justify;\">Cal trobar complicitats entre tots els que treballem per la lectura, i con\u00e8ixer all\u00f2 que interessa m\u00e9s. I oferir-lo. Cal que el bibliotecari-conductor (xerpa) conegui profundament el producte de lectura.<\/p>\n<p style=\"text-align: justify;\">Hem de ser flexibles i hem de saber copiar-nos entre nosaltres. El llibre que funciona amb un grup pot ser que no funcioni amb un altre, per\u00f2 pot ser que s\u00ed. Arrisquem-nos!<\/p>\n<p><strong>TRIA i REMENA: POSEM-HO F\u00c0CIL: VARIETAT I ACC\u00c9S<\/strong><\/p>\n<p style=\"text-align: justify;\">Hem de gestionar els lots de llibres. Potser podem aprofitar alguns donatius per dinamitzar ambients lectors o altres formes d\u2019acc\u00e9s als llibres.<\/p>\n<p style=\"text-align: justify;\">La novetat pot servir per captar la gent, tot i que \u00e9s dif\u00edcil trobar-les.<\/p>\n<p style=\"text-align: justify;\">No sembla una bona opci\u00f3 fer pagar el pr\u00e9stec Interbibliotecari (PI).\u00a0 Pot ser convenient reflexionar sobre els mecanismes i volum del pr\u00e9stec (durada, volum\u2026).<\/p>\n<p><strong>LLEGIR PERQU\u00c8 S\u00cd<\/strong><\/p>\n<p style=\"text-align: justify;\">La lectura \u00e9s una activitat plaent. La nostra tasca \u00e9s fer-ho pal\u00e8s, hi ha altres \u00e0mbits formatius amb responsabilitat concreta: fam\u00edlies, escola&#8230;<\/p>\n<p style=\"text-align: justify;\">La nostra \u00e9s construir el gust i l\u2019entorn lector.<\/p>\n<p style=\"text-align: justify;\">Tenim a m\u00e0 un munt de recursos i materials. Podem fer reptes, podem llegir can\u00e7ons i poemes, podem xiuxiuejar, podem jugar.<\/p>\n<p><strong>PARAULES CLAU<\/strong><\/p>\n<p>Estimular la creativitat \/ Experimentar \/ Engrescar<\/p>\n","protected":false},"excerpt":{"rendered":"<p>UN BON PRODUCTE Hem de saber identificar els millors prescriptors. Potser les mateixes persones que participen del club poden esdevenir prescriptors de properes edicions. Podem fer grups de cr\u00edtica i [&hellip;]<\/p>\n","protected":false},"author":1,"featured_media":0,"parent":0,"menu_order":0,"comment_status":"closed","ping_status":"closed","template":"","meta":{"footnotes":""},"class_list":["post-131","page","type-page","status-publish","hentry"],"_links":{"self":[{"href":"https:\/\/www.cobdc.net\/seminaris\/wp-json\/wp\/v2\/pages\/131","targetHints":{"allow":["GET"]}}],"collection":[{"href":"https:\/\/www.cobdc.net\/seminaris\/wp-json\/wp\/v2\/pages"}],"about":[{"href":"https:\/\/www.cobdc.net\/seminaris\/wp-json\/wp\/v2\/types\/page"}],"author":[{"embeddable":true,"href":"https:\/\/www.cobdc.net\/seminaris\/wp-json\/wp\/v2\/users\/1"}],"replies":[{"embeddable":true,"href":"https:\/\/www.cobdc.net\/seminaris\/wp-json\/wp\/v2\/comments?post=131"}],"version-history":[{"count":1,"href":"https:\/\/www.cobdc.net\/seminaris\/wp-json\/wp\/v2\/pages\/131\/revisions"}],"predecessor-version":[{"id":133,"href":"https:\/\/www.cobdc.net\/seminaris\/wp-json\/wp\/v2\/pages\/131\/revisions\/133"}],"wp:attachment":[{"href":"https:\/\/www.cobdc.net\/seminaris\/wp-json\/wp\/v2\/media?parent=131"}],"curies":[{"name":"wp","href":"https:\/\/api.w.org\/{rel}","templated":true}]}}