{"id":123,"date":"2017-03-21T15:51:01","date_gmt":"2017-03-21T15:51:01","guid":{"rendered":"http:\/\/www.cobdc.net\/seminaris\/?page_id=123"},"modified":"2017-07-20T10:37:11","modified_gmt":"2017-07-20T10:37:11","slug":"qui-som","status":"publish","type":"page","link":"https:\/\/www.cobdc.net\/seminaris\/qui-som\/","title":{"rendered":"Qui som?"},"content":{"rendered":"<table style=\"width: 606.267px; height: 303px;\">\n<tbody>\n<tr style=\"border-color: #77b800; height: 1px;\">\n<td style=\"width: 150.533px; background-color: #ffffff; border-color: #77b800; height: 1px;\"><span style=\"font-size: 1pt;\">\u00a0<\/span><\/td>\n<td style=\"width: 454.733px; background-color: #ffffff; border-color: #77b800; height: 1px;\"><\/td>\n<\/tr>\n<tr style=\"border-color: #77b800; height: 148px;\">\n<td style=\"width: 150.533px; background-color: #ffffff; border-color: #77b800; height: 148px;\"><img loading=\"lazy\" decoding=\"async\" class=\"alignnone size-full wp-image-233\" src=\"http:\/\/www.cobdc.net\/seminaris\/wp-content\/uploads\/2017\/03\/Foto-Qui-Som-Carles-Gina-web.jpg\" alt=\"\" width=\"180\" height=\"180\" srcset=\"https:\/\/www.cobdc.net\/seminaris\/wp-content\/uploads\/2017\/03\/Foto-Qui-Som-Carles-Gina-web.jpg 180w, https:\/\/www.cobdc.net\/seminaris\/wp-content\/uploads\/2017\/03\/Foto-Qui-Som-Carles-Gina-web-150x150.jpg 150w, https:\/\/www.cobdc.net\/seminaris\/wp-content\/uploads\/2017\/03\/Foto-Qui-Som-Carles-Gina-web-88x88.jpg 88w\" sizes=\"auto, (max-width: 180px) 100vw, 180px\" \/><\/td>\n<td style=\"width: 454.733px; background-color: #ffffff; border-color: #77b800; height: 148px;\"><strong>CARLES ALCOY<\/strong><br \/>\nFil\u00f2leg, narrador i conductor de clubs de lectura, ajuda a definir qu\u00e8 era llegir. Llegim molt m\u00e9s que llibres, llegim tota l\u2019estona. <strong>GINA LEAL<\/strong><br \/>\nFil\u00f2loga i dinamitzadora lectora.<\/td>\n<\/tr>\n<tr style=\"height: 133px;\">\n<td style=\"width: 150.533px; border-color: #77b800; height: 133px; background-color: #ffffff;\"><img loading=\"lazy\" decoding=\"async\" class=\"alignnone size-full wp-image-235\" src=\"http:\/\/www.cobdc.net\/seminaris\/wp-content\/uploads\/2017\/04\/marca_cobdc_2_color.gif\" alt=\"\" width=\"180\" height=\"180\" \/><\/td>\n<td style=\"width: 454.733px; border-color: #77b800; height: 133px; background-color: #ffffff;\"><strong>COL\u00b7LEGI OFICIAL DE BIBLIOTECARIS-DOCUMENTALISTES DE CATALUNYA<\/strong><\/td>\n<\/tr>\n<\/tbody>\n<\/table>\n<p>&nbsp;<\/p>\n<p>&nbsp;<\/p>\n<p>&nbsp;<\/p>\n<p>&nbsp;<\/p>\n","protected":false},"excerpt":{"rendered":"<p>\u00a0 CARLES ALCOY Fil\u00f2leg, narrador i conductor de clubs de lectura, ajuda a definir qu\u00e8 era llegir. Llegim molt m\u00e9s que llibres, llegim tota l\u2019estona. GINA LEAL Fil\u00f2loga i dinamitzadora [&hellip;]<\/p>\n","protected":false},"author":1,"featured_media":0,"parent":0,"menu_order":0,"comment_status":"closed","ping_status":"closed","template":"","meta":{"footnotes":""},"class_list":["post-123","page","type-page","status-publish","hentry"],"_links":{"self":[{"href":"https:\/\/www.cobdc.net\/seminaris\/wp-json\/wp\/v2\/pages\/123","targetHints":{"allow":["GET"]}}],"collection":[{"href":"https:\/\/www.cobdc.net\/seminaris\/wp-json\/wp\/v2\/pages"}],"about":[{"href":"https:\/\/www.cobdc.net\/seminaris\/wp-json\/wp\/v2\/types\/page"}],"author":[{"embeddable":true,"href":"https:\/\/www.cobdc.net\/seminaris\/wp-json\/wp\/v2\/users\/1"}],"replies":[{"embeddable":true,"href":"https:\/\/www.cobdc.net\/seminaris\/wp-json\/wp\/v2\/comments?post=123"}],"version-history":[{"count":13,"href":"https:\/\/www.cobdc.net\/seminaris\/wp-json\/wp\/v2\/pages\/123\/revisions"}],"predecessor-version":[{"id":326,"href":"https:\/\/www.cobdc.net\/seminaris\/wp-json\/wp\/v2\/pages\/123\/revisions\/326"}],"wp:attachment":[{"href":"https:\/\/www.cobdc.net\/seminaris\/wp-json\/wp\/v2\/media?parent=123"}],"curies":[{"name":"wp","href":"https:\/\/api.w.org\/{rel}","templated":true}]}}