{"id":103,"date":"2017-03-20T16:59:09","date_gmt":"2017-03-20T16:59:09","guid":{"rendered":"http:\/\/www.cobdc.net\/seminaris\/?page_id=103"},"modified":"2022-09-12T12:40:58","modified_gmt":"2022-09-12T12:40:58","slug":"cooperadors","status":"publish","type":"page","link":"https:\/\/www.cobdc.net\/seminaris\/cooperadors\/","title":{"rendered":"Cooperadors"},"content":{"rendered":"<table style=\"width: 644.6px; height: 1250px;\">\n<tbody>\n<tr style=\"height: 52px;\">\n<td style=\"width: 476.6px; height: 52px; background-color: #ff9900; text-align: center;\" colspan=\"2\">\u00a0<span style=\"color: #ffffff;\"><strong>SI UN MAT\u00cd D\u2019ESTIU<\/strong><\/span><\/td>\n<\/tr>\n<tr style=\"height: 322px;\">\n<td style=\"width: 136px; height: 322px; border-color: #ff9900;\"><img loading=\"lazy\" decoding=\"async\" class=\"aligncenter wp-image-109 size-thumbnail\" src=\"http:\/\/www.cobdc.net\/seminaris\/wp-content\/uploads\/2017\/03\/joan-bustos-150x150.jpg\" alt=\"\" width=\"150\" height=\"150\" srcset=\"https:\/\/www.cobdc.net\/seminaris\/wp-content\/uploads\/2017\/03\/joan-bustos-150x150.jpg 150w, https:\/\/www.cobdc.net\/seminaris\/wp-content\/uploads\/2017\/03\/joan-bustos-88x88.jpg 88w, https:\/\/www.cobdc.net\/seminaris\/wp-content\/uploads\/2017\/03\/joan-bustos.jpg 200w\" sizes=\"auto, (max-width: 150px) 100vw, 150px\" \/><\/td>\n<td style=\"width: 340.6px; height: 322px; border-color: #ff9900; background-color: #ffffff;\">\n<p style=\"text-align: justify;\"><strong>Joan Bustos Prados<\/strong>, fil\u00f2leg, escriptor, docent i cr\u00edtic literari.<br \/>\nHa publicat una dotzena de llibres de text i ha col\u00b7laborat amb Cavall Fort amb contes infantils, i \u00e9s autor de dues novel\u00b7les per a nens i adolescents. Al desembre de 2015, amb l\u2019obra Paraules de J\u00falia, va guanyar el 35\u00e8 Premi Enric Valor de narrativa juvenil.<br \/>\nVa reflexionar sobre l\u2019adolesc\u00e8ncia, plantejant-nos si l\u2019adolesc\u00e8ncia existeix o no.<\/p>\n<p>Twitter: <a href=\"https:\/\/twitter.com\/bustos_joan\">twitter.com\/bustos_joan<\/a><br \/>\nBloc: <a href=\"http:\/\/joanbustossobrellibres.blogspot.com.es\/\">joanbustossobrellibres.blogspot.com.es\/<\/a><\/td>\n<\/tr>\n<tr style=\"height: 198px;\">\n<td style=\"width: 136px; height: 198px; background-color: #ffffff; border-color: #ff9900;\">\u00a0<img loading=\"lazy\" decoding=\"async\" class=\"aligncenter wp-image-108 size-thumbnail\" src=\"http:\/\/www.cobdc.net\/seminaris\/wp-content\/uploads\/2017\/03\/Monmas-150x150.jpg\" alt=\"\" width=\"150\" height=\"150\" srcset=\"https:\/\/www.cobdc.net\/seminaris\/wp-content\/uploads\/2017\/03\/Monmas-150x150.jpg 150w, https:\/\/www.cobdc.net\/seminaris\/wp-content\/uploads\/2017\/03\/Monmas-88x88.jpg 88w, https:\/\/www.cobdc.net\/seminaris\/wp-content\/uploads\/2017\/03\/Monmas.jpg 200w\" sizes=\"auto, (max-width: 150px) 100vw, 150px\" \/><\/td>\n<td style=\"width: 340.6px; height: 198px; background-color: #ffffff; border-color: #ff9900;\">\n<p style=\"text-align: justify;\"><strong>Mon Mas<\/strong>, narradora oral i conductora de clubs.<br \/>\nEns va trencar els esquemes, ens ha va fer jugar ajaguts a terra, ens va fer riure i xerrar. Ens va fer entendre que no hi ha l\u00edmits, que cadasc\u00fa t\u00e9 les seves eines, cal descobrir-les i utilitzar-les. Si s\u00f3n honestes, funcionaran.<\/p>\n<p>Twitter: <a href=\"https:\/\/twitter.com\/mondelamOn\">twitter.com\/mondelamOn<\/a><br \/>\nBloc: <a href=\"https:\/\/elmondelamon.wordpress.com\/\">elmondelamon.wordpress.com\/<\/a><\/td>\n<\/tr>\n<tr style=\"height: 179px;\">\n<td style=\"width: 136px; height: 179px; background-color: #ffffff; border-color: #ff9900;\"><img loading=\"lazy\" decoding=\"async\" class=\"aligncenter wp-image-110 size-thumbnail\" src=\"http:\/\/www.cobdc.net\/seminaris\/wp-content\/uploads\/2017\/03\/Immasoriano-150x150.jpeg\" alt=\"\" width=\"150\" height=\"150\" srcset=\"https:\/\/www.cobdc.net\/seminaris\/wp-content\/uploads\/2017\/03\/Immasoriano-150x150.jpeg 150w, https:\/\/www.cobdc.net\/seminaris\/wp-content\/uploads\/2017\/03\/Immasoriano-88x88.jpeg 88w, https:\/\/www.cobdc.net\/seminaris\/wp-content\/uploads\/2017\/03\/Immasoriano.jpeg 200w\" sizes=\"auto, (max-width: 150px) 100vw, 150px\" \/><\/td>\n<td style=\"width: 340.6px; height: 179px; background-color: #ffffff; border-color: #ff9900;\"><strong>Imma Pujol<\/strong>, bibliotec\u00e0ria a la Biblioteca P\u00fablica de Tarragona, conductora de clubs i mediadora cultural, membre del <a href=\"http:\/\/bibboto.blogspot.com.es\">GT Bib Bot\u00f3<\/a> del COBDC.<br \/>\nAmb ella vam aprendre des de la vocaci\u00f3, compartint amb nosaltres una maleta enorme de recursos fruit de tants encerts i ensopegades.Twitter: <a href=\"https:\/\/twitter.com\/pujol_imma?lang=ca\">twitter.com\/pujol_imma?lang=ca<\/a><\/td>\n<\/tr>\n<tr style=\"height: 52px;\">\n<td style=\"width: 136px; height: 52px; background-color: #ffffff;\"><\/td>\n<td style=\"width: 340.6px; height: 52px; background-color: #ffffff;\"><strong>Sara Moyano<\/strong>, cap de Projectes i editora de Barcanova.<br \/>\nEns va explicar els criteris que segueix l\u2019editorial a l\u2019hora de publicar una novel\u00b7la o una altra. Ha compartit amb nosaltres tot el cal v\u00e8ncer per arribar a convertir un original en un llibre editat.<\/td>\n<\/tr>\n<tr style=\"height: 52px;\">\n<td style=\"width: 476.6px; height: 52px; background-color: #33cccc; text-align: center;\" colspan=\"2\"><span style=\"color: #ffffff;\">\u00a0\u00a0<strong>LLEGIR I NO ENTENDRE<\/strong>\u00a0<\/span><\/td>\n<\/tr>\n<tr style=\"height: 52px;\">\n<td style=\"width: 136px; height: 52px; background-color: #ffffff; border-color: #33cccc;\"><\/td>\n<td style=\"width: 340.6px; height: 52px; background-color: #ffffff; border-color: #33cccc;\"><strong>Maria Gr\u00e0cia, <\/strong>mestra i bibliotec\u00e0ria de l\u2019escola Fluvi\u00e0 de Barcelona, adherida al programa Escola Nova 21.<\/td>\n<\/tr>\n<tr style=\"height: 52px;\">\n<td style=\"width: 136px; height: 52px; background-color: #ffffff; border-color: #33cccc;\"><\/td>\n<td style=\"width: 340.6px; height: 52px; background-color: #ffffff; border-color: #33cccc;\"><strong>Ant\u00f2nia Capdevila, <\/strong>Diplomada en Biblioteconomia i Documentaci\u00f3 per la Universitat de Barcelona i llicenciada en Documentaci\u00f3 per la UOC. Directora de la biblioteca p\u00fablica de Lleida des del 2010, t\u00e9 una amplia experi\u00e8ncia com a coordinadora de serveis de la biblioteca.<\/td>\n<\/tr>\n<tr style=\"height: 52px;\">\n<td style=\"width: 136px; height: 52px; background-color: #ffffff; border-color: #33cccc;\"><\/td>\n<td style=\"width: 340.6px; height: 52px; background-color: #ffffff; border-color: #33cccc;\">\u00a0 <strong>Xosse Nofre<\/strong>, responsable de l\u2019\u00e0rea infantil i juvenil de la biblioteca de Lleida.<\/td>\n<\/tr>\n<tr style=\"height: 52px;\">\n<td style=\"width: 476.6px; height: 52px; background-color: #800000; text-align: center;\" colspan=\"2\"><span style=\"color: #ffffff;\">\u00a0<strong>TRET D\u2019UN GOS, UN LLIBRE&#8230;<\/strong>\u00a0<\/span><\/td>\n<\/tr>\n<tr style=\"height: 39.9834px;\">\n<td style=\"width: 136px; height: 39.9834px; border-color: #800000; background-color: #ffffff;\">\u00a0<img loading=\"lazy\" decoding=\"async\" class=\"alignnone wp-image-176 size-thumbnail\" src=\"http:\/\/www.cobdc.net\/seminaris\/wp-content\/uploads\/2017\/03\/Dolors-Millat-web-150x150.png\" alt=\"\" width=\"150\" height=\"150\" srcset=\"https:\/\/www.cobdc.net\/seminaris\/wp-content\/uploads\/2017\/03\/Dolors-Millat-web-150x150.png 150w, https:\/\/www.cobdc.net\/seminaris\/wp-content\/uploads\/2017\/03\/Dolors-Millat-web-88x88.png 88w, https:\/\/www.cobdc.net\/seminaris\/wp-content\/uploads\/2017\/03\/Dolors-Millat-web-200x200.png 200w\" sizes=\"auto, (max-width: 150px) 100vw, 150px\" \/><\/td>\n<td style=\"width: 340.6px; height: 39.9834px; border-color: #800000; background-color: #ffffff;\"><strong>Dolors Millat<\/strong>, Escriptora i docent d\u2019escriptura, fundadora de l\u2019Escola d\u2019Escriptura de l\u2019Ateneu de Barcelona i de la Escola Alonso Quijano.<\/td>\n<\/tr>\n<tr style=\"height: 52px;\">\n<td style=\"width: 136px; height: 52px; border-color: #800000; background-color: #ffffff;\"><\/td>\n<td style=\"width: 340.6px; height: 52px; border-color: #800000; background-color: #ffffff;\"><strong>Esteve Guardiola, <\/strong>llibreter d\u2019ofici, antic treballador de la m\u00edtica llibreria Robafaves, co-propietari de la llibreria de Matar\u00f3, Buc de Llibres. Reconegut contacontes, ha guanyat el IV concurs de narraci\u00f3 oral 2014 que convoca la Fira del Conte de Mediny\u00e0.<\/td>\n<\/tr>\n<tr style=\"height: 52px;\">\n<td style=\"width: 136px; height: 52px; background-color: #8e258d; border-color: #8e258d;\"><strong>\u00a0<\/strong><\/td>\n<td style=\"width: 340.6px; height: 52px; background-color: #8e258d; border-color: #8e258d;\"><span style=\"color: #ffffff;\"><strong>\u00a0MIL FULLS<\/strong><\/span><\/td>\n<\/tr>\n<tr style=\"height: 52px;\">\n<td style=\"width: 136px; height: 52px; border-color: #8e258d; background-color: #ffffff;\"><\/td>\n<td style=\"width: 340.6px; height: 52px; border-color: #8e258d; background-color: #ffffff;\"><strong>Otger Cano<\/strong>, educador social, treballa des de fa quinze anys en l\u2019\u00e0mbit del lleure educatiu amb infants, joves i adolescents, en Casals Infantils i de Joves de Trinitat Vella , de Roquetes, Nou Barris, La Mina, St. Adri\u00e0 del Bes\u00f3s.<\/td>\n<\/tr>\n<tr style=\"height: 52px;\">\n<td style=\"width: 136px; height: 52px; border-color: #8e258d; background-color: #ffffff;\"><\/td>\n<td style=\"width: 340.6px; height: 52px; border-color: #8e258d; background-color: #ffffff;\"><strong>Dr. Francesc Domingo i Salvany <\/strong>Doctor en Medicina i Cirurgia per la Universitat Aut\u00f2noma de Barcelona. Pediatra al Centre d&#8217;Assist\u00e8ncia Prim\u00e0ria de Balaguer.<br \/>\nMembre fundador de l&#8217;Associaci\u00f3 Catalana per a la Inf\u00e0ncia Maltractada (ACIM). Professor associat de Cl\u00ednica Pedi\u00e0trica Extrahospital\u00e0ria a la Facultat de Medicina de la Universitat de Lleida. Membre fundador del GEIMA (Grup d&#8217;Estudi sobre la Inf\u00e0ncia Maltractada i Abandonada), grup de treball dins de la Societat Catalana de Pediatria, precursor de l&#8217;ACIM<\/td>\n<\/tr>\n<tr style=\"height: 52px;\">\n<td style=\"width: 136px; height: 52px; border-color: #8e258d; background-color: #ffffff;\"><\/td>\n<td style=\"width: 340.6px; height: 52px; border-color: #8e258d; background-color: #ffffff;\"><strong>Ferran Burguillos<\/strong><br \/>\nDirector de la xarxa de Biblioteques Municipals de Sabadell i cap de zona del Vall\u00e8s Occidental-Est per la Ger\u00e8ncia de Serveis de Biblioteques de la Diputaci\u00f3 de Barcelona.<br \/>\nDirig\u00ed la biblioteca i l&#8217;arxiu de l&#8217;Ateneu Barcelon\u00e8s (2006-2009) i ha treballat en projectes documentals i tecnol\u00f2gics en els \u00e0mbits del patrimoni, la comunicaci\u00f3 i les ci\u00e8ncies de la salut.<br \/>\nHa estat professor dels estudis d&#8217;Informaci\u00f3 i Documentaci\u00f3 a la Universitat de Barcelona (1998-2010), la Universitat de Vic (1999-2004) i la Universitat Oberta de Catalunya (2001-2002).<br \/>\nVa formar part de la junta de govern del COBDC (2006-2010) i des del 2015 coordina el Consell editorial de la revista \u00cdtem.<\/td>\n<\/tr>\n<\/tbody>\n<\/table>\n","protected":false},"excerpt":{"rendered":"<p>\u00a0SI UN MAT\u00cd D\u2019ESTIU Joan Bustos Prados, fil\u00f2leg, escriptor, docent i cr\u00edtic literari. Ha publicat una dotzena de llibres de text i ha col\u00b7laborat amb Cavall Fort amb contes infantils, [&hellip;]<\/p>\n","protected":false},"author":1,"featured_media":0,"parent":0,"menu_order":0,"comment_status":"closed","ping_status":"closed","template":"","meta":{"footnotes":""},"class_list":["post-103","page","type-page","status-publish","hentry"],"_links":{"self":[{"href":"https:\/\/www.cobdc.net\/seminaris\/wp-json\/wp\/v2\/pages\/103","targetHints":{"allow":["GET"]}}],"collection":[{"href":"https:\/\/www.cobdc.net\/seminaris\/wp-json\/wp\/v2\/pages"}],"about":[{"href":"https:\/\/www.cobdc.net\/seminaris\/wp-json\/wp\/v2\/types\/page"}],"author":[{"embeddable":true,"href":"https:\/\/www.cobdc.net\/seminaris\/wp-json\/wp\/v2\/users\/1"}],"replies":[{"embeddable":true,"href":"https:\/\/www.cobdc.net\/seminaris\/wp-json\/wp\/v2\/comments?post=103"}],"version-history":[{"count":17,"href":"https:\/\/www.cobdc.net\/seminaris\/wp-json\/wp\/v2\/pages\/103\/revisions"}],"predecessor-version":[{"id":374,"href":"https:\/\/www.cobdc.net\/seminaris\/wp-json\/wp\/v2\/pages\/103\/revisions\/374"}],"wp:attachment":[{"href":"https:\/\/www.cobdc.net\/seminaris\/wp-json\/wp\/v2\/media?parent=103"}],"curies":[{"name":"wp","href":"https:\/\/api.w.org\/{rel}","templated":true}]}}