{"id":95,"date":"2019-09-16T09:29:50","date_gmt":"2019-09-16T07:29:50","guid":{"rendered":"http:\/\/www.cobdc.net\/innovacio\/?page_id=95"},"modified":"2019-10-28T17:55:40","modified_gmt":"2019-10-28T16:55:40","slug":"programa","status":"publish","type":"page","link":"https:\/\/www.cobdc.net\/innovacio\/programa\/","title":{"rendered":"Programa"},"content":{"rendered":"\n<table style=\"height: 529px; width: 100%; border-collapse: collapse; border-color: #00997f; border-style: solid;\">\n<tbody>\n<tr style=\"height: 37px; border-color: #00997f; background-color: #bffff3;\">\n<td style=\"width: 25%; height: 37px;\"><strong>8.30 &#8211; 9.00<\/strong><\/td>\n<td style=\"width: 75%; height: 37px;\"><strong><span style=\"color: #00997f;\">Arribada i acreditaci\u00f3<\/span><\/strong><\/td>\n<\/tr>\n<tr style=\"height: 37px;\">\n<td style=\"width: 25%; height: 37px;\"><strong>9.00 &#8211; 9.15<\/strong><\/td>\n<td style=\"width: 75%; height: 37px;\">Benvinguda, a c\u00e0rrec de Marga Losantos, presidenta del COBDC<\/td>\n<\/tr>\n<tr style=\"height: 37px;\">\n<td style=\"width: 25%; height: 37px;\"><strong>9.15 &#8211; 10.00<\/strong><\/td>\n<td style=\"width: 75%; height: 37px;\"><em>Library<\/em> <em>of dreams. Helsinki Central Library\u2019s innovative and participatory way of working<\/em>, a c\u00e0rrec de Katri V\u00e4ntinnen, directora de la xarxa de biblioteques d\u2019Helsinki<\/td>\n<\/tr>\n<tr style=\"height: 37px;\">\n<td style=\"width: 25%; height: 37px;\"><strong>10.00 &#8211; 10.45<\/strong><\/td>\n<td style=\"width: 75%; height: 37px;\">Taula rodona<em>: El futur ja \u00e9s aqu\u00ed. Quina innovaci\u00f3 bibliotec\u00e0ria volem a Catalunya?<\/em> Participen Anna Br\u00f6ll, directora d\u2019Innovaci\u00f3 i Comunicaci\u00f3 del Consorci de Biblioteques de Barcelona; Ramon Ros, director de Biblioteques, Informaci\u00f3 i Documentaci\u00f3 del CSUC; i\u00a0 Josep Vives, cap del Servei de Biblioteques de la Generalitat de Catalunya. Modera Maite Comalat, professora de la UB<\/td>\n<\/tr>\n<tr style=\"height: 37px;\">\n<td style=\"width: 25%; height: 37px;\"><strong>10.45 &#8211; 11.30<\/strong><\/td>\n<td style=\"width: 75%; height: 37px;\"><em>Medell\u00edn y las bibliotecas: el relato de una transformaci\u00f3n en curso<\/em>, a c\u00e0rrec de Santi Villegas, consultor de transformaci\u00f3 digital i fundador de Medejean \u2013 Marketing Cultural<\/td>\n<\/tr>\n<tr style=\"height: 37px; border-style: none; background-color: #bffff3;\">\n<td style=\"width: 25%; height: 37px;\"><strong>11.30 &#8211; 12.00<\/strong><\/td>\n<td style=\"width: 75%; height: 37px;\"><strong><span style=\"color: #00997f;\">Pausa caf\u00e8 (vest\u00edbul auditori)<\/span><\/strong><\/td>\n<\/tr>\n<tr style=\"height: 37px;\">\n<td style=\"width: 25%; height: 37px;\"><strong>12.00 &#8211; 13.00<\/strong><\/td>\n<td style=\"width: 75%; height: 37px;\">Taula rodona<em>: El lab como espacio abierto de innovaci\u00f3n en instituciones culturales. <\/em>Participen Marcos Garc\u00eda, director art\u00edstic de MediaLab Prado; Juan Ins\u00faa, director del CCCBLab; i Arantza Mariskal, responsable d\u2019UBIK, biblioteca de creaci\u00f3 de Tabakalera. Modera Marta Cano, gerent de la XBM<\/td>\n<\/tr>\n<tr style=\"height: 37px;\">\n<td style=\"width: 25%; height: 37px;\"><strong>13.00 &#8211; 13.45<\/strong><\/td>\n<td style=\"width: 75%; height: 37px;\"><em>L&#8217;enginy (in)visible: tecnologia sense l\u00edmits ni escletxes de g\u00e8nere<\/em>, a c\u00e0rrec de N\u00faria Sal\u00e1n, professora i coordinadora del programa de g\u00e8nere de la UPC<\/td>\n<\/tr>\n<tr style=\"height: 37px; border-color: #00997f; background-color: #bffff3;\">\n<td style=\"width: 25%; height: 37px;\"><strong>13.45 &#8211; 15.30<\/strong><\/td>\n<td style=\"width: 75%; height: 37px;\"><strong><span style=\"color: #00997f;\">Dinar<\/span><\/strong><\/td>\n<\/tr>\n<tr style=\"height: 37px;\">\n<td style=\"width: 25%; height: 37px;\"><strong>15.30 &#8211; 16.15<\/strong><\/td>\n<td style=\"width: 75%; height: 37px;\"><em>L\u2019American Space Barcelona a la Biblioteca Ignasi Igl\u00e9sias-Can Fabra: l\u2019oportunitat de generar un canvi en el model de servei<\/em>, a c\u00e0rrec de Gemma Domingo, directora de la Biblioteca Ignasi Igl\u00e9sias \u2013 Can Fabra<\/td>\n<\/tr>\n<tr style=\"height: 37px;\">\n<td style=\"width: 25%; height: 37px;\"><strong>16.15 &#8211; 17.15<\/strong><\/td>\n<td style=\"width: 75%; height: 37px;\">Taula rodona:\u00a0<em>Experi\u00e8ncies innovadores al territori: el projecte BiblioLab de la XBM<\/em>, a c\u00e0rrec de Montse Lara, directora de la Biblioteca Municipal de Cervell\u00f3; Pau Solsona, responsable del BiblioLab de la Biblioteca Sagrada Fam\u00edlia \u2013 Josep M. Ainaud de Lasarte; i Esperan\u00e7a Pi\u00f1ero, responsable del projecte de Ci\u00e8ncia ciutadana de la Biblioteca Santa Oliva d\u2019Olesa de Montserrat. Modera Toni Espadas,\u00a0 director executiu de l\u2019Elearn Center de la UOC<\/td>\n<\/tr>\n<tr style=\"height: 85px;\">\n<td style=\"width: 25%; height: 85px;\"><strong>17.15 &#8211; 18.00<\/strong><\/td>\n<td style=\"width: 75%; height: 85px;\"><em>Eines per a la innovaci\u00f3. El manual de pensament de disseny per a biblioteques<\/em>, a c\u00e0rrec de Llu\u00eds Vicente, consultor d\u2019estrat\u00e8gia digital<\/td>\n<\/tr>\n<tr style=\"height: 37px; background-color: #;\">\n<td style=\"width: 25%; height: 37px;\"><strong>18.00<\/strong> \u00a0 \u00a0<\/td>\n<td style=\"width: 75%; height: 37px;\">Comiat, \u00e0 c\u00e0rrec de Patricia Russo, Vicepresidenta del COBDC<\/td>\n<\/tr>\n<\/tbody>\n<\/table>\n","protected":false},"excerpt":{"rendered":"","protected":false},"author":1,"featured_media":0,"parent":0,"menu_order":0,"comment_status":"closed","ping_status":"closed","template":"","meta":{"footnotes":""},"class_list":["post-95","page","type-page","status-publish","hentry"],"_links":{"self":[{"href":"https:\/\/www.cobdc.net\/innovacio\/wp-json\/wp\/v2\/pages\/95","targetHints":{"allow":["GET"]}}],"collection":[{"href":"https:\/\/www.cobdc.net\/innovacio\/wp-json\/wp\/v2\/pages"}],"about":[{"href":"https:\/\/www.cobdc.net\/innovacio\/wp-json\/wp\/v2\/types\/page"}],"author":[{"embeddable":true,"href":"https:\/\/www.cobdc.net\/innovacio\/wp-json\/wp\/v2\/users\/1"}],"replies":[{"embeddable":true,"href":"https:\/\/www.cobdc.net\/innovacio\/wp-json\/wp\/v2\/comments?post=95"}],"version-history":[{"count":50,"href":"https:\/\/www.cobdc.net\/innovacio\/wp-json\/wp\/v2\/pages\/95\/revisions"}],"predecessor-version":[{"id":205,"href":"https:\/\/www.cobdc.net\/innovacio\/wp-json\/wp\/v2\/pages\/95\/revisions\/205"}],"wp:attachment":[{"href":"https:\/\/www.cobdc.net\/innovacio\/wp-json\/wp\/v2\/media?parent=95"}],"curies":[{"name":"wp","href":"https:\/\/api.w.org\/{rel}","templated":true}]}}