{"id":59,"date":"2019-09-16T09:00:04","date_gmt":"2019-09-16T07:00:04","guid":{"rendered":"http:\/\/www.cobdc.net\/innovacio\/?page_id=59"},"modified":"2019-09-17T09:41:25","modified_gmt":"2019-09-17T07:41:25","slug":"presentacio","status":"publish","type":"page","link":"https:\/\/www.cobdc.net\/innovacio\/presentacio\/","title":{"rendered":"Presentaci\u00f3 de la Jornada Models d\u2019innovaci\u00f3 a biblioteques"},"content":{"rendered":"\n<p>Des de fa uns anys i arran de l\u2019aparici\u00f3 i la consolidaci\u00f3 d\u2019internet i les TIC; les biblioteques estan assistint a un proc\u00e9s accelerat de transformaci\u00f3 de molts dels valors i serveis que les han definides al llarg de la hist\u00f2ria. En l\u2019actualitat, existeix un consens en la idea que amb la voluntat de proveir de tot all\u00f2 que no pot proporcionar internet, la biblioteca p\u00fablica s\u2019ha de convertir en el <strong><font color=\"#00997f\">tercer espai <\/font> <\/strong>en el qual <strong><font color=\"#00997f\">aprendre, compartir experi\u00e8ncies, coneixements i recursos, relacionar-se i crear<\/font><\/strong>. Les biblioteques s\u2019estan reinventant i proporcionant acc\u00e9s a nous serveis i recursos m\u00e9s enll\u00e0 del llibre, orientats fonamentalment a l\u2019aprenentatge a trav\u00e9s de l\u2019augment de l\u2019efici\u00e8ncia, l\u2019efic\u00e0cia i la col\u00b7laboraci\u00f3. Podem concretar afirmant que les biblioteques, imbu\u00efdes per l\u2019esperit del concepte <em>smart city<\/em>, han d\u2019integrar aquests tres aspectes essencials:<\/p>\n\n\n\n<ul class=\"wp-block-list\"><li>La connexi\u00f3 entre les persones i el foment de les relacions entre els diferents actors de la comunitat per enfortir el capital hum\u00e0 de la mateixa.<\/li><li>La utilitzaci\u00f3 dels espais f\u00edsics i virtuals de les biblioteques per potenciar formes innovadores d\u2019aprenentatge i educaci\u00f3.<\/li><li>L\u2019\u00fas de diferents plataformes per fomentar la socialitzaci\u00f3 de les idees i els coneixements comunitaris.<\/li><\/ul>\n\n\n\n<p><strong><span style=\"color: #00997f;\">Aprenentatge<\/span><\/strong>&nbsp;\u00e9s un concepte clau aix\u00ed com tamb\u00e9 les conegudes com 4 \u201cC\u201ds de la biblioteca del futur:&nbsp;<strong><span style=\"color: #00997f;\">connexi\u00f3<\/span><\/strong>,&nbsp;<strong><span style=\"color: #00997f;\">comunitat<\/span><\/strong>,&nbsp;<strong><span style=\"color: #00997f;\">coneixement<\/span><\/strong>&nbsp;i&nbsp;<strong><span style=\"color: #00997f;\">creaci\u00f3<\/span><\/strong>.<\/p>\n\n\n\n<p>Les biblioteques del futur, sense renunciar al seu estret vincle amb el m\u00f3n cultural tradicional, han d\u2019incloure la innovaci\u00f3, l\u2019experimentaci\u00f3, la tecnologia, la ci\u00e8ncia i la creativitat en el seu pla estrat\u00e8gic. No existeix un \u00fanic model d\u2019innovaci\u00f3 en biblioteques, per\u00f2 tots tenen en com\u00fa la inclusi\u00f3 de la ci\u00e8ncia i la tecnologia en el seu cat\u00e0leg de serveis.<\/p>\n\n\n\n<p>Ens trobem en un moment de <strong><font color=\"#00997f\">punt d\u2019inflexi\u00f3 del model de biblioteca<\/font><\/strong> a nivell mundial i tamb\u00e9 a casa nostra. Per a qu\u00e8 aquest proc\u00e9s de reconversi\u00f3 sigui un \u00e9xit \u00e9s important que <strong><font color=\"#00997f\">els professionals del sector integrin aquesta necessitat d\u2019innovaci\u00f3<\/font><\/strong> en una instituci\u00f3 cultural de llarga tradici\u00f3 i amb una organitzaci\u00f3 i processos molt sistematitzats; tinguin una <strong><font color=\"#00997f\">actitud positiva<\/font><\/strong> vers el canvi; visualitzin quin \u00e9s el possible futur de la seva biblioteca; i comptin amb <strong><font color=\"#00997f\">eines i recursos per encarar el proc\u00e9s d&#8217;innovaci\u00f3<\/font><\/strong> de les biblioteques que lideren i en les quals treballen. Tot aix\u00f2 sols \u00e9s possible assumint la necessitat de la innovaci\u00f3, clarificant els conceptes i el diferents models de futur i coneixent tant exemples de casos d\u2019\u00e8xit com l&#8217;experi\u00e8ncia pr\u00e0ctica dels professionals que els han impulsat i liderat. <\/p>\n\n\n\n<p>La Jornada Models d\u2019innovaci\u00f3 a biblioteques vol incentivar l\u2019aplicaci\u00f3 de la innovaci\u00f3 a les biblioteques catalanes i proveir els professionals amb eines, recursos, idees i experi\u00e8ncies de models i projectes d\u2019innovaci\u00f3 cara al seu potencial trasllat o adaptaci\u00f3 als seus centres de treball.<\/p>\n","protected":false},"excerpt":{"rendered":"<p>Des de fa uns anys i arran de l\u2019aparici\u00f3 i la consolidaci\u00f3 d\u2019internet i les TIC; les biblioteques estan assistint a un proc\u00e9s accelerat de transformaci\u00f3 de molts dels valors i serveis que les han definides al llarg de la &hellip; <a href=\"https:\/\/www.cobdc.net\/innovacio\/presentacio\/\">Continua llegint <span class=\"meta-nav\">&rarr;<\/span><\/a><\/p>\n","protected":false},"author":1,"featured_media":0,"parent":0,"menu_order":0,"comment_status":"closed","ping_status":"closed","template":"","meta":{"footnotes":""},"class_list":["post-59","page","type-page","status-publish","hentry"],"_links":{"self":[{"href":"https:\/\/www.cobdc.net\/innovacio\/wp-json\/wp\/v2\/pages\/59","targetHints":{"allow":["GET"]}}],"collection":[{"href":"https:\/\/www.cobdc.net\/innovacio\/wp-json\/wp\/v2\/pages"}],"about":[{"href":"https:\/\/www.cobdc.net\/innovacio\/wp-json\/wp\/v2\/types\/page"}],"author":[{"embeddable":true,"href":"https:\/\/www.cobdc.net\/innovacio\/wp-json\/wp\/v2\/users\/1"}],"replies":[{"embeddable":true,"href":"https:\/\/www.cobdc.net\/innovacio\/wp-json\/wp\/v2\/comments?post=59"}],"version-history":[{"count":10,"href":"https:\/\/www.cobdc.net\/innovacio\/wp-json\/wp\/v2\/pages\/59\/revisions"}],"predecessor-version":[{"id":159,"href":"https:\/\/www.cobdc.net\/innovacio\/wp-json\/wp\/v2\/pages\/59\/revisions\/159"}],"wp:attachment":[{"href":"https:\/\/www.cobdc.net\/innovacio\/wp-json\/wp\/v2\/media?parent=59"}],"curies":[{"name":"wp","href":"https:\/\/api.w.org\/{rel}","templated":true}]}}