{"id":4633,"date":"2022-10-23T17:52:20","date_gmt":"2022-10-23T17:52:20","guid":{"rendered":"https:\/\/www.cobdc.net\/gtbescolars\/?page_id=4633"},"modified":"2023-02-24T15:32:30","modified_gmt":"2023-02-24T15:32:30","slug":"bones-practiques","status":"publish","type":"page","link":"https:\/\/www.cobdc.net\/gtbescolars\/bones-practiques\/","title":{"rendered":"Bones pr\u00e0ctiques"},"content":{"rendered":"<div class=\"wpb-content-wrapper\">[vc_row bg_type=&#8221;image&#8221; parallax_style=&#8221;vcpb-default&#8221; bg_image_new=&#8221;id^4634|url^http:\/\/www.cobdc.net\/gtbescolars\/wp-content\/uploads\/2022\/10\/Bones-practiques-capcalera.jpg|caption^Bones pr\u00e0ctiques cap\u00e7alera|alt^Bones pr\u00e0ctiques cap\u00e7alera|title^Bones pr\u00e0ctiques cap\u00e7alera|description^Bones pr\u00e0ctiques cap\u00e7alera&#8221; bg_image_repeat=&#8221;no-repeat&#8221; bg_image_posiiton=&#8221;bottom top&#8221; enable_overlay=&#8221;enable_overlay_value&#8221; overlay_color=&#8221;rgba(10,10,10,0.7)&#8221; overlay_pattern=&#8221;transperant&#8221; css=&#8221;.vc_custom_1666547144974{margin-bottom: 0px !important;}&#8221; el_class=&#8221;mobile-pad&#8221;][vc_column css=&#8221;.vc_custom_1457639811633{padding-right: 0px !important;padding-left: 0px !important;}&#8221;]<div class=\"ult-spacer spacer-69f5b2c55dcae\" data-id=\"69f5b2c55dcae\" data-height=\"70\" data-height-mobile=\"30\" data-height-tab=\"50\" data-height-tab-portrait=\"50\" data-height-mobile-landscape=\"30\" style=\"clear:both;display:block;\"><\/div><div id=\"ultimate-heading-822669f5b2c55dce6\" class=\"uvc-heading ult-adjust-bottom-margin ultimate-heading-822669f5b2c55dce6 uvc-4477 \" data-hspacer=\"no_spacer\"  data-halign=\"center\" style=\"text-align:center\"><div class=\"uvc-heading-spacer no_spacer\" style=\"top\"><\/div><div class=\"uvc-main-heading ult-responsive\"  data-ultimate-target='.uvc-heading.ultimate-heading-822669f5b2c55dce6 h2'  data-responsive-json-new='{\"font-size\":\"desktop:55px;\",\"line-height\":\"desktop:65px;\"}' ><h2 style=\"font-weight:bold;color:#ffffff;\">Bones pr\u00e0ctiques<\/h2><\/div><div class=\"uvc-sub-heading ult-responsive\"  data-ultimate-target='.uvc-heading.ultimate-heading-822669f5b2c55dce6 .uvc-sub-heading '  data-responsive-json-new='{\"font-size\":\"desktop:18px;\",\"line-height\":\"\"}'  style=\"font-weight:normal;color:#ffffff;margin-top:12px;\">Necessites inspiraci\u00f3 per la teva biblioteca?<\/div><\/div><div class=\"ult-spacer spacer-69f5b2c55dd0c\" data-id=\"69f5b2c55dd0c\" data-height=\"70\" data-height-mobile=\"30\" data-height-tab=\"50\" data-height-tab-portrait=\"50\" data-height-mobile-landscape=\"30\" style=\"clear:both;display:block;\"><\/div>[\/vc_column][\/vc_row][vc_row][vc_column]<div class=\"ult-spacer spacer-69f5b2c55dd17\" data-id=\"69f5b2c55dd17\" data-height=\"70\" data-height-mobile=\"30\" data-height-tab=\"50\" data-height-tab-portrait=\"50\" data-height-mobile-landscape=\"30\" style=\"clear:both;display:block;\"><\/div>[\/vc_column][\/vc_row][vc_row acw=&#8221;0&#8243; bg_type=&#8221;image&#8221; parallax_style=&#8221;vcpb-default&#8221; bg_image_new=&#8221;id^4635|url^http:\/\/www.cobdc.net\/gtbescolars\/wp-content\/uploads\/2022\/10\/post-its-imatge-.jpg|caption^post its imatge|alt^post its imatge|title^post its imatge|description^post its imatge&#8221; bg_image_repeat=&#8221;no-repeat&#8221; css=&#8221;.vc_custom_1666547528086{margin-bottom: 0px !important;}&#8221;][vc_column width=&#8221;1\/2&#8243;][\/vc_column][vc_column width=&#8221;1\/2&#8243; css=&#8221;.vc_custom_1456464781538{background-color: rgba(255,255,255,0.95) !important;*background-color: rgb(255,255,255) !important;}&#8221;]<div class=\"ult-spacer spacer-69f5b2c55dd21\" data-id=\"69f5b2c55dd21\" data-height=\"30\" data-height-mobile=\"0\" data-height-tab=\"10\" data-height-tab-portrait=\"10\" data-height-mobile-landscape=\"0\" style=\"clear:both;display:block;\"><\/div>[vc_row_inner el_class=&#8221;welcome-max&#8221; css=&#8221;.vc_custom_1457549157769{margin: 0px !important;padding: 0px !important;}&#8221;][vc_column_inner][vc_column_text css_animation=&#8221;right-to-left&#8221; css=&#8221;.vc_custom_1666547383648{margin-top: 20px !important;}&#8221;]\n<h4 class=\"color-text\" style=\"margin-top: 0px; margin-bottom: 20px;\"><span style=\"color: #2a9675;\">Qu\u00e8 s\u00f3n les bones pr\u00e0ctiques?<\/span><br \/>\n<span style=\"color: #2a9675;\">Per qu\u00e8 s\u00f3n importants?<\/span><\/h4>\n<h5 style=\"text-align: justify;\">Bones pr\u00e0ctiques<\/h5>\n<p style=\"text-align: justify;\">Les bones pr\u00e0ctiques s\u00f3n aquelles que \u201chan demostrat que funcionen b\u00e9 i produeixen bons resultats i per tant, es recomanen com a model. Es tracta d\u2019una experi\u00e8ncia reeixida que ha estat provada i validada, en un sentit ampli, i que s\u2019ha repetit i mereix ser compartida amb la finalitat de ser adoptada pel major nombre possible de persones\u201d (Kolshus, Loumbeva, Matras, Salokhe, &amp; Treinen, 2013).<\/p>\n<p>En aquesta secci\u00f3 de la web est\u00e0 dedicada a les experi\u00e8ncies i projectes en biblioteques escolars que s\u00f3n bones pr\u00e0ctiques i d\u2019inter\u00e8s per tothom.<\/p>\n<ul style=\"text-align: justify;\">\n<li>Al web <a href=\"https:\/\/projectes.xtec.cat\/bescat\/segellbonespractiques\/\">Xarxa de Biblioteques Escolars de Catalunya<\/a> trobareu una secci\u00f3 \u201cBones pr\u00e0ctiques\u201d<\/li>\n<li><a href=\"https:\/\/padlet.com\/a8888029\/8mtmdnnmk00u7yp9\">Aqu\u00ed<\/a> trobareu un recull Padlet amb experi\u00e8ncies en temps Covid<\/li>\n<\/ul>\n[\/vc_column_text][\/vc_column_inner][\/vc_row_inner]<div class=\"ult-spacer spacer-69f5b2c55dd2a\" data-id=\"69f5b2c55dd2a\" data-height=\"70\" data-height-mobile=\"30\" data-height-tab=\"50\" data-height-tab-portrait=\"50\" data-height-mobile-landscape=\"30\" style=\"clear:both;display:block;\"><\/div>[\/vc_column][\/vc_row][vc_row][vc_column][vc_column_text]\n<p>&nbsp;<\/p>\n<p><strong>Qu\u00e8 \u00e9s una biblioteca escolar?<\/strong><\/p>\n<div style=\"width: 640px;\" class=\"wp-video\"><video class=\"wp-video-shortcode\" id=\"video-4633-1\" width=\"640\" height=\"360\" preload=\"metadata\" controls=\"controls\"><source type=\"video\/mp4\" src=\"http:\/\/www.cobdc.net\/gtbescolars\/wp-content\/uploads\/2023\/02\/Cap-01-Que-es-una-biblioteca-1.mp4?_=1\" \/><a href=\"http:\/\/www.cobdc.net\/gtbescolars\/wp-content\/uploads\/2023\/02\/Cap-01-Que-es-una-biblioteca-1.mp4\">http:\/\/www.cobdc.net\/gtbescolars\/wp-content\/uploads\/2023\/02\/Cap-01-Que-es-una-biblioteca-1.mp4<\/a><\/video><\/div>\n<p>&nbsp;<\/p>\n<p><strong>Qu\u00e8 \u00e9s una biblioteca escolars pels estudiants?<\/strong><\/p>\n<div style=\"width: 640px;\" class=\"wp-video\"><video class=\"wp-video-shortcode\" id=\"video-4633-2\" width=\"640\" height=\"360\" preload=\"metadata\" controls=\"controls\"><source type=\"video\/mp4\" src=\"http:\/\/www.cobdc.net\/gtbescolars\/wp-content\/uploads\/2023\/02\/Cap-02-Que-es-una-biblioteca-per-als-estudiants-1.mp4?_=2\" \/><a href=\"http:\/\/www.cobdc.net\/gtbescolars\/wp-content\/uploads\/2023\/02\/Cap-02-Que-es-una-biblioteca-per-als-estudiants-1.mp4\">http:\/\/www.cobdc.net\/gtbescolars\/wp-content\/uploads\/2023\/02\/Cap-02-Que-es-una-biblioteca-per-als-estudiants-1.mp4<\/a><\/video><\/div>\n<p>&nbsp;<\/p>\n<p><strong>Qu\u00e8 \u00e9s un bibliotecari escolar?<\/strong><\/p>\n<div style=\"width: 640px;\" class=\"wp-video\"><video class=\"wp-video-shortcode\" id=\"video-4633-3\" width=\"640\" height=\"360\" preload=\"metadata\" controls=\"controls\"><source type=\"video\/mp4\" src=\"http:\/\/www.cobdc.net\/gtbescolars\/wp-content\/uploads\/2023\/02\/Cap-03-Que-es-un-bibliotecari-1.mp4?_=3\" \/><a href=\"http:\/\/www.cobdc.net\/gtbescolars\/wp-content\/uploads\/2023\/02\/Cap-03-Que-es-un-bibliotecari-1.mp4\">http:\/\/www.cobdc.net\/gtbescolars\/wp-content\/uploads\/2023\/02\/Cap-03-Que-es-un-bibliotecari-1.mp4<\/a><\/video><\/div>\n<p>&nbsp;<\/p>\n<p><strong>Per qu\u00e8 \u00e9s important la biblioteca escolar?<\/strong><\/p>\n<div style=\"width: 640px;\" class=\"wp-video\"><video class=\"wp-video-shortcode\" id=\"video-4633-4\" width=\"640\" height=\"360\" preload=\"metadata\" controls=\"controls\"><source type=\"video\/mp4\" src=\"http:\/\/www.cobdc.net\/gtbescolars\/wp-content\/uploads\/2023\/02\/Cap-04-Per-que-es-important-la-biblioteca-escolar-1.mp4?_=4\" \/><a href=\"http:\/\/www.cobdc.net\/gtbescolars\/wp-content\/uploads\/2023\/02\/Cap-04-Per-que-es-important-la-biblioteca-escolar-1.mp4\">http:\/\/www.cobdc.net\/gtbescolars\/wp-content\/uploads\/2023\/02\/Cap-04-Per-que-es-important-la-biblioteca-escolar-1.mp4<\/a><\/video><\/div>\n[\/vc_column_text][\/vc_column][\/vc_row]\n<\/div>","protected":false},"excerpt":{"rendered":"<p>[vc_row bg_type=&#8221;image&#8221; parallax_style=&#8221;vcpb-default&#8221; bg_image_new=&#8221;id^4634|url^http:\/\/www.cobdc.net\/gtbescolars\/wp-content\/uploads\/2022\/10\/Bones-practiques-capcalera.jpg|caption^Bones pr\u00e0ctiques cap\u00e7alera|alt^Bones pr\u00e0ctiques cap\u00e7alera|title^Bones pr\u00e0ctiques cap\u00e7alera|description^Bones pr\u00e0ctiques cap\u00e7alera&#8221; bg_image_repeat=&#8221;no-repeat&#8221; bg_image_posiiton=&#8221;bottom top&#8221; enable_overlay=&#8221;enable_overlay_value&#8221; overlay_color=&#8221;rgba(10,10,10,0.7)&#8221; overlay_pattern=&#8221;transperant&#8221; css=&#8221;.vc_custom_1666547144974{margin-bottom: 0px !important;}&#8221; el_class=&#8221;mobile-pad&#8221;][vc_column css=&#8221;.vc_custom_1457639811633{padding-right: 0px !important;padding-left: 0px !important;}&#8221;][\/vc_column][\/vc_row][vc_row][vc_column][\/vc_column][\/vc_row][vc_row acw=&#8221;0&#8243; bg_type=&#8221;image&#8221; parallax_style=&#8221;vcpb-default&#8221; [&hellip;]<\/p>\n","protected":false},"author":2,"featured_media":0,"parent":0,"menu_order":0,"comment_status":"closed","ping_status":"closed","template":"","meta":{"nf_dc_page":"","footnotes":""},"class_list":["post-4633","page","type-page","status-publish","hentry"],"jetpack_sharing_enabled":true,"_links":{"self":[{"href":"https:\/\/www.cobdc.net\/gtbescolars\/wp-json\/wp\/v2\/pages\/4633","targetHints":{"allow":["GET"]}}],"collection":[{"href":"https:\/\/www.cobdc.net\/gtbescolars\/wp-json\/wp\/v2\/pages"}],"about":[{"href":"https:\/\/www.cobdc.net\/gtbescolars\/wp-json\/wp\/v2\/types\/page"}],"author":[{"embeddable":true,"href":"https:\/\/www.cobdc.net\/gtbescolars\/wp-json\/wp\/v2\/users\/2"}],"replies":[{"embeddable":true,"href":"https:\/\/www.cobdc.net\/gtbescolars\/wp-json\/wp\/v2\/comments?post=4633"}],"version-history":[{"count":4,"href":"https:\/\/www.cobdc.net\/gtbescolars\/wp-json\/wp\/v2\/pages\/4633\/revisions"}],"predecessor-version":[{"id":4728,"href":"https:\/\/www.cobdc.net\/gtbescolars\/wp-json\/wp\/v2\/pages\/4633\/revisions\/4728"}],"wp:attachment":[{"href":"https:\/\/www.cobdc.net\/gtbescolars\/wp-json\/wp\/v2\/media?parent=4633"}],"curies":[{"name":"wp","href":"https:\/\/api.w.org\/{rel}","templated":true}]}}