{"id":4563,"date":"2022-10-22T07:29:19","date_gmt":"2022-10-22T07:29:19","guid":{"rendered":"https:\/\/www.cobdc.net\/gtbescolars\/?page_id=4563"},"modified":"2022-10-24T08:15:03","modified_gmt":"2022-10-24T08:15:03","slug":"avaluacio-i-difusio","status":"publish","type":"page","link":"https:\/\/www.cobdc.net\/gtbescolars\/avaluacio-i-difusio\/","title":{"rendered":"Avaluaci\u00f3 i difusi\u00f3"},"content":{"rendered":"<div class=\"wpb-content-wrapper\">[vc_row bg_type=&#8221;image&#8221; parallax_style=&#8221;vcpb-default&#8221; bg_image_new=&#8221;id^4564|url^http:\/\/www.cobdc.net\/gtbescolars\/wp-content\/uploads\/2022\/10\/Megafon-capcalera.jpg|caption^Megafon-capcalera|alt^Megafon-capcalera|title^Megafon cap\u00e7alera|description^Megafon-capcalera&#8221; bg_image_repeat=&#8221;no-repeat&#8221; bg_image_posiiton=&#8221;bottom top&#8221; enable_overlay=&#8221;enable_overlay_value&#8221; overlay_color=&#8221;rgba(10,10,10,0.7)&#8221; overlay_pattern=&#8221;transperant&#8221; css=&#8221;.vc_custom_1666423481237{margin-bottom: 0px !important;}&#8221; el_class=&#8221;mobile-pad&#8221;][vc_column css=&#8221;.vc_custom_1457639811633{padding-right: 0px !important;padding-left: 0px !important;}&#8221;]<div class=\"ult-spacer spacer-69f5b2c5e9f45\" data-id=\"69f5b2c5e9f45\" data-height=\"70\" data-height-mobile=\"30\" data-height-tab=\"50\" data-height-tab-portrait=\"50\" data-height-mobile-landscape=\"30\" style=\"clear:both;display:block;\"><\/div><div id=\"ultimate-heading-710969f5b2c5e9f7e\" class=\"uvc-heading ult-adjust-bottom-margin ultimate-heading-710969f5b2c5e9f7e uvc-3497 \" data-hspacer=\"no_spacer\"  data-halign=\"center\" style=\"text-align:center\"><div class=\"uvc-heading-spacer no_spacer\" style=\"top\"><\/div><div class=\"uvc-main-heading ult-responsive\"  data-ultimate-target='.uvc-heading.ultimate-heading-710969f5b2c5e9f7e h2'  data-responsive-json-new='{\"font-size\":\"desktop:55px;\",\"line-height\":\"desktop:65px;\"}' ><h2 style=\"font-weight:bold;color:#ffffff;\">Avaluaci\u00f3 i difusi\u00f3<\/h2><\/div><div class=\"uvc-sub-heading ult-responsive\"  data-ultimate-target='.uvc-heading.ultimate-heading-710969f5b2c5e9f7e .uvc-sub-heading '  data-responsive-json-new='{\"font-size\":\"desktop:18px;\",\"line-height\":\"\"}'  style=\"font-weight:normal;color:#ffffff;margin-top:12px;\">Qu\u00e8 hem de fer un cop tinguem la biblioteca escolar en funcionament?<\/div><\/div><div class=\"ult-spacer spacer-69f5b2c5e9f9d\" data-id=\"69f5b2c5e9f9d\" data-height=\"70\" data-height-mobile=\"30\" data-height-tab=\"50\" data-height-tab-portrait=\"50\" data-height-mobile-landscape=\"30\" style=\"clear:both;display:block;\"><\/div>[\/vc_column][\/vc_row][vc_row][vc_column]<div class=\"ult-spacer spacer-69f5b2c5e9fa8\" data-id=\"69f5b2c5e9fa8\" data-height=\"70\" data-height-mobile=\"30\" data-height-tab=\"50\" data-height-tab-portrait=\"50\" data-height-mobile-landscape=\"30\" style=\"clear:both;display:block;\"><\/div>[\/vc_column][\/vc_row][vc_row acw=&#8221;0&#8243; bg_type=&#8221;image&#8221; parallax_style=&#8221;vcpb-default&#8221; bg_image_new=&#8221;id^4565|url^http:\/\/www.cobdc.net\/gtbescolars\/wp-content\/uploads\/2022\/10\/Avaluacio-imatge-.jpg|caption^Ckeck list|alt^Ckeck list|title^Ckeck list|description^Ckeck list&#8221; bg_image_repeat=&#8221;no-repeat&#8221; css=&#8221;.vc_custom_1666423755425{margin-bottom: 0px !important;}&#8221;][vc_column width=&#8221;1\/2&#8243;][\/vc_column][vc_column width=&#8221;1\/2&#8243; css=&#8221;.vc_custom_1456464781538{background-color: rgba(255,255,255,0.95) !important;*background-color: rgb(255,255,255) !important;}&#8221;]<div class=\"ult-spacer spacer-69f5b2c5e9fb1\" data-id=\"69f5b2c5e9fb1\" data-height=\"30\" data-height-mobile=\"0\" data-height-tab=\"10\" data-height-tab-portrait=\"10\" data-height-mobile-landscape=\"0\" style=\"clear:both;display:block;\"><\/div>[vc_row_inner el_class=&#8221;welcome-max&#8221; css=&#8221;.vc_custom_1457549157769{margin: 0px !important;padding: 0px !important;}&#8221;][vc_column_inner][vc_column_text css_animation=&#8221;right-to-left&#8221; css=&#8221;.vc_custom_1666599300041{margin-top: 20px !important;}&#8221;]\n<h4 class=\"color-text\" style=\"margin-top: 0px; margin-bottom: 20px;\"><span style=\"color: #2a9675;\">Qu\u00e8 \u00e9s avaluar i fer difusi\u00f3?<\/span><br \/>\n<span style=\"color: #2a9675;\">Per qu\u00e8 s\u00f3n necessaris?<\/span><\/h4>\n<h5 style=\"text-align: justify;\">Avaluaci\u00f3<\/h5>\n<p style=\"text-align: justify;\">Per oferir un bon servei a la comunitat educativa i introduir noves millores, peri\u00f2dicament, ser\u00e0 necessari reflexionar i avaluar sobre el paper i el funcionament de la biblioteca escolar.<br \/>\nAquestes eines o m\u00e8todes d&#8217;avaluaci\u00f3 s\u00f3n exemples \u00fatils per realitzar una bona diagnosi, a partir de la qual dissenyar un conjunt de propostes de millora.<\/p>\n<ul style=\"text-align: justify;\">\n<li>A les <a href=\"https:\/\/www.ifla.org\/wp-content\/uploads\/2019\/05\/assets\/school-libraries-resource-centers\/publications\/ifla-school-library-guidelines-ca.pdf\">Directrius IFLA per a la biblioteca escolar (2a edici\u00f3 revisada)<\/a>, trobareu als ap\u00e8ndixs D i E (pp. 91-99), dos q\u00fcestionaris diferents per autoavaluar la vostra biblioteca escolar.<\/li>\n<li>Si voleu fer una avaluaci\u00f3 m\u00e9s profunda,\u00a0<a href=\"https:\/\/sede.educacion.gob.es\/publiventa\/biblioteques-escolars-entre-interrogants-eina-d-autoavaluacio-preguntes-i-indicadors-per-millorar-la-biblioteca\/educacion-bibliotecas\/15133\">Biblioteques escolars entre interrogants?<\/a>, \u00e9s una altra eina d\u2019autoavaluaci\u00f3, que ajuda a observar els propis processos i entrar en el context particular de cada escola, analitzar els buits, entreveure les resist\u00e8ncies internes i imaginar les possibilitats de millora.<\/li>\n<li>Una menci\u00f3 a part requereix el <a href=\"http:\/\/xtec.gencat.cat\/ca\/projectes\/lectura\/pladelectura\/estructura-dun-pla-de-lectura-de-centre\">Pla de lectura de centre (PLEC)<\/a>. Des del GT de biblioteques escolars aconsellem tenir un PLEC redactat, actiu i en cercle d&#8217;avaluaci\u00f3 continuada. Com b\u00e9 indica el seu nom, el PLEC, no \u00e9s una mem\u00f2ria de les activitats que fa la biblioteca o el centre. \u00c9s una <strong>planificaci\u00f3<\/strong> curosa que analitza el nivell de compet\u00e8ncia lectora de l&#8217;alumnat, la situaci\u00f3 actual del centre envers aquesta, recull objectius, metodologies i estrat\u00e8gies per assegurar l\u2019assoliment de les compet\u00e8ncies b\u00e0siques dels alumnes, etc. Al PLEC la lectura i la biblioteca escolar tenen una import\u00e0ncia cabdal. Aquesta planificaci\u00f3 s&#8217;ha de revisar i actualitzar sovint per adaptar-se en tot moment a les necessitats actuals del centre educatiu.<\/li>\n<\/ul>\n<h5 style=\"text-align: justify;\">Difusi\u00f3 i dinamitzaci\u00f3<\/h5>\n<p style=\"text-align: justify;\">La difusi\u00f3 i la dinamitzaci\u00f3 s\u00f3n aspectes molt importants en una biblioteca escolar. S&#8217;ha de donar a con\u00e8ixer als usuaris: la biblioteca, els serveis i els recursos que ofereix, promoure la lectura i l\u2019acc\u00e9s a la informaci\u00f3 i donar suport al curr\u00edculum. Si no arribem a comunicar de forma efectiva all\u00f2 que s&#8217;est\u00e0 fent a la biblioteca, correm el risc de perdre usuaris, suports o finan\u00e7ament. Per aix\u00f2 programar activitats de dinamitzaci\u00f3 i fer el m\u00e0xim de dinamitzaci\u00f3 possible s\u00f3n aspectes molt importants que no podem obviar.<\/p>\n<p style=\"text-align: justify;\">Alguns exemples de dinamitzaci\u00f3:<\/p>\n<ul>\n<li style=\"text-align: justify;\"><a href=\"https:\/\/projectes.xtec.cat\/bescat\/wp-content\/uploads\/usu793\/2020\/10\/dinam_be_def.pdf\">Dinamitzem? Propostes per a la biblioteca escolar<\/a><\/li>\n<li style=\"text-align: justify;\"><a href=\"https:\/\/ateneu.xtec.cat\/wikiform\/wikiexport\/cmd\/bib\/be1d\/modul_3\/tema_1\">Dinamitzaci\u00f3 de la biblioteca escolar<\/a><\/li>\n<\/ul>\n[\/vc_column_text][\/vc_column_inner][\/vc_row_inner]<div class=\"ult-spacer spacer-69f5b2c5e9fb9\" data-id=\"69f5b2c5e9fb9\" data-height=\"70\" data-height-mobile=\"30\" data-height-tab=\"50\" data-height-tab-portrait=\"50\" data-height-mobile-landscape=\"30\" style=\"clear:both;display:block;\"><\/div>[\/vc_column][\/vc_row]\n<\/div>","protected":false},"excerpt":{"rendered":"<p>[vc_row bg_type=&#8221;image&#8221; parallax_style=&#8221;vcpb-default&#8221; bg_image_new=&#8221;id^4564|url^http:\/\/www.cobdc.net\/gtbescolars\/wp-content\/uploads\/2022\/10\/Megafon-capcalera.jpg|caption^Megafon-capcalera|alt^Megafon-capcalera|title^Megafon cap\u00e7alera|description^Megafon-capcalera&#8221; bg_image_repeat=&#8221;no-repeat&#8221; bg_image_posiiton=&#8221;bottom top&#8221; enable_overlay=&#8221;enable_overlay_value&#8221; overlay_color=&#8221;rgba(10,10,10,0.7)&#8221; overlay_pattern=&#8221;transperant&#8221; css=&#8221;.vc_custom_1666423481237{margin-bottom: 0px !important;}&#8221; el_class=&#8221;mobile-pad&#8221;][vc_column css=&#8221;.vc_custom_1457639811633{padding-right: 0px !important;padding-left: 0px !important;}&#8221;][\/vc_column][\/vc_row][vc_row][vc_column][\/vc_column][\/vc_row][vc_row acw=&#8221;0&#8243; bg_type=&#8221;image&#8221; parallax_style=&#8221;vcpb-default&#8221; bg_image_new=&#8221;id^4565|url^http:\/\/www.cobdc.net\/gtbescolars\/wp-content\/uploads\/2022\/10\/Avaluacio-imatge-.jpg|caption^Ckeck list|alt^Ckeck list|title^Ckeck list|description^Ckeck list&#8221; bg_image_repeat=&#8221;no-repeat&#8221; css=&#8221;.vc_custom_1666423755425{margin-bottom: [&hellip;]<\/p>\n","protected":false},"author":2,"featured_media":0,"parent":0,"menu_order":0,"comment_status":"closed","ping_status":"closed","template":"","meta":{"nf_dc_page":"","footnotes":""},"class_list":["post-4563","page","type-page","status-publish","hentry"],"jetpack_sharing_enabled":true,"_links":{"self":[{"href":"https:\/\/www.cobdc.net\/gtbescolars\/wp-json\/wp\/v2\/pages\/4563","targetHints":{"allow":["GET"]}}],"collection":[{"href":"https:\/\/www.cobdc.net\/gtbescolars\/wp-json\/wp\/v2\/pages"}],"about":[{"href":"https:\/\/www.cobdc.net\/gtbescolars\/wp-json\/wp\/v2\/types\/page"}],"author":[{"embeddable":true,"href":"https:\/\/www.cobdc.net\/gtbescolars\/wp-json\/wp\/v2\/users\/2"}],"replies":[{"embeddable":true,"href":"https:\/\/www.cobdc.net\/gtbescolars\/wp-json\/wp\/v2\/comments?post=4563"}],"version-history":[{"count":5,"href":"https:\/\/www.cobdc.net\/gtbescolars\/wp-json\/wp\/v2\/pages\/4563\/revisions"}],"predecessor-version":[{"id":4659,"href":"https:\/\/www.cobdc.net\/gtbescolars\/wp-json\/wp\/v2\/pages\/4563\/revisions\/4659"}],"wp:attachment":[{"href":"https:\/\/www.cobdc.net\/gtbescolars\/wp-json\/wp\/v2\/media?parent=4563"}],"curies":[{"name":"wp","href":"https:\/\/api.w.org\/{rel}","templated":true}]}}