{"id":4551,"date":"2022-10-16T07:07:47","date_gmt":"2022-10-16T07:07:47","guid":{"rendered":"https:\/\/www.cobdc.net\/gtbescolars\/?page_id=4551"},"modified":"2022-10-23T17:16:05","modified_gmt":"2022-10-23T17:16:05","slug":"gestio-de-la-colleccio","status":"publish","type":"page","link":"https:\/\/www.cobdc.net\/gtbescolars\/gestio-de-la-colleccio\/","title":{"rendered":"Gesti\u00f3 de la col\u00b7lecci\u00f3"},"content":{"rendered":"<div class=\"wpb-content-wrapper\">[vc_row bg_type=&#8221;image&#8221; parallax_style=&#8221;vcpb-default&#8221; bg_image_new=&#8221;id^4553|url^http:\/\/www.cobdc.net\/gtbescolars\/wp-content\/uploads\/2022\/10\/Colleccio-capcalera.jpg|caption^null|alt^Cap\u00e7alera col\u00b7lecci\u00f3|title^Col\u00b7lecci\u00f3 cap\u00e7alera|description^Llibres oberts per la meitat&#8221; bg_image_repeat=&#8221;no-repeat&#8221; bg_image_posiiton=&#8221;bottom top&#8221; enable_overlay=&#8221;enable_overlay_value&#8221; overlay_color=&#8221;rgba(10,10,10,0.7)&#8221; overlay_pattern=&#8221;transperant&#8221; css=&#8221;.vc_custom_1665904596295{margin-bottom: 0px !important;}&#8221; el_class=&#8221;mobile-pad&#8221;][vc_column css=&#8221;.vc_custom_1457639811633{padding-right: 0px !important;padding-left: 0px !important;}&#8221;]<div class=\"ult-spacer spacer-69f5b329d3c1d\" data-id=\"69f5b329d3c1d\" data-height=\"70\" data-height-mobile=\"30\" data-height-tab=\"50\" data-height-tab-portrait=\"50\" data-height-mobile-landscape=\"30\" style=\"clear:both;display:block;\"><\/div><div id=\"ultimate-heading-854469f5b329d3c57\" class=\"uvc-heading ult-adjust-bottom-margin ultimate-heading-854469f5b329d3c57 uvc-6197 \" data-hspacer=\"no_spacer\"  data-halign=\"center\" style=\"text-align:center\"><div class=\"uvc-heading-spacer no_spacer\" style=\"top\"><\/div><div class=\"uvc-main-heading ult-responsive\"  data-ultimate-target='.uvc-heading.ultimate-heading-854469f5b329d3c57 h2'  data-responsive-json-new='{\"font-size\":\"desktop:55px;\",\"line-height\":\"desktop:65px;\"}' ><h2 style=\"font-weight:bold;color:#ffffff;\">Gesti\u00f3 de la col\u00b7lecci\u00f3<\/h2><\/div><div class=\"uvc-sub-heading ult-responsive\"  data-ultimate-target='.uvc-heading.ultimate-heading-854469f5b329d3c57 .uvc-sub-heading '  data-responsive-json-new='{\"font-size\":\"desktop:18px;\",\"line-height\":\"\"}'  style=\"font-weight:normal;color:#ffffff;margin-top:12px;\">Com podem gestionar la col\u00b7lecci\u00f3 de la biblioteca escolar?<\/div><\/div><div class=\"ult-spacer spacer-69f5b329d3c77\" data-id=\"69f5b329d3c77\" data-height=\"70\" data-height-mobile=\"30\" data-height-tab=\"50\" data-height-tab-portrait=\"50\" data-height-mobile-landscape=\"30\" style=\"clear:both;display:block;\"><\/div>[\/vc_column][\/vc_row][vc_row][vc_column]<div class=\"ult-spacer spacer-69f5b329d3c82\" data-id=\"69f5b329d3c82\" data-height=\"70\" data-height-mobile=\"30\" data-height-tab=\"50\" data-height-tab-portrait=\"50\" data-height-mobile-landscape=\"30\" style=\"clear:both;display:block;\"><\/div>[\/vc_column][\/vc_row][vc_row acw=&#8221;0&#8243; bg_type=&#8221;image&#8221; parallax_style=&#8221;vcpb-default&#8221; bg_image_new=&#8221;id^4556|url^http:\/\/www.cobdc.net\/gtbescolars\/wp-content\/uploads\/2022\/10\/Colleccio-fons.jpg|caption^null|alt^Infant a la biblioteca|title^Infant a la biblioteca|description^Infant a la biblioteca&#8221; bg_image_repeat=&#8221;no-repeat&#8221; css=&#8221;.vc_custom_1665904855050{margin-bottom: 0px !important;}&#8221;][vc_column width=&#8221;1\/2&#8243;][\/vc_column][vc_column width=&#8221;1\/2&#8243; css=&#8221;.vc_custom_1456464781538{background-color: rgba(255,255,255,0.95) !important;*background-color: rgb(255,255,255) !important;}&#8221;]<div class=\"ult-spacer spacer-69f5b329d3c8b\" data-id=\"69f5b329d3c8b\" data-height=\"30\" data-height-mobile=\"0\" data-height-tab=\"10\" data-height-tab-portrait=\"10\" data-height-mobile-landscape=\"0\" style=\"clear:both;display:block;\"><\/div>[vc_row_inner el_class=&#8221;welcome-max&#8221; css=&#8221;.vc_custom_1457549157769{margin: 0px !important;padding: 0px !important;}&#8221;][vc_column_inner][vc_column_text css_animation=&#8221;right-to-left&#8221; css=&#8221;.vc_custom_1666545364683{margin-top: 20px !important;}&#8221;]\n<h4 class=\"color-text\" style=\"margin-top: 0px; margin-bottom: 20px;\"><span style=\"color: #2a9675;\">Qu\u00e8 us pot ajudar a gestionar la<\/span><br \/>\n<span style=\"color: #2a9675;\">col\u00b7lecci\u00f3 de la biblioteca escolar?<\/span><\/h4>\n<h5 style=\"text-align: justify;\">Qu\u00e8 \u00e9s la col\u00b7lecci\u00f3?<\/h5>\n<p style=\"text-align: justify;\">La col\u00b7lecci\u00f3 o fons de la biblioteca \u00e9s el conjunt de tots els documents que cont\u00e9 (llibres, revistes, audiovisuals, recursos en l\u00ednia, etc.) i que han d\u2019estar orientats a les necessitats dels seus usuaris i usu\u00e0ries. La creaci\u00f3 i el manteniment d\u2019aquesta col\u00b7lecci\u00f3 comporta tota una s\u00e8rie de tasques o processos com la selecci\u00f3, l\u2019adquisici\u00f3, la catalogaci\u00f3, la classificaci\u00f3, etiquetatge, folrat, etc.<\/p>\n<p style=\"text-align: justify;\">El proc\u00e9s des que es selecciona un llibre fins que arriba a les mans de l\u2019usuari es diu cadena documental (<a href=\"https:\/\/ateneu.xtec.cat\/wikiform\/wikiexport\/cmd\/bib\/be1e\/modul_0\/tema_2\">m\u00e9s informaci\u00f3<\/a>).<\/p>\n<p style=\"text-align: justify;\">L\u2019<a href=\"https:\/\/xtec.gencat.cat\/ca\/projectes\/biblioteca\/epergam\/\">Ep\u00e8rgam<\/a> \u00e9s l\u2019aplicaci\u00f3 de gesti\u00f3 de les biblioteques escolars del Departament d\u2019Educaci\u00f3, que ens permet:<\/p>\n<ul style=\"text-align: justify;\">\n<li>Accedir via Internet a la gesti\u00f3 i la consulta del cat\u00e0leg<\/li>\n<li>Catalogar per c\u00f2pia, facilitant molt el treball i estalviant temps<\/li>\n<li>Gestionar el pr\u00e9stec i localitzar els materials i el seu estat (disponible, en pr\u00e9stec, excl\u00f2s\u2026)<\/li>\n<li>Exportar productes bibliogr\u00e0fics, com guies de lectura i recomanacions<\/li>\n<\/ul>\n<h5 style=\"text-align: justify;\">Documentaci\u00f3 recomanada<\/h5>\n<ul style=\"text-align: justify;\">\n<li><a href=\"http:\/\/www.cobdc.net\/gtbescolars\/wp-content\/uploads\/2021\/09\/Copia-de-Proces-documental.pdf\">Infografia<\/a> sobre el proc\u00e9s documental<\/li>\n<li><a href=\"http:\/\/www.cobdc.net\/gtbescolars\/wp-content\/uploads\/2021\/09\/Copia-de-Exemple-infografia-adquisicions-2.pdf\">Infografia<\/a> sobre diferents formes d\u2019adquisici\u00f3 de documents<\/li>\n<li><a href=\"https:\/\/miniops.ioc.cat\/10\/index.html\">Triar llibres per a infants i joves<\/a>, guia realitzada pel Grup de Recerca de literatura infantil i juvenil i educaci\u00f3 liter\u00e0ria de la Universitat Aut\u00f2noma de Barcelona (GRETEL) per enc\u00e0rrec de l\u2019Institut Obert de Catalunya.<\/li>\n<\/ul>\n<h5 style=\"text-align: justify;\">Classificaci\u00f3<\/h5>\n<p style=\"text-align: justify;\">Classificar \u00e9s agrupar els materials pel seu contingut o tem\u00e0tica amb l\u2019objectiu de facilitar la seva catalogaci\u00f3 i cerca. Com a especialistes, recomanem l\u2019\u00fas d\u2019aquesta classificaci\u00f3, ja que \u00e9s la que s\u2019utilitza en els centres educatius de Catalunya i es basa en la trobar\u00e0 l\u2019alumnat a les biblioteques p\u00fabliques catalanes.<\/p>\n<ul style=\"text-align: justify;\">\n<li><a href=\"https:\/\/xtec.gencat.cat\/web\/.content\/alfresco\/d\/d\/workspace\/SpacesStore\/0043\/388da935-67ae-4404-8009-7d0f514632c9\/direct02.pdf\">Adaptaci\u00f3 de la CDU per a les biblioteques d\u2019infantil, prim\u00e0ria i secund\u00e0ria<\/a><\/li>\n<\/ul>\n<h5 style=\"text-align: justify;\">Esporgar<\/h5>\n<p style=\"text-align: justify;\"><span style=\"font-weight: 400;\">Esporgar \u00e9s necessari per mantenir la qualitat, actualitat i bon estat f\u00edsic de la col\u00b7lecci\u00f3. Us recomanem la consulta d\u2019aquests documents per informar-vos sobre aquest proc\u00e9s.<\/span><\/p>\n<ul>\n<li style=\"font-weight: 400; text-align: justify;\" aria-level=\"1\"><a href=\"http:\/\/xtec.gencat.cat\/web\/.content\/alfresco\/d\/d\/workspace\/SpacesStore\/0077\/b86cc0fe-bf6b-4081-a8b8-a6a234931f14\/esporgar.pdf\"><span style=\"font-weight: 400;\">Esporgar la biblioteca a l\u2019escola i a l\u2019institut<\/span><\/a><\/li>\n<li style=\"font-weight: 400; text-align: justify;\" aria-level=\"1\"><a href=\"http:\/\/xtec.gencat.cat\/web\/.content\/alfresco\/d\/d\/workspace\/SpacesStore\/0080\/bfe12588-8b61-4c7d-8ccf-6698fb2f24a0\/triptic-esporgar.pdf\">Tr\u00edptic Esporgar la biblioteca a l\u2019escola i a l\u2019institut<\/a><\/li>\n<\/ul>\n[\/vc_column_text][\/vc_column_inner][\/vc_row_inner]<div class=\"ult-spacer spacer-69f5b329d3c93\" data-id=\"69f5b329d3c93\" data-height=\"70\" data-height-mobile=\"30\" data-height-tab=\"50\" data-height-tab-portrait=\"50\" data-height-mobile-landscape=\"30\" style=\"clear:both;display:block;\"><\/div>[\/vc_column][\/vc_row]\n<\/div>","protected":false},"excerpt":{"rendered":"<p>[vc_row bg_type=&#8221;image&#8221; parallax_style=&#8221;vcpb-default&#8221; bg_image_new=&#8221;id^4553|url^http:\/\/www.cobdc.net\/gtbescolars\/wp-content\/uploads\/2022\/10\/Colleccio-capcalera.jpg|caption^null|alt^Cap\u00e7alera col\u00b7lecci\u00f3|title^Col\u00b7lecci\u00f3 cap\u00e7alera|description^Llibres oberts per la meitat&#8221; bg_image_repeat=&#8221;no-repeat&#8221; bg_image_posiiton=&#8221;bottom top&#8221; enable_overlay=&#8221;enable_overlay_value&#8221; overlay_color=&#8221;rgba(10,10,10,0.7)&#8221; overlay_pattern=&#8221;transperant&#8221; css=&#8221;.vc_custom_1665904596295{margin-bottom: 0px !important;}&#8221; el_class=&#8221;mobile-pad&#8221;][vc_column css=&#8221;.vc_custom_1457639811633{padding-right: 0px !important;padding-left: 0px !important;}&#8221;][\/vc_column][\/vc_row][vc_row][vc_column][\/vc_column][\/vc_row][vc_row acw=&#8221;0&#8243; bg_type=&#8221;image&#8221; parallax_style=&#8221;vcpb-default&#8221; bg_image_new=&#8221;id^4556|url^http:\/\/www.cobdc.net\/gtbescolars\/wp-content\/uploads\/2022\/10\/Colleccio-fons.jpg|caption^null|alt^Infant a [&hellip;]<\/p>\n","protected":false},"author":2,"featured_media":0,"parent":0,"menu_order":0,"comment_status":"closed","ping_status":"closed","template":"","meta":{"nf_dc_page":"","footnotes":""},"class_list":["post-4551","page","type-page","status-publish","hentry"],"jetpack_sharing_enabled":true,"_links":{"self":[{"href":"https:\/\/www.cobdc.net\/gtbescolars\/wp-json\/wp\/v2\/pages\/4551","targetHints":{"allow":["GET"]}}],"collection":[{"href":"https:\/\/www.cobdc.net\/gtbescolars\/wp-json\/wp\/v2\/pages"}],"about":[{"href":"https:\/\/www.cobdc.net\/gtbescolars\/wp-json\/wp\/v2\/types\/page"}],"author":[{"embeddable":true,"href":"https:\/\/www.cobdc.net\/gtbescolars\/wp-json\/wp\/v2\/users\/2"}],"replies":[{"embeddable":true,"href":"https:\/\/www.cobdc.net\/gtbescolars\/wp-json\/wp\/v2\/comments?post=4551"}],"version-history":[{"count":5,"href":"https:\/\/www.cobdc.net\/gtbescolars\/wp-json\/wp\/v2\/pages\/4551\/revisions"}],"predecessor-version":[{"id":4623,"href":"https:\/\/www.cobdc.net\/gtbescolars\/wp-json\/wp\/v2\/pages\/4551\/revisions\/4623"}],"wp:attachment":[{"href":"https:\/\/www.cobdc.net\/gtbescolars\/wp-json\/wp\/v2\/media?parent=4551"}],"curies":[{"name":"wp","href":"https:\/\/api.w.org\/{rel}","templated":true}]}}