{"id":4425,"date":"2022-10-08T17:13:19","date_gmt":"2022-10-08T17:13:19","guid":{"rendered":"https:\/\/www.cobdc.net\/gtbescolars\/?page_id=4425"},"modified":"2022-10-12T07:09:52","modified_gmt":"2022-10-12T07:09:52","slug":"formacio","status":"publish","type":"page","link":"https:\/\/www.cobdc.net\/gtbescolars\/formacio\/","title":{"rendered":"Formaci\u00f3"},"content":{"rendered":"<div class=\"wpb-content-wrapper\">[vc_row bg_type=&#8221;image&#8221; parallax_style=&#8221;vcpb-default&#8221; bg_image_new=&#8221;id^4433|url^http:\/\/www.cobdc.net\/gtbescolars\/wp-content\/uploads\/2022\/10\/Formacio-1.jpg|caption^null|alt^null|title^Formaci\u00f3 (1)|description^null&#8221; bg_image_repeat=&#8221;no-repeat&#8221; bg_image_posiiton=&#8221;bottom top&#8221; enable_overlay=&#8221;enable_overlay_value&#8221; overlay_color=&#8221;rgba(10,10,10,0.7)&#8221; overlay_pattern=&#8221;transperant&#8221; css=&#8221;.vc_custom_1665250212909{margin-bottom: 0px !important;}&#8221; el_class=&#8221;mobile-pad&#8221;][vc_column css=&#8221;.vc_custom_1457639811633{padding-right: 0px !important;padding-left: 0px !important;}&#8221;]<div class=\"ult-spacer spacer-69f5b2c8290e4\" data-id=\"69f5b2c8290e4\" data-height=\"70\" data-height-mobile=\"30\" data-height-tab=\"50\" data-height-tab-portrait=\"50\" data-height-mobile-landscape=\"30\" style=\"clear:both;display:block;\"><\/div><div id=\"ultimate-heading-769169f5b2c829113\" class=\"uvc-heading ult-adjust-bottom-margin ultimate-heading-769169f5b2c829113 uvc-4856 \" data-hspacer=\"no_spacer\"  data-halign=\"center\" style=\"text-align:center\"><div class=\"uvc-heading-spacer no_spacer\" style=\"top\"><\/div><div class=\"uvc-main-heading ult-responsive\"  data-ultimate-target='.uvc-heading.ultimate-heading-769169f5b2c829113 h2'  data-responsive-json-new='{\"font-size\":\"desktop:55px;\",\"line-height\":\"desktop:65px;\"}' ><h2 style=\"font-weight:bold;color:#ffffff;\">Formaci\u00f3<\/h2><\/div><div class=\"uvc-sub-heading ult-responsive\"  data-ultimate-target='.uvc-heading.ultimate-heading-769169f5b2c829113 .uvc-sub-heading '  data-responsive-json-new='{\"font-size\":\"desktop:18px;\",\"line-height\":\"\"}'  style=\"font-weight:normal;color:#ffffff;margin-top:12px;\">Com puc millorar la meva expertesa en biblioteques escolars?<\/div><\/div><div class=\"ult-spacer spacer-69f5b2c82913a\" data-id=\"69f5b2c82913a\" data-height=\"70\" data-height-mobile=\"30\" data-height-tab=\"50\" data-height-tab-portrait=\"50\" data-height-mobile-landscape=\"30\" style=\"clear:both;display:block;\"><\/div>[\/vc_column][\/vc_row][vc_row][vc_column]<div class=\"ult-spacer spacer-69f5b2c829145\" data-id=\"69f5b2c829145\" data-height=\"70\" data-height-mobile=\"30\" data-height-tab=\"50\" data-height-tab-portrait=\"50\" data-height-mobile-landscape=\"30\" style=\"clear:both;display:block;\"><\/div>[\/vc_column][\/vc_row][vc_row acw=&#8221;0&#8243; bg_type=&#8221;image&#8221; parallax_style=&#8221;vcpb-default&#8221; bg_image_new=&#8221;id^4436|url^http:\/\/www.cobdc.net\/gtbescolars\/wp-content\/uploads\/2022\/10\/Menendez-y-Pelayo.jpg|caption^Institut Men\u00e9ndez y Pelayo (Barcelona)|alt^null|title^Institut Men\u00e9ndez y Pelayo (Barcelona)|description^Institut Men\u00e9ndez y Pelayo (Barcelona)&#8221; bg_image_repeat=&#8221;no-repeat&#8221; css=&#8221;.vc_custom_1665251003571{margin-bottom: 0px !important;}&#8221;][vc_column width=&#8221;1\/2&#8243;][vc_column_text css=&#8221;.vc_custom_1665251323804{padding-left: 20px !important;}&#8221;]<span style=\"color: #ffffff;\"><strong>Biblioteca Institut Men\u00e9ndez y Pelayo (Barcelona)<\/strong><\/span>[\/vc_column_text][\/vc_column][vc_column width=&#8221;1\/2&#8243; css=&#8221;.vc_custom_1456464781538{background-color: rgba(255,255,255,0.95) !important;*background-color: rgb(255,255,255) !important;}&#8221;]<div class=\"ult-spacer spacer-69f5b2c82914e\" data-id=\"69f5b2c82914e\" data-height=\"30\" data-height-mobile=\"0\" data-height-tab=\"10\" data-height-tab-portrait=\"10\" data-height-mobile-landscape=\"0\" style=\"clear:both;display:block;\"><\/div>[vc_row_inner el_class=&#8221;welcome-max&#8221; css=&#8221;.vc_custom_1457549157769{margin: 0px !important;padding: 0px !important;}&#8221;][vc_column_inner][vc_column_text css_animation=&#8221;right-to-left&#8221; css=&#8221;.vc_custom_1665251471699{margin-top: 20px !important;}&#8221;]\n<h3 style=\"margin: 0px;\">FORMACI\u00d3<\/h3>\n<h4 class=\"color-text\" style=\"margin-top: 0px; margin-bottom: 20px;\"><span style=\"color: #2a9675;\">Millora el teu coneixement<\/span><br \/>\n<span style=\"color: #2a9675;\">en biblioteca escolar!<\/span><\/h4>\n<p>Si vols adquirir o completar una formaci\u00f3 especialitzada en biblioteques escolars, et proposem la seg\u00fcent:<\/p>\n<ul>\n<li>El Departament d\u2019Educaci\u00f3 ofereix al personal docent diferents <a href=\"https:\/\/xtec.gencat.cat\/ca\/projectes\/biblioteca\/formacio\/\">formacions b\u00e0siques i d\u2019aprofundiment<\/a> en el marc del programa Puntedu, aix\u00ed com formacions certificades als Centres de Recursos Pedag\u00f2gics (CRP)<\/li>\n<li><a href=\"https:\/\/www.uab.cat\/web\/estudiar\/l-oferta-de-masters-oficials\/informacio-general-1096480139517.html?param1=1204099143591\">M\u00e0ster oficial en biblioteca escolar i promoci\u00f3 de la lectura<\/a> (UAB\/UB)<br \/>\n<a href=\"https:\/\/emmaboschandreu.wixsite.com\/mencio-bbee\/faq\">Menci\u00f3 en Biblioteques Escolars de la Facultat d\u2019Educaci\u00f3<\/a> (UB), Grau d\u2019Educaci\u00f3 Infantil i Prim\u00e0ria<\/li>\n<li>Cursos i formacions puntuals a diverses entitats, com el <a href=\"https:\/\/cobdc.org\/formacio\/cursos\/\">Col\u00b7legi Oficial de Bibliotecaris-Documentalistes de Catalunya<\/a> o algunes jornades organitzades pel <a href=\"http:\/\/grupbibliomedia.blogspot.com\/search\/label\/Jornades%20de%20treball\">Grup Bibliom\u00e8dia<\/a><\/li>\n<\/ul>\n[\/vc_column_text][\/vc_column_inner][\/vc_row_inner]<div class=\"ult-spacer spacer-69f5b2c829156\" data-id=\"69f5b2c829156\" data-height=\"70\" data-height-mobile=\"30\" data-height-tab=\"50\" data-height-tab-portrait=\"50\" data-height-mobile-landscape=\"30\" style=\"clear:both;display:block;\"><\/div>[\/vc_column][\/vc_row]\n<\/div>","protected":false},"excerpt":{"rendered":"<p>[vc_row bg_type=&#8221;image&#8221; parallax_style=&#8221;vcpb-default&#8221; bg_image_new=&#8221;id^4433|url^http:\/\/www.cobdc.net\/gtbescolars\/wp-content\/uploads\/2022\/10\/Formacio-1.jpg|caption^null|alt^null|title^Formaci\u00f3 (1)|description^null&#8221; bg_image_repeat=&#8221;no-repeat&#8221; bg_image_posiiton=&#8221;bottom top&#8221; enable_overlay=&#8221;enable_overlay_value&#8221; overlay_color=&#8221;rgba(10,10,10,0.7)&#8221; overlay_pattern=&#8221;transperant&#8221; css=&#8221;.vc_custom_1665250212909{margin-bottom: 0px !important;}&#8221; el_class=&#8221;mobile-pad&#8221;][vc_column css=&#8221;.vc_custom_1457639811633{padding-right: 0px !important;padding-left: 0px !important;}&#8221;][\/vc_column][\/vc_row][vc_row][vc_column][\/vc_column][\/vc_row][vc_row acw=&#8221;0&#8243; bg_type=&#8221;image&#8221; parallax_style=&#8221;vcpb-default&#8221; bg_image_new=&#8221;id^4436|url^http:\/\/www.cobdc.net\/gtbescolars\/wp-content\/uploads\/2022\/10\/Menendez-y-Pelayo.jpg|caption^Institut Men\u00e9ndez y Pelayo (Barcelona)|alt^null|title^Institut Men\u00e9ndez y [&hellip;]<\/p>\n","protected":false},"author":2,"featured_media":0,"parent":0,"menu_order":0,"comment_status":"closed","ping_status":"closed","template":"template-homepage.php","meta":{"nf_dc_page":"","footnotes":""},"class_list":["post-4425","page","type-page","status-publish","hentry"],"jetpack_sharing_enabled":true,"_links":{"self":[{"href":"https:\/\/www.cobdc.net\/gtbescolars\/wp-json\/wp\/v2\/pages\/4425","targetHints":{"allow":["GET"]}}],"collection":[{"href":"https:\/\/www.cobdc.net\/gtbescolars\/wp-json\/wp\/v2\/pages"}],"about":[{"href":"https:\/\/www.cobdc.net\/gtbescolars\/wp-json\/wp\/v2\/types\/page"}],"author":[{"embeddable":true,"href":"https:\/\/www.cobdc.net\/gtbescolars\/wp-json\/wp\/v2\/users\/2"}],"replies":[{"embeddable":true,"href":"https:\/\/www.cobdc.net\/gtbescolars\/wp-json\/wp\/v2\/comments?post=4425"}],"version-history":[{"count":4,"href":"https:\/\/www.cobdc.net\/gtbescolars\/wp-json\/wp\/v2\/pages\/4425\/revisions"}],"predecessor-version":[{"id":4456,"href":"https:\/\/www.cobdc.net\/gtbescolars\/wp-json\/wp\/v2\/pages\/4425\/revisions\/4456"}],"wp:attachment":[{"href":"https:\/\/www.cobdc.net\/gtbescolars\/wp-json\/wp\/v2\/media?parent=4425"}],"curies":[{"name":"wp","href":"https:\/\/api.w.org\/{rel}","templated":true}]}}