{"id":3618,"date":"2016-06-22T07:39:32","date_gmt":"2016-06-22T07:39:32","guid":{"rendered":"http:\/\/greenassociatesaccountants.com\/dynamism\/?page_id=3618"},"modified":"2022-11-06T11:35:28","modified_gmt":"2022-11-06T11:35:28","slug":"legislacio","status":"publish","type":"page","link":"https:\/\/www.cobdc.net\/gtbescolars\/legislacio\/","title":{"rendered":"Legislaci\u00f3"},"content":{"rendered":"<div class=\"wpb-content-wrapper\">[vc_row bg_type=&#8221;image&#8221; parallax_style=&#8221;vcpb-default&#8221; bg_image_new=&#8221;id^4297|url^http:\/\/www.cobdc.net\/gtbescolars\/wp-content\/uploads\/2022\/10\/Legislacio-capcalera.png|caption^null|alt^Legislaci\u00f3|title^Legislaci\u00f3 cap\u00e7alera|description^null&#8221; bg_image_repeat=&#8221;no-repeat&#8221; bg_override=&#8221;ex-full&#8221; enable_overlay=&#8221;enable_overlay_value&#8221; overlay_color=&#8221;rgba(10,10,10,0.3)&#8221; overlay_pattern=&#8221;transperant&#8221; css=&#8221;.vc_custom_1664738366768{margin-bottom: 0px !important;}&#8221; el_class=&#8221;mobile-pad&#8221;][vc_column css=&#8221;.vc_custom_1457637577916{padding-right: 0px !important;padding-left: 0px !important;}&#8221;]<div class=\"ult-spacer spacer-69f5b2e44de01\" data-id=\"69f5b2e44de01\" data-height=\"70\" data-height-mobile=\"30\" data-height-tab=\"50\" data-height-tab-portrait=\"50\" data-height-mobile-landscape=\"30\" style=\"clear:both;display:block;\"><\/div><div id=\"ultimate-heading-24669f5b2e44de41\" class=\"uvc-heading ult-adjust-bottom-margin ultimate-heading-24669f5b2e44de41 uvc-9496 \" data-hspacer=\"no_spacer\"  data-halign=\"center\" style=\"text-align:center\"><div class=\"uvc-heading-spacer no_spacer\" style=\"top\"><\/div><div class=\"uvc-main-heading ult-responsive\"  data-ultimate-target='.uvc-heading.ultimate-heading-24669f5b2e44de41 h2'  data-responsive-json-new='{\"font-size\":\"desktop:55px;\",\"line-height\":\"desktop:65px;\"}' ><h2 style=\"font-weight:bold;color:#ffffff;\">Legislaci\u00f3 i Directrius<\/h2><\/div><div class=\"uvc-sub-heading ult-responsive\"  data-ultimate-target='.uvc-heading.ultimate-heading-24669f5b2e44de41 .uvc-sub-heading '  data-responsive-json-new='{\"font-size\":\"desktop:18px;\",\"line-height\":\"\"}'  style=\"font-weight:normal;color:#ffffff;margin-top:12px;\">A Catalunya disposem de diferents textos sobre biblioteques escolars dirigits tant als representants pol\u00edtics com als administradors dels centres educatius.<\/div><\/div><div class=\"ult-spacer spacer-69f5b2e44de61\" data-id=\"69f5b2e44de61\" data-height=\"70\" data-height-mobile=\"30\" data-height-tab=\"50\" data-height-tab-portrait=\"50\" data-height-mobile-landscape=\"30\" style=\"clear:both;display:block;\"><\/div>[\/vc_column][\/vc_row][vc_row full_width=&#8221;stretch_row&#8221; css=&#8221;.vc_custom_1666540740787{margin-bottom: 0px !important;}&#8221; el_class=&#8221;mobile-pad&#8221;][vc_column css=&#8221;.vc_custom_1457637608617{padding-right: 0px !important;padding-left: 0px !important;}&#8221;][\/vc_column][\/vc_row][vc_row acw=&#8221;0&#8243; opn_row_id=&#8221;about&#8221; opn_row_gutter=&#8221;70&#8243; bg_type=&#8221;image&#8221; parallax_style=&#8221;vcpb-default&#8221; bg_image_repeat=&#8221;no-repeat&#8221; bg_image_posiiton=&#8221;center top&#8221; css=&#8221;.vc_custom_1666544733084{margin-bottom: 0px !important;}&#8221;][vc_column width=&#8221;6\/12&#8243; css=&#8221;.vc_custom_1666540906236{background-color: rgba(255,255,255,0.75) !important;*background-color: rgb(255,255,255) !important;}&#8221;][vc_row_inner el_class=&#8221;welcome-max2&#8243; css=&#8221;.vc_custom_1466759479020{margin-top: 0px !important;margin-right: 0px !important;margin-bottom: 0px !important;margin-left: 0px !important;padding-top: 0px !important;padding-right: 0px !important;padding-bottom: 0px !important;padding-left: 0px !important;}&#8221;][vc_column_inner][vc_column_text css_animation=&#8221;right-to-left&#8221; css=&#8221;.vc_custom_1665232588242{margin-top: 20px !important;}&#8221;]\n<h2 style=\"margin-bottom: 0px;\">Llei del sistema bibliotecari<\/h2>\n<h5 class=\"color-text\" style=\"font-weight: normal; margin-top: 0px; text-transform: uppercase;\"><\/h5>\n[\/vc_column_text][\/vc_column_inner][\/vc_row_inner][vc_row_inner el_class=&#8221;welcome-max2&#8243; css=&#8221;.vc_custom_1466759548664{margin-top: 0px !important;margin-right: 0px !important;margin-bottom: 0px !important;margin-left: 0px !important;padding-top: 0px !important;padding-right: 0px !important;padding-bottom: 0px !important;padding-left: 0px !important;}&#8221;][vc_column_inner width=&#8221;1\/2&#8243;][vc_column_text]\n<h4 class=\"color-text\" style=\"margin-top: 0px; text-align: justify;\"><span style=\"color: #2a9675;\"><a style=\"color: #2a9675;\" href=\"http:\/\/www.bnc.cat\/content\/download\/95349\/1467659\/version\/1\/file\/Llei+4-1993+del+sistema+Bibliotecari+de+Catalunya.pdf\">Llei 4\/1993, de 18 de mar\u00e7, del sistema bibliotecari de Catalunya \u2013 Article 44<\/a><\/span><\/h4>\n<p style=\"text-align: justify;\">Aquesta llei legisla totes les biblioteques de Catalunya. Entre elles les biblioteques d&#8217;ensenyament no universitari.<\/p>\n[\/vc_column_text][\/vc_column_inner][vc_column_inner width=&#8221;1\/2&#8243;][vc_column_text]\n<ol>\n<li style=\"text-align: justify;\"><strong><em>Les biblioteques de centres d\u2019ensenyament no universitari proporcionen el material necessari per al compliment de llurs funcions pedag\u00f2giques, faciliten l\u2019acc\u00e9s a la cultura, eduquen a l\u2019alumne en la utilitzaci\u00f3 de llurs fons i li permeten de completar i ampliar la seva formaci\u00f3 i el seu lleure.<\/em><\/strong><\/li>\n<li style=\"text-align: justify;\"><strong><em>En els centres d\u2019ensenyament no universitari s\u2019ha d\u2019establir una biblioteca escolar, com a part integrant de l\u2019ensenyament i en col\u00b7laboraci\u00f3 amb el Sistema de Lectura P\u00fablica.<\/em><\/strong><\/li>\n<li style=\"text-align: justify;\"><strong><em>Les normes espec\u00edfiques sobre l\u2019organitzaci\u00f3, l\u2019activitat i el finan\u00e7ament de les biblioteques dels centres p\u00fablics d\u2019ensenyament no universitari han d\u2019\u00e9sser fixades per reglament.<\/em><\/strong><\/li>\n<\/ol>\n[\/vc_column_text][\/vc_column_inner][\/vc_row_inner][\/vc_column][vc_column width=&#8221;6\/12&#8243;][vc_row_inner][vc_column_inner]<div class=\"ult-spacer spacer-69f5b2e44de6d\" data-id=\"69f5b2e44de6d\" data-height=\"70\" data-height-mobile=\"30\" data-height-tab=\"50\" data-height-tab-portrait=\"50\" data-height-mobile-landscape=\"30\" style=\"clear:both;display:block;\"><\/div>[\/vc_column_inner][\/vc_row_inner][vc_row_inner][vc_column_inner]<div class=\"ult-spacer spacer-69f5b2e44de78\" data-id=\"69f5b2e44de78\" data-height=\"70\" data-height-mobile=\"30\" data-height-tab=\"50\" data-height-tab-portrait=\"50\" data-height-mobile-landscape=\"30\" style=\"clear:both;display:block;\"><\/div><div class=\"ult-spacer spacer-69f5b2e44de82\" data-id=\"69f5b2e44de82\" data-height=\"70\" data-height-mobile=\"30\" data-height-tab=\"50\" data-height-tab-portrait=\"50\" data-height-mobile-landscape=\"30\" style=\"clear:both;display:block;\"><\/div>[\/vc_column_inner][\/vc_row_inner][vc_single_image image=&#8221;4338&#8243; img_size=&#8221;large&#8221; add_caption=&#8221;yes&#8221; alignment=&#8221;center&#8221;][\/vc_column][\/vc_row][vc_row][vc_column][vc_text_separator title=&#8221;&#8221; i_icon_fontawesome=&#8221;fas fa-balance-scale-left&#8221; i_color=&#8221;custom&#8221; color=&#8221;custom&#8221; el_width=&#8221;80&#8243; add_icon=&#8221;true&#8221; i_custom_color=&#8221;#dddddd&#8221; accent_color=&#8221;#dddddd&#8221;][\/vc_column][\/vc_row][vc_row opn_row_id=&#8221;about&#8221; opn_row_gutter=&#8221;70&#8243; bg_type=&#8221;image&#8221; parallax_style=&#8221;vcpb-default&#8221; bg_image_repeat=&#8221;no-repeat&#8221; bg_image_posiiton=&#8221;center top&#8221; css=&#8221;.vc_custom_1666545015545{margin-bottom: 0px !important;}&#8221;][vc_column width=&#8221;6\/12&#8243; css=&#8221;.vc_custom_1466758909175{background-color: rgba(255,255,255,0.75) !important;*background-color: rgb(255,255,255) !important;}&#8221;][vc_row_inner][vc_column_inner]<div class=\"ult-spacer spacer-69f5b2e44de8c\" data-id=\"69f5b2e44de8c\" data-height=\"70\" data-height-mobile=\"30\" data-height-tab=\"50\" data-height-tab-portrait=\"50\" data-height-mobile-landscape=\"30\" style=\"clear:both;display:block;\"><\/div><div class=\"ult-spacer spacer-69f5b2e44de95\" data-id=\"69f5b2e44de95\" data-height=\"70\" data-height-mobile=\"30\" data-height-tab=\"50\" data-height-tab-portrait=\"50\" data-height-mobile-landscape=\"30\" style=\"clear:both;display:block;\"><\/div>[\/vc_column_inner][\/vc_row_inner][vc_single_image image=&#8221;4398&#8243; img_size=&#8221;large&#8221; add_caption=&#8221;yes&#8221; alignment=&#8221;center&#8221;][\/vc_column][vc_column width=&#8221;6\/12&#8243;][vc_row_inner content_placement=&#8221;middle&#8221; el_class=&#8221;welcome-max2&#8243; css=&#8221;.vc_custom_1665216117515{margin-top: 0px !important;margin-right: 0px !important;margin-bottom: 0px !important;margin-left: 0px !important;padding-top: 0px !important;padding-right: 0px !important;padding-bottom: 0px !important;padding-left: 0px !important;}&#8221;][vc_column_inner][vc_column_text css_animation=&#8221;right-to-left&#8221; css=&#8221;.vc_custom_1665232646056{margin-top: 20px !important;}&#8221;]\n<h2 style=\"margin-bottom: 0px;\">LEC (Llei d&#8217;educaci\u00f3 de Catalunya)<\/h2>\n<h5 class=\"color-text\" style=\"font-weight: normal; margin-top: 0px; text-transform: uppercase;\"><\/h5>\n[\/vc_column_text][\/vc_column_inner][\/vc_row_inner][vc_row_inner el_class=&#8221;welcome-max2&#8243; css=&#8221;.vc_custom_1466759548664{margin-top: 0px !important;margin-right: 0px !important;margin-bottom: 0px !important;margin-left: 0px !important;padding-top: 0px !important;padding-right: 0px !important;padding-bottom: 0px !important;padding-left: 0px !important;}&#8221;][vc_column_inner width=&#8221;1\/2&#8243;][vc_column_text]\n<h4 class=\"color-text\" style=\"margin-top: 0px; text-align: justify;\"><span style=\"color: #2a9675;\"><a style=\"color: #2a9675;\" href=\"https:\/\/portaldogc.gencat.cat\/utilsEADOP\/PDF\/5422\/950599.pdf\">Llei 12\/2009, del 10 de juliol, d\u2019educaci\u00f3 \u2013 Article 88. (Publicada al DOGC 5422 \u2013 16\/07\/2009)<\/a><\/span><\/h4>\n<p style=\"text-align: justify;\">Aquest article regula l&#8217;exist\u00e8ncia obligat\u00f2ria de la biblioteca escolar a tots els centres educatius de Catalunya.<\/p>\n[\/vc_column_text][\/vc_column_inner][vc_column_inner width=&#8221;1\/2&#8243;][vc_column_text css=&#8221;.vc_custom_1666544259772{padding-right: 20px !important;}&#8221;]\n<ol>\n<li style=\"text-align: justify;\"><strong><em>Tots els centres educatius han de disposar d\u2019una biblioteca escolar, com a espai d\u2019acc\u00e9s a la informaci\u00f3 i font de recursos informatius en qualsevol suport a l\u2019abast dels alumnes, del professorat i de la comunitat educativa.<\/em><\/strong><\/li>\n<li style=\"text-align: justify;\"><strong><em>El projecte educatiu de cada centre ha de tenir en compte que la biblioteca escolar \u00e9s un entorn d\u2019aprenentatge que s\u2019integra en els recursos del centre per a l\u2019ensenyament i l\u2019aprenentatge de les diverses \u00e0rees curriculars, i especialment de l\u2019h\u00e0bit lector. A aquest efecte, l\u2019Administraci\u00f3 educativa ha de proveir els centres p\u00fablics dels recursos adequats.<\/em><\/strong><\/li>\n<li style=\"text-align: justify;\"><strong><em>El Govern ha de fixar mecanismes de col\u00b7laboraci\u00f3 de les biblioteques escolars amb el sistema de lectura p\u00fablica.<\/em><\/strong><\/li>\n<\/ol>\n[\/vc_column_text][\/vc_column_inner][\/vc_row_inner][\/vc_column][\/vc_row][vc_row full_width=&#8221;stretch_row_content&#8221;][vc_column][vc_text_separator title=&#8221;&#8221; i_icon_fontawesome=&#8221;fas fa-balance-scale-right&#8221; i_color=&#8221;custom&#8221; color=&#8221;custom&#8221; el_width=&#8221;80&#8243; add_icon=&#8221;true&#8221; i_custom_color=&#8221;#dddddd&#8221; accent_color=&#8221;#dddddd&#8221;][vc_column_text]\n<h4 class=\"color-text\" style=\"margin-top: 0px; text-align: justify;\"><span style=\"color: #2a9675;\"><a style=\"color: #2a9675;\" href=\"https:\/\/www.dropbox.com\/s\/h6612a0yv0rg35h\/directrius_ifla_biblio_escolar_web.pdf?dl=0\">Directrius IFLA per a la biblioteca escolar (2a edici\u00f3, 2018)<\/a><\/span><\/h4>\n<p style=\"text-align: justify;\">Les <a href=\"https:\/\/www.dropbox.com\/s\/h6612a0yv0rg35h\/directrius_ifla_biblio_escolar_web.pdf?dl=0\">Directrius IFLA per a la biblioteca escolar (2a edici\u00f3)<\/a> s\u00f3n un recull de diferents recomanacions redactades per la comunitat internacional bibliotec\u00e0ria (IFLA) i editades pel CODBC i el Departament d\u2019Ensenyament. A la p\u00e0g. 11 es troben 16 recomanacions principals que resumeixen l\u2019esperit de tot el text i que es poden ampliar a les seccions indicades. Als ap\u00e8ndixs es pot trobar informaci\u00f3 de caire m\u00e9s pr\u00e0ctic, com per exemple com redactar un pressupost per a la biblioteca escolar o diferents eines d\u2019avaluaci\u00f3.<br \/>\nTamb\u00e9 podeu consultar el <a href=\"https:\/\/xtec.gencat.cat\/web\/.content\/projectes\/biblioteca\/documents\/Presentacio-Directrius.pdf\">document de presentaci\u00f3 de caire pr\u00e0ctic<\/a> que es va mostrar a les diferents seus territorials del Departament d\u2019Educaci\u00f3.<\/p>\n[\/vc_column_text][vc_column_text]\n<h4 class=\"color-text\" style=\"margin-top: 0px; text-align: justify;\"><span style=\"color: #2a9675;\"><a style=\"color: #2a9675;\" href=\"http:\/\/www.cobdc.org\/publica\/directrius\/biblio_centres.pdf\">Directrius i est\u00e0ndards per a les biblioteques dels centres educatius de Catalunya (2013)<\/a><\/span><\/h4>\n<p style=\"text-align: justify;\"><span style=\"font-weight: 400;\">Les <\/span><a href=\"http:\/\/www.cobdc.org\/publica\/directrius\/biblio_centres.pdf\"><i><span style=\"font-weight: 400;\">Directrius i est\u00e0ndards per a les biblioteques dels centres educatius de Catalunya<\/span><\/i><\/a><span style=\"font-weight: 400;\">, editat pel COBDC i el Departament d\u2019Educaci\u00f3, van ser el primer text en recollir recomanacions i orientacions per a les biblioteques escolars catalanes. Aquest text es va adaptar m\u00e9s enll\u00e0 de la traducci\u00f3 i es va centrar al context local.<\/span><\/p>\n<p style=\"text-align: justify;\">Tot i que ja actualitzat amb la segona edici\u00f3 citada a dalt, encara cont\u00e9 informaci\u00f3 orientativa de molta utilitat, com per exemple la ratio de llibres per alumne o altres dades orientatives per construir de zero una biblioteca escolar o per avaluar-la.<\/p>\n[\/vc_column_text][\/vc_column][\/vc_row]\n<\/div>","protected":false},"excerpt":{"rendered":"<p>[vc_row bg_type=&#8221;image&#8221; parallax_style=&#8221;vcpb-default&#8221; bg_image_new=&#8221;id^4297|url^http:\/\/www.cobdc.net\/gtbescolars\/wp-content\/uploads\/2022\/10\/Legislacio-capcalera.png|caption^null|alt^Legislaci\u00f3|title^Legislaci\u00f3 cap\u00e7alera|description^null&#8221; bg_image_repeat=&#8221;no-repeat&#8221; bg_override=&#8221;ex-full&#8221; enable_overlay=&#8221;enable_overlay_value&#8221; overlay_color=&#8221;rgba(10,10,10,0.3)&#8221; overlay_pattern=&#8221;transperant&#8221; css=&#8221;.vc_custom_1664738366768{margin-bottom: 0px !important;}&#8221; el_class=&#8221;mobile-pad&#8221;][vc_column css=&#8221;.vc_custom_1457637577916{padding-right: 0px !important;padding-left: 0px !important;}&#8221;][\/vc_column][\/vc_row][vc_row full_width=&#8221;stretch_row&#8221; css=&#8221;.vc_custom_1666540740787{margin-bottom: 0px !important;}&#8221; el_class=&#8221;mobile-pad&#8221;][vc_column css=&#8221;.vc_custom_1457637608617{padding-right: 0px !important;padding-left: 0px !important;}&#8221;][\/vc_column][\/vc_row][vc_row acw=&#8221;0&#8243; [&hellip;]<\/p>\n","protected":false},"author":2,"featured_media":0,"parent":0,"menu_order":0,"comment_status":"closed","ping_status":"closed","template":"template-homepage.php","meta":{"nf_dc_page":"","footnotes":""},"class_list":["post-3618","page","type-page","status-publish","hentry"],"jetpack_sharing_enabled":true,"_links":{"self":[{"href":"https:\/\/www.cobdc.net\/gtbescolars\/wp-json\/wp\/v2\/pages\/3618","targetHints":{"allow":["GET"]}}],"collection":[{"href":"https:\/\/www.cobdc.net\/gtbescolars\/wp-json\/wp\/v2\/pages"}],"about":[{"href":"https:\/\/www.cobdc.net\/gtbescolars\/wp-json\/wp\/v2\/types\/page"}],"author":[{"embeddable":true,"href":"https:\/\/www.cobdc.net\/gtbescolars\/wp-json\/wp\/v2\/users\/2"}],"replies":[{"embeddable":true,"href":"https:\/\/www.cobdc.net\/gtbescolars\/wp-json\/wp\/v2\/comments?post=3618"}],"version-history":[{"count":6,"href":"https:\/\/www.cobdc.net\/gtbescolars\/wp-json\/wp\/v2\/pages\/3618\/revisions"}],"predecessor-version":[{"id":4690,"href":"https:\/\/www.cobdc.net\/gtbescolars\/wp-json\/wp\/v2\/pages\/3618\/revisions\/4690"}],"wp:attachment":[{"href":"https:\/\/www.cobdc.net\/gtbescolars\/wp-json\/wp\/v2\/media?parent=3618"}],"curies":[{"name":"wp","href":"https:\/\/api.w.org\/{rel}","templated":true}]}}