{"id":1788,"date":"2015-08-29T07:03:14","date_gmt":"2015-08-29T07:03:14","guid":{"rendered":"http:\/\/greenassociatesaccountants.com\/dynamism\/?page_id=1788"},"modified":"2022-11-06T11:45:42","modified_gmt":"2022-11-06T11:45:42","slug":"quefem","status":"publish","type":"page","link":"https:\/\/www.cobdc.net\/gtbescolars\/quefem\/","title":{"rendered":"Qu\u00e8 fem?"},"content":{"rendered":"<div class=\"wpb-content-wrapper\">[vc_row bg_type=&#8221;image&#8221; parallax_style=&#8221;vcpb-default&#8221; bg_image_new=&#8221;2615|http:\/\/greenassociatesaccountants.com\/dynamism\/wp-content\/uploads\/2016\/01\/s10.jpg&#8221; bg_image_repeat=&#8221;no-repeat&#8221; bg_image_posiiton=&#8221;center top&#8221; enable_overlay=&#8221;enable_overlay_value&#8221; overlay_color=&#8221;rgba(10,10,10,0.5)&#8221; overlay_pattern=&#8221;transperant&#8221; overlay_pattern_opacity=&#8221;80&#8243; overlay_pattern_attachment=&#8221;fixed&#8221; css=&#8221;.vc_custom_1457638354576{margin-bottom: 0px !important;}&#8221; el_class=&#8221;mobile-pad&#8221;][vc_column css=&#8221;.vc_custom_1457638455440{padding-right: 0px !important;padding-left: 0px !important;}&#8221;]<div class=\"ult-spacer spacer-69f5b356429b6\" data-id=\"69f5b356429b6\" data-height=\"70\" data-height-mobile=\"30\" data-height-tab=\"50\" data-height-tab-portrait=\"50\" data-height-mobile-landscape=\"30\" style=\"clear:both;display:block;\"><\/div><div id=\"ultimate-heading-619169f5b356429f0\" class=\"uvc-heading ult-adjust-bottom-margin ultimate-heading-619169f5b356429f0 uvc-7496 \" data-hspacer=\"no_spacer\"  data-halign=\"center\" style=\"text-align:center\"><div class=\"uvc-heading-spacer no_spacer\" style=\"top\"><\/div><div class=\"uvc-main-heading ult-responsive\"  data-ultimate-target='.uvc-heading.ultimate-heading-619169f5b356429f0 h2'  data-responsive-json-new='{\"font-size\":\"desktop:55px;\",\"line-height\":\"desktop:65px;\"}' ><h2 style=\"font-weight:bold;color:#ffffff;\">Qu\u00e8 fem?<\/h2><\/div><div class=\"uvc-sub-heading ult-responsive\"  data-ultimate-target='.uvc-heading.ultimate-heading-619169f5b356429f0 .uvc-sub-heading '  data-responsive-json-new='{\"font-size\":\"desktop:18px;\",\"line-height\":\"desktop:24px;\"}'  style=\"font-weight:normal;color:#ffffff;margin-top:12px;\">Com a grup de treball en biblioteques escolars, les nostres l\u00ednies de treball s\u00f3n:<\/div><\/div><div class=\"ult-spacer spacer-69f5b35642a10\" data-id=\"69f5b35642a10\" data-height=\"70\" data-height-mobile=\"30\" data-height-tab=\"50\" data-height-tab-portrait=\"50\" data-height-mobile-landscape=\"30\" style=\"clear:both;display:block;\"><\/div>[\/vc_column][\/vc_row][vc_row enable_overlay=&#8221;enable_overlay_value&#8221; overlay_color=&#8221;rgba(10,10,10,0.5)&#8221; overlay_pattern=&#8221;transperant&#8221; overlay_pattern_opacity=&#8221;80&#8243; overlay_pattern_attachment=&#8221;fixed&#8221; css=&#8221;.vc_custom_1457638497840{margin-bottom: 0px !important;}&#8221; el_class=&#8221;mobile-pad&#8221;][vc_column css=&#8221;.vc_custom_1457638437628{padding-right: 0px !important;padding-left: 0px !important;}&#8221;]<div class=\"ult-spacer spacer-69f5b35642a1d\" data-id=\"69f5b35642a1d\" data-height=\"70\" data-height-mobile=\"30\" data-height-tab=\"50\" data-height-tab-portrait=\"50\" data-height-mobile-landscape=\"30\" style=\"clear:both;display:block;\"><\/div>[vc_row_inner css=&#8221;.vc_custom_1457638474417{margin: 0px !important;padding: 0px !important;}&#8221;][vc_column_inner width=&#8221;1\/3&#8243;]<div class=\"aio-icon-component    style_1\"><div id=\"Info-box-wrap-3651\" class=\"aio-icon-box top-icon\" style=\"\"  ><div class=\"aio-icon-top\"><div class=\"ult-just-icon-wrapper  \"><div class=\"align-icon\" style=\"text-align:center;\">\n<div class=\"aio-icon circle \" data-animation=\"fadeIn\" data-animation-delay=\"03\" style=\"color:#ffffff;background:#2a9675;font-size:42px;display:inline-block;\">\n\t<i class=\"Defaults-exclamation-triangle\"><\/i>\n<\/div><\/div><\/div><\/div><div class=\"aio-icon-header\" ><h3 class=\"aio-icon-title ult-responsive\"  data-ultimate-target='#Info-box-wrap-3651 .aio-icon-title'  data-responsive-json-new='{\"font-size\":\"desktop:26px;\",\"line-height\":\"\"}'  style=\"\">Import\u00e0ncia<\/h3><\/div> <!-- header --><div class=\"aio-icon-description ult-responsive\"  data-ultimate-target='#Info-box-wrap-3651 .aio-icon-description'  data-responsive-json-new='{\"font-size\":\"\",\"line-height\":\"\"}'  style=\"\">\n<p style=\"text-align: justify;\">Transmetre la import\u00e0ncia de tenir biblioteques a tots els centres, com agent d\u2019equitat, formaci\u00f3 i acc\u00e9s a la cultura i el coneixement.<\/p>\n<\/div> <!-- description --><\/div> <!-- aio-icon-box --><\/div> <!-- aio-icon-component --><div class=\"aio-icon-component    style_1\"><div id=\"Info-box-wrap-8655\" class=\"aio-icon-box top-icon\" style=\"\"  ><div class=\"aio-icon-top\"><div class=\"ult-just-icon-wrapper  \"><div class=\"align-icon\" style=\"text-align:center;\">\n<div class=\"aio-icon circle \" data-animation=\"fadeIn\" data-animation-delay=\"03\" style=\"color:#ffffff;background:#2a9675;font-size:42px;display:inline-block;\">\n\t<i class=\"Defaults-group\"><\/i>\n<\/div><\/div><\/div><\/div><div class=\"aio-icon-header\" ><h3 class=\"aio-icon-title ult-responsive\"  data-ultimate-target='#Info-box-wrap-8655 .aio-icon-title'  data-responsive-json-new='{\"font-size\":\"desktop:26px;\",\"line-height\":\"\"}'  style=\"\">Dret de l'alumnat<\/h3><\/div> <!-- header --><div class=\"aio-icon-description ult-responsive\"  data-ultimate-target='#Info-box-wrap-8655 .aio-icon-description'  data-responsive-json-new='{\"font-size\":\"\",\"line-height\":\"\"}'  style=\"\">\n<p style=\"text-align: justify;\">Defensar el dret dels infants i joves a gaudir d\u2019una biblioteca escolar de qualitat independentment del centre educatiu on estudi\u00efn i del seu teixit sociocultural.<\/p>\n<\/div> <!-- description --><\/div> <!-- aio-icon-box --><\/div> <!-- aio-icon-component -->[\/vc_column_inner][vc_column_inner width=&#8221;1\/3&#8243;]<div class=\"aio-icon-component    style_1\"><div id=\"Info-box-wrap-8956\" class=\"aio-icon-box top-icon\" style=\"\"  ><div class=\"aio-icon-top\"><div class=\"ult-just-icon-wrapper  \"><div class=\"align-icon\" style=\"text-align:center;\">\n<div class=\"aio-icon circle \" data-animation=\"fadeIn\" data-animation-delay=\"03\" style=\"color:#ffffff;background:#2a9675;font-size:42px;display:inline-block;\">\n\t<i class=\"Defaults-gavel\"><\/i>\n<\/div><\/div><\/div><\/div><div class=\"aio-icon-header\" ><h3 class=\"aio-icon-title ult-responsive\"  data-ultimate-target='#Info-box-wrap-8956 .aio-icon-title'  data-responsive-json-new='{\"font-size\":\"desktop:26px;\",\"line-height\":\"\"}'  style=\"\">Obligatorietat<\/h3><\/div> <!-- header --><div class=\"aio-icon-description ult-responsive\"  data-ultimate-target='#Info-box-wrap-8956 .aio-icon-description'  data-responsive-json-new='{\"font-size\":\"\",\"line-height\":\"\"}'  style=\"\">\n<p style=\"text-align: justify;\">Treballar pel compliment de l&#8217;obligatorietat legal dels centres educatius a tenir una biblioteca escolar al seu centre.<\/p>\n<\/div> <!-- description --><\/div> <!-- aio-icon-box --><\/div> <!-- aio-icon-component --><div class=\"aio-icon-component    style_1\"><div id=\"Info-box-wrap-8805\" class=\"aio-icon-box top-icon\" style=\"\"  ><div class=\"aio-icon-top\"><div class=\"ult-just-icon-wrapper  \"><div class=\"align-icon\" style=\"text-align:center;\">\n<div class=\"aio-icon circle \" data-animation=\"fadeIn\" data-animation-delay=\"03\" style=\"color:#ffffff;background:#2a9675;font-size:42px;display:inline-block;\">\n\t<i class=\"Defaults-laptop\"><\/i>\n<\/div><\/div><\/div><\/div><div class=\"aio-icon-header\" ><h3 class=\"aio-icon-title ult-responsive\"  data-ultimate-target='#Info-box-wrap-8805 .aio-icon-title'  data-responsive-json-new='{\"font-size\":\"desktop:26px;\",\"line-height\":\"\"}'  style=\"\">M\u00e9s que lectura<\/h3><\/div> <!-- header --><div class=\"aio-icon-description ult-responsive\"  data-ultimate-target='#Info-box-wrap-8805 .aio-icon-description'  data-responsive-json-new='{\"font-size\":\"\",\"line-height\":\"\"}'  style=\"\">\n<p style=\"text-align: justify;\">Incloure i integrar la biblioteca als projectes educatius dels centres, aix\u00ed com el seu paper en les noves alfabetitzacions i compet\u00e8ncies informacionals, digitals, medi\u00e0tiques i cient\u00edfiques.<\/p>\n<\/div> <!-- description --><\/div> <!-- aio-icon-box --><\/div> <!-- aio-icon-component -->[\/vc_column_inner][vc_column_inner width=&#8221;1\/3&#8243;]<div class=\"aio-icon-component    style_1\"><div id=\"Info-box-wrap-3257\" class=\"aio-icon-box top-icon\" style=\"\"  ><div class=\"aio-icon-top\"><div class=\"ult-just-icon-wrapper  \"><div class=\"align-icon\" style=\"text-align:center;\">\n<div class=\"aio-icon circle \" data-animation=\"fadeIn\" data-animation-delay=\"03\" style=\"color:#ffffff;background:#2a9675;font-size:42px;display:inline-block;\">\n\t<i class=\"Defaults-close\"><\/i>\n<\/div><\/div><\/div><\/div><div class=\"aio-icon-header\" ><h3 class=\"aio-icon-title ult-responsive\"  data-ultimate-target='#Info-box-wrap-3257 .aio-icon-title'  data-responsive-json-new='{\"font-size\":\"desktop:26px;\",\"line-height\":\"\"}'  style=\"\">No voluntarietat<\/h3><\/div> <!-- header --><div class=\"aio-icon-description ult-responsive\"  data-ultimate-target='#Info-box-wrap-3257 .aio-icon-description'  data-responsive-json-new='{\"font-size\":\"\",\"line-height\":\"\"}'  style=\"\">\n<p style=\"text-align: justify;\">Promoure l&#8217;exist\u00e8ncia d\u2019una biblioteca escolar activa i de qualitat a tots els centres educatius, sense que depengui del voluntariat d\u2019AMPA\/AFA o professorat.<\/p>\n<\/div> <!-- description --><\/div> <!-- aio-icon-box --><\/div> <!-- aio-icon-component --><div class=\"aio-icon-component    style_1\"><div id=\"Info-box-wrap-2433\" class=\"aio-icon-box top-icon\" style=\"\"  ><div class=\"aio-icon-top\"><div class=\"ult-just-icon-wrapper  \"><div class=\"align-icon\" style=\"text-align:center;\">\n<div class=\"aio-icon circle \" data-animation=\"fadeIn\" data-animation-delay=\"03\" style=\"color:#ffffff;background:#2a9675;font-size:42px;display:inline-block;\">\n\t<i class=\"Defaults-graduation-cap\"><\/i>\n<\/div><\/div><\/div><\/div><div class=\"aio-icon-header\" ><h3 class=\"aio-icon-title ult-responsive\"  data-ultimate-target='#Info-box-wrap-2433 .aio-icon-title'  data-responsive-json-new='{\"font-size\":\"desktop:26px;\",\"line-height\":\"\"}'  style=\"\">Professionalitzaci\u00f3<\/h3><\/div> <!-- header --><div class=\"aio-icon-description ult-responsive\"  data-ultimate-target='#Info-box-wrap-2433 .aio-icon-description'  data-responsive-json-new='{\"font-size\":\"\",\"line-height\":\"\"}'  style=\"\">\n<p style=\"text-align: justify;\">Exigir que les persones que treballen a les biblioteques escolars han de disposar de la formaci\u00f3 i dels recursos necessaris per a poder dur a terme la seva tasca amb \u00e8xit.<\/p>\n<\/div> <!-- description --><\/div> <!-- aio-icon-box --><\/div> <!-- aio-icon-component -->[\/vc_column_inner][\/vc_row_inner]<div class=\"ult-spacer spacer-69f5b35642c41\" data-id=\"69f5b35642c41\" data-height=\"70\" data-height-mobile=\"30\" data-height-tab=\"50\" data-height-tab-portrait=\"50\" data-height-mobile-landscape=\"30\" style=\"clear:both;display:block;\"><\/div>[\/vc_column][\/vc_row][vc_row bg_type=&#8221;bg_color&#8221; el_class=&#8221;mobile-pad&#8221; bg_color_value=&#8221;#f9fafb&#8221; css=&#8221;.vc_custom_1457638590050{border-bottom-width: 0px !important;}&#8221;][vc_column css=&#8221;.vc_custom_1457638546642{padding-right: 0px !important;padding-left: 0px !important;}&#8221;]<div class=\"ult-spacer spacer-69f5b35642c4c\" data-id=\"69f5b35642c4c\" data-height=\"70\" data-height-mobile=\"30\" data-height-tab=\"50\" data-height-tab-portrait=\"50\" data-height-mobile-landscape=\"30\" style=\"clear:both;display:block;\"><\/div>[vc_row_inner css=&#8221;.vc_custom_1457638522058{margin: 0px !important;padding: 0px !important;}&#8221;][vc_column_inner width=&#8221;1\/6&#8243;][\/vc_column_inner][vc_column_inner width=&#8221;2\/3&#8243;][vc_column_text css=&#8221;.vc_custom_1664178548283{margin-bottom: 10px !important;}&#8221; el_class=&#8221;text-center&#8221;]LA NOSTRA MISSI\u00d3[\/vc_column_text][vc_separator color=&#8221;custom&#8221; style=&#8221;double&#8221; el_width=&#8221;10&#8243; accent_color=&#8221;#2A9675&#8243; css=&#8221;.vc_custom_1454169758262{margin-top: 0px !important;margin-bottom: 0px !important;}&#8221;][vc_column_text el_class=&#8221;text-center&#8221; css=&#8221;.vc_custom_1667733481783{margin-top: 20px !important;}&#8221;]Que tots els centres educatius de Catalunya disposin d&#8217;una biblioteca escolar central amb prou recursos i hores d&#8217;obertura per complir els seus objectius i funcions.[\/vc_column_text][\/vc_column_inner][vc_column_inner width=&#8221;1\/6&#8243;][\/vc_column_inner][\/vc_row_inner][vc_row_inner css=&#8221;.vc_custom_1457638619591{margin: 0px !important;padding: 0px !important;}&#8221;][vc_column_inner width=&#8221;1\/2&#8243; css=&#8221;.vc_custom_1442695146598{padding: 15px !important;}&#8221;]<div id=\"ultimate-heading-705169f5b35642c60\" class=\"uvc-heading ult-adjust-bottom-margin ultimate-heading-705169f5b35642c60 uvc-7547 \" data-hspacer=\"no_spacer\"  data-halign=\"left\" style=\"text-align:left\"><div class=\"uvc-heading-spacer no_spacer\" style=\"top\"><\/div><div class=\"uvc-main-heading ult-responsive\"  data-ultimate-target='.uvc-heading.ultimate-heading-705169f5b35642c60 h4'  data-responsive-json-new='{\"font-size\":\"\",\"line-height\":\"\"}' ><h4 style=\"font-weight:bold;margin-top:20px;margin-bottom:12px;\">Constru\u00efm un m\u00f3n millor per als nostres infants i joves<\/h4><\/div><div class=\"uvc-sub-heading ult-responsive\"  data-ultimate-target='.uvc-heading.ultimate-heading-705169f5b35642c60 .uvc-sub-heading '  data-responsive-json-new='{\"font-size\":\"\",\"line-height\":\"desktop:32px;\"}'  style=\"font-weight:normal;\">\n<p style=\"text-align: justify;\">Tots els infants i joves necessiten una biblioteca escolar professionalitzada que sigui un espai de desconnexi\u00f3, de calma, de treball i d&#8217;estudi. On la persona encarregada d&#8217;aquest equipament pugui donar resposta a les seves inquietuds i els seus interessos vitals i sigui un nexe d&#8217;uni\u00f3 entre el m\u00f3n de l&#8217;alumnat i el de la cultura escrita, llegida i audiovisual tot promovent eines \u00fatils per a gestionar la informaci\u00f3 i, d&#8217;aquesta manera, garantir-ne un millor desenvolupament acad\u00e8mic.<\/p>\n<\/div><\/div>[\/vc_column_inner][vc_column_inner width=&#8221;1\/2&#8243;]<div id=\"ult-carousel-379371197169f5b35642cd5\" class=\"ult-carousel-wrapper   ult_horizontal\" data-gutter=\"15\" data-rtl=\"false\" ><div class=\"ult-carousel-146790950469f5b35642c7a \" >[vc_single_image image=&#8221;4591&#8243; img_size=&#8221;full&#8221; add_caption=&#8221;yes&#8221; alignment=&#8221;center&#8221; css=&#8221;.vc_custom_1666542700144{margin-top: 24px !important;border-top-width: 1px !important;border-right-width: 1px !important;border-bottom-width: 1px !important;border-left-width: 1px !important;padding-top: 5px !important;padding-right: 5px !important;padding-bottom: 5px !important;padding-left: 5px !important;}&#8221;][vc_single_image image=&#8221;4593&#8243; img_size=&#8221;full&#8221; add_caption=&#8221;yes&#8221; alignment=&#8221;center&#8221; css=&#8221;.vc_custom_1666542957843{margin-top: 24px !important;border-top-width: 1px !important;border-right-width: 1px !important;border-bottom-width: 1px !important;border-left-width: 1px !important;padding-top: 5px !important;padding-right: 5px !important;padding-bottom: 5px !important;padding-left: 5px !important;}&#8221;][vc_single_image image=&#8221;4594&#8243; img_size=&#8221;full&#8221; add_caption=&#8221;yes&#8221; css=&#8221;.vc_custom_1666543309142{margin-top: 24px !important;border-top-width: 1px !important;border-right-width: 1px !important;border-bottom-width: 1px !important;border-left-width: 1px !important;padding-top: 5px !important;padding-right: 5px !important;padding-bottom: 5px !important;padding-left: 5px !important;}&#8221;]<\/div><\/div>\t\t\t<script type=\"text\/javascript\">\r\n\t\t\t\tjQuery(document).ready(function ($) {\r\n\t\t\t\t\tif( typeof jQuery('.ult-carousel-146790950469f5b35642c7a').slick == \"function\"){\r\n\t\t\t\t\t\t$('.ult-carousel-146790950469f5b35642c7a').slick({dots: true,autoplay: true,autoplaySpeed: 5000,speed: 300,infinite: true,arrows: true,nextArrow: '<button type=\"button\" role=\"button\" aria-label=\"Next\" style=\"color:#333333; font-size:20px;\" class=\"slick-next default\"><i class=\"ultsl-arrow-right4\"><\/i><\/button>',prevArrow: '<button type=\"button\" role=\"button\" aria-label=\"Previous\" style=\"color:#333333; font-size:20px;\" class=\"slick-prev default\"><i class=\"ultsl-arrow-left4\"><\/i><\/button>',slidesToScroll:1,slidesToShow:1,swipe: true,draggable: true,touchMove: true,pauseOnHover: true,pauseOnFocus: false,responsive: [\r\n\t\t\t\t\t\t\t{\r\n\t\t\t\t\t\t\t  breakpoint: 1026,\r\n\t\t\t\t\t\t\t  settings: {\r\n\t\t\t\t\t\t\t\tslidesToShow: 1,\r\n\t\t\t\t\t\t\t\tslidesToScroll: 1,  \r\n\t\t\t\t\t\t\t  }\r\n\t\t\t\t\t\t\t},\r\n\t\t\t\t\t\t\t{\r\n\t\t\t\t\t\t\t  breakpoint: 1025,\r\n\t\t\t\t\t\t\t  settings: {\r\n\t\t\t\t\t\t\t\tslidesToShow: 1,\r\n\t\t\t\t\t\t\t\tslidesToScroll: 1\r\n\t\t\t\t\t\t\t  }\r\n\t\t\t\t\t\t\t},\r\n\t\t\t\t\t\t\t{\r\n\t\t\t\t\t\t\t  breakpoint: 760,\r\n\t\t\t\t\t\t\t  settings: {\r\n\t\t\t\t\t\t\t\tslidesToShow: 1,\r\n\t\t\t\t\t\t\t\tslidesToScroll: 1\r\n\t\t\t\t\t\t\t  }\r\n\t\t\t\t\t\t\t}\r\n\t\t\t\t\t\t],pauseOnDotsHover: true,customPaging: function(slider, i) {\r\n                   return '<i type=\"button\" style= \"color:#2a9675;\" class=\"ultsl-checkbox-partial\" data-role=\"none\"><\/i>';\r\n                },});\r\n\t\t\t\t\t}\r\n\t\t\t\t});\r\n\t\t\t<\/script>\r\n\t\t\t[\/vc_column_inner][\/vc_row_inner]<div class=\"ult-spacer spacer-69f5b35642d0f\" data-id=\"69f5b35642d0f\" data-height=\"70\" data-height-mobile=\"30\" data-height-tab=\"50\" data-height-tab-portrait=\"50\" data-height-mobile-landscape=\"30\" style=\"clear:both;display:block;\"><\/div>[\/vc_column][\/vc_row]\n<\/div>","protected":false},"excerpt":{"rendered":"<p>[vc_row bg_type=&#8221;image&#8221; parallax_style=&#8221;vcpb-default&#8221; bg_image_new=&#8221;2615|http:\/\/greenassociatesaccountants.com\/dynamism\/wp-content\/uploads\/2016\/01\/s10.jpg&#8221; bg_image_repeat=&#8221;no-repeat&#8221; bg_image_posiiton=&#8221;center top&#8221; enable_overlay=&#8221;enable_overlay_value&#8221; overlay_color=&#8221;rgba(10,10,10,0.5)&#8221; overlay_pattern=&#8221;transperant&#8221; overlay_pattern_opacity=&#8221;80&#8243; overlay_pattern_attachment=&#8221;fixed&#8221; css=&#8221;.vc_custom_1457638354576{margin-bottom: 0px !important;}&#8221; el_class=&#8221;mobile-pad&#8221;][vc_column css=&#8221;.vc_custom_1457638455440{padding-right: 0px !important;padding-left: 0px !important;}&#8221;][\/vc_column][\/vc_row][vc_row enable_overlay=&#8221;enable_overlay_value&#8221; overlay_color=&#8221;rgba(10,10,10,0.5)&#8221; overlay_pattern=&#8221;transperant&#8221; overlay_pattern_opacity=&#8221;80&#8243; overlay_pattern_attachment=&#8221;fixed&#8221; css=&#8221;.vc_custom_1457638497840{margin-bottom: 0px !important;}&#8221; el_class=&#8221;mobile-pad&#8221;][vc_column [&hellip;]<\/p>\n","protected":false},"author":2,"featured_media":0,"parent":0,"menu_order":0,"comment_status":"closed","ping_status":"closed","template":"template-homepage.php","meta":{"nf_dc_page":"","footnotes":""},"class_list":["post-1788","page","type-page","status-publish","hentry"],"jetpack_sharing_enabled":true,"_links":{"self":[{"href":"https:\/\/www.cobdc.net\/gtbescolars\/wp-json\/wp\/v2\/pages\/1788","targetHints":{"allow":["GET"]}}],"collection":[{"href":"https:\/\/www.cobdc.net\/gtbescolars\/wp-json\/wp\/v2\/pages"}],"about":[{"href":"https:\/\/www.cobdc.net\/gtbescolars\/wp-json\/wp\/v2\/types\/page"}],"author":[{"embeddable":true,"href":"https:\/\/www.cobdc.net\/gtbescolars\/wp-json\/wp\/v2\/users\/2"}],"replies":[{"embeddable":true,"href":"https:\/\/www.cobdc.net\/gtbescolars\/wp-json\/wp\/v2\/comments?post=1788"}],"version-history":[{"count":5,"href":"https:\/\/www.cobdc.net\/gtbescolars\/wp-json\/wp\/v2\/pages\/1788\/revisions"}],"predecessor-version":[{"id":4173,"href":"https:\/\/www.cobdc.net\/gtbescolars\/wp-json\/wp\/v2\/pages\/1788\/revisions\/4173"}],"wp:attachment":[{"href":"https:\/\/www.cobdc.net\/gtbescolars\/wp-json\/wp\/v2\/media?parent=1788"}],"curies":[{"name":"wp","href":"https:\/\/api.w.org\/{rel}","templated":true}]}}