{"id":18,"date":"2017-10-19T12:16:24","date_gmt":"2017-10-19T10:16:24","guid":{"rendered":"http:\/\/www.cobdc.net\/15JCID\/?page_id=18"},"modified":"2018-01-26T12:46:42","modified_gmt":"2018-01-26T11:46:42","slug":"tornen-les-jornades-catalanes-dinformacio-i-documentacio","status":"publish","type":"page","link":"https:\/\/www.cobdc.net\/15JCID\/tornen-les-jornades-catalanes-dinformacio-i-documentacio\/","title":{"rendered":"Tornen les Jornades Catalanes d\u2019Informaci\u00f3 i Documentaci\u00f3"},"content":{"rendered":"<p style=\"text-align: justify;\">Un any m\u00e9s, el Col\u00b7legi Oficial de Bibliotecaris-Documentalistes de Catalunya organitza les Jornades Catalanes d\u2019Informaci\u00f3 i Documentaci\u00f3, enguany celebrarem la quinzena edici\u00f3.<\/p>\n<p style=\"text-align: justify;\">Les Jornades se celebraran els dies <strong>10 i 11 de maig a Barcelona al Campus de la Ciutadella de la Universitat Pompeu Fabra<\/strong> i ja us podem avan\u00e7ar que estem treballant un programa centrat en els perfils professionals del nostre sector.<\/p>\n<p style=\"text-align: justify;\">Amb el lema \u201c<strong>Diversitat de BiDes<\/strong>\u201d volem posar sobre la taula tot all\u00f2 que compartim com a experts i a la vegada tot all\u00f2 que ens fa \u00fanics i diferents entre nosaltres. Tres eixos tem\u00e0tics marcaran les sessions de les Jornades: <strong>innovadors, singulars i gestors<\/strong>.<\/p>\n<p style=\"text-align: justify;\">Al programa de les Jornades, que farem p\u00fablic ben aviat, es tractaran temes tan diversos com ho s\u00f3n els professionals: biblioteca p\u00fablica, biblioteques escolars, titulacions, administraci\u00f3 p\u00fablica, crais, m\u00e0rqueting, eines socials, comunicacions, experi\u00e8ncies i p\u00f2sters entre d\u2019altres.<\/p>\n<p style=\"text-align: justify;\">Per primera vegada, comptarem amb l\u2019espai \u201c<strong>Galeria<\/strong>\u201d, una zona de les Jornades on hi haur\u00e0 representaci\u00f3 d\u2019empreses, grups de treball, tallers redu\u00efts, espai del COBDC, demostracions de productes i molt m\u00e9s.<\/p>\n<p style=\"text-align: justify;\">Ben aviat, presentarem la imatge corporativa de les Jornades i us anirem informant de totes les novetats, podeu seguir-nos als canals habituals del COBDC per no perdre\u2019us cap actualitzaci\u00f3.<\/p>\n<p><strong>Som una diversitat de BiDes!<\/strong><\/p>\n","protected":false},"excerpt":{"rendered":"<p>Un any m\u00e9s, el Col\u00b7legi Oficial de Bibliotecaris-Documentalistes de Catalunya organitza les Jornades Catalanes d\u2019Informaci\u00f3 i Documentaci\u00f3, enguany celebrarem la quinzena edici\u00f3. Les Jornades se celebraran els dies 10 i 11 de maig a Barcelona al Campus de la Ciutadella &hellip; <a href=\"https:\/\/www.cobdc.net\/15JCID\/tornen-les-jornades-catalanes-dinformacio-i-documentacio\/\">Continua llegint <span class=\"meta-nav\">&rarr;<\/span><\/a><\/p>\n","protected":false},"author":1,"featured_media":0,"parent":0,"menu_order":0,"comment_status":"closed","ping_status":"closed","template":"","meta":{"footnotes":""},"class_list":["post-18","page","type-page","status-publish","hentry"],"_links":{"self":[{"href":"https:\/\/www.cobdc.net\/15JCID\/wp-json\/wp\/v2\/pages\/18","targetHints":{"allow":["GET"]}}],"collection":[{"href":"https:\/\/www.cobdc.net\/15JCID\/wp-json\/wp\/v2\/pages"}],"about":[{"href":"https:\/\/www.cobdc.net\/15JCID\/wp-json\/wp\/v2\/types\/page"}],"author":[{"embeddable":true,"href":"https:\/\/www.cobdc.net\/15JCID\/wp-json\/wp\/v2\/users\/1"}],"replies":[{"embeddable":true,"href":"https:\/\/www.cobdc.net\/15JCID\/wp-json\/wp\/v2\/comments?post=18"}],"version-history":[{"count":3,"href":"https:\/\/www.cobdc.net\/15JCID\/wp-json\/wp\/v2\/pages\/18\/revisions"}],"predecessor-version":[{"id":387,"href":"https:\/\/www.cobdc.net\/15JCID\/wp-json\/wp\/v2\/pages\/18\/revisions\/387"}],"wp:attachment":[{"href":"https:\/\/www.cobdc.net\/15JCID\/wp-json\/wp\/v2\/media?parent=18"}],"curies":[{"name":"wp","href":"https:\/\/api.w.org\/{rel}","templated":true}]}}