{"id":179,"date":"2017-11-29T17:06:57","date_gmt":"2017-11-29T16:06:57","guid":{"rendered":"http:\/\/www.cobdc.net\/15JCID\/?page_id=179"},"modified":"2018-02-15T13:24:14","modified_gmt":"2018-02-15T12:24:14","slug":"programa","status":"publish","type":"page","link":"https:\/\/www.cobdc.net\/15JCID\/programa\/","title":{"rendered":"Programa"},"content":{"rendered":"<p><!--<img loading=\"lazy\" decoding=\"async\" class=\"alignnone size-full wp-image-198\" src=\"http:\/\/www.cobdc.net\/15JCID\/wp-content\/uploads\/2017\/11\/ttitol-programa.png\" alt=\"\" width=\"189\" height=\"50\" \/>\n\n<span style=\"font-family: tahoma, arial, helvetica, sans-serif;\">A continuaci\u00f3 us presentem el programa de les Jornades.\nTeniu a la vostra disposici\u00f3 una <a title=\"Acc\u00e9s a la versi\u00f3 en format taula\" href=\"http:\/\/www.cobdc.org\/jornades\/12JCD\/programa_jornades.pdf\" rel=\"external\">versi\u00f3 per imprimir<\/a> <img loading=\"lazy\" decoding=\"async\" src=\"http:\/\/www.cobdc.org\/jornades\/12JCD\/icones\/pdf.gif\" alt=\"recurs en format PDF\" width=\"20\" height=\"20\" \/> [ Kb]<\/span>--><\/p>\n<p style=\"text-align: justify;\">El programa es divideix en base als dos espais que articulen la configuraci\u00f3 de les Jornades: l\u2019<span style=\"color: #0072b1;\"><strong>Espai Debat<\/strong><\/span>, el qual aplega el vessant m\u00e9s cient\u00edfic i les taules rodones que pretenen ser un espai de reflexi\u00f3 i construcci\u00f3 al voltant de la nostra professi\u00f3; i l\u2019<span style=\"color: #0072b1;\"><strong>Espai Acci\u00f3<\/strong><\/span>, m\u00e9s centrat en el vessant pr\u00e0ctic d\u2019aquesta, en el qual podreu assistir a tallers, con\u00e8ixer bones pr\u00e0ctiques professionals, demostracions de les empreses participants i les propostes resultants de l\u2019esfor\u00e7 continuat dels grups de treball del COBDC.<\/p>\n<p>&nbsp;<\/p>\n<p><img loading=\"lazy\" decoding=\"async\" class=\"alignnone size-full wp-image-278\" src=\"http:\/\/www.cobdc.net\/15JCID\/wp-content\/uploads\/2017\/11\/blanc.png\" alt=\"\" width=\"50\" height=\"1\" \/><a href=\"http:\/\/www.cobdc.net\/15JCID\/dijous-10-de-maig-1\/ \"><img loading=\"lazy\" decoding=\"async\" class=\"alignnone wp-image-190 size-full\" src=\"http:\/\/www.cobdc.net\/15JCID\/wp-content\/uploads\/2017\/11\/calendari-copia10.png\" alt=\"\" width=\"150\" height=\"136\" \/><\/a><span style=\"font-family: tahoma, arial, helvetica, sans-serif;\"><strong> <img loading=\"lazy\" decoding=\"async\" class=\"alignnone size-full wp-image-278\" src=\"http:\/\/www.cobdc.net\/15JCID\/wp-content\/uploads\/2017\/11\/blanc.png\" alt=\"\" width=\"50\" height=\"1\" \/><a href=\"http:\/\/www.cobdc.net\/15JCID\/divendres-11-de-maig-1\"><img loading=\"lazy\" decoding=\"async\" class=\"alignnone wp-image-192 size-full\" src=\"http:\/\/www.cobdc.net\/15JCID\/wp-content\/uploads\/2017\/11\/calendari-copia11.png\" alt=\"\" width=\"150\" height=\"136\" \/><\/a><\/strong><\/span><\/p>\n<p><strong>Llegenda:<\/strong><span style=\"color: #0072b1;\">\u00a0\u00a0\u00a0\u00a0\u00a0 <\/span><\/p>\n<p><img loading=\"lazy\" decoding=\"async\" class=\"size-medium wp-image-637 alignnone\" src=\"http:\/\/www.cobdc.net\/15JCID\/wp-content\/uploads\/2018\/02\/espais-300x39.png\" alt=\"\" width=\"300\" height=\"39\" srcset=\"https:\/\/www.cobdc.net\/15JCID\/wp-content\/uploads\/2018\/02\/espais-300x39.png 300w, https:\/\/www.cobdc.net\/15JCID\/wp-content\/uploads\/2018\/02\/espais.png 453w\" sizes=\"auto, (max-width: 300px) 100vw, 300px\" \/><\/p>\n","protected":false},"excerpt":{"rendered":"<p>El programa es divideix en base als dos espais que articulen la configuraci\u00f3 de les Jornades: l\u2019Espai Debat, el qual aplega el vessant m\u00e9s cient\u00edfic i les taules rodones que pretenen ser un espai de reflexi\u00f3 i construcci\u00f3 al voltant &hellip; <a href=\"https:\/\/www.cobdc.net\/15JCID\/programa\/\">Continua llegint <span class=\"meta-nav\">&rarr;<\/span><\/a><\/p>\n","protected":false},"author":1,"featured_media":0,"parent":0,"menu_order":0,"comment_status":"closed","ping_status":"closed","template":"","meta":{"footnotes":""},"class_list":["post-179","page","type-page","status-publish","hentry"],"_links":{"self":[{"href":"https:\/\/www.cobdc.net\/15JCID\/wp-json\/wp\/v2\/pages\/179","targetHints":{"allow":["GET"]}}],"collection":[{"href":"https:\/\/www.cobdc.net\/15JCID\/wp-json\/wp\/v2\/pages"}],"about":[{"href":"https:\/\/www.cobdc.net\/15JCID\/wp-json\/wp\/v2\/types\/page"}],"author":[{"embeddable":true,"href":"https:\/\/www.cobdc.net\/15JCID\/wp-json\/wp\/v2\/users\/1"}],"replies":[{"embeddable":true,"href":"https:\/\/www.cobdc.net\/15JCID\/wp-json\/wp\/v2\/comments?post=179"}],"version-history":[{"count":22,"href":"https:\/\/www.cobdc.net\/15JCID\/wp-json\/wp\/v2\/pages\/179\/revisions"}],"predecessor-version":[{"id":264,"href":"https:\/\/www.cobdc.net\/15JCID\/wp-json\/wp\/v2\/pages\/179\/revisions\/264"}],"wp:attachment":[{"href":"https:\/\/www.cobdc.net\/15JCID\/wp-json\/wp\/v2\/media?parent=179"}],"curies":[{"name":"wp","href":"https:\/\/api.w.org\/{rel}","templated":true}]}}