{"id":1171,"date":"2018-05-24T12:37:30","date_gmt":"2018-05-24T10:37:30","guid":{"rendered":"http:\/\/www.cobdc.net\/15JCID\/?page_id=1171"},"modified":"2018-06-27T10:55:55","modified_gmt":"2018-06-27T08:55:55","slug":"experiencies","status":"publish","type":"page","link":"https:\/\/www.cobdc.net\/15JCID\/experiencies\/","title":{"rendered":"Experi\u00e8ncies"},"content":{"rendered":"<table>\n<tbody>\n<tr style=\"background-color: #b31b1b;\">\n<td><span style=\"color: #ffffff;\">T\u00edtol<\/span><\/td>\n<td><span style=\"color: #ffffff;\">Autors<\/span><\/td>\n<td><span style=\"color: #ffffff;\">Experi\u00e8ncia<\/span><\/td>\n<\/tr>\n<tr>\n<td>La pol\u00edtica de col\u00b7lecci\u00f3 a la Xarxa de Biblioteques de L&#8217;Hospitalet de Llobregat. Els fons especialitzats.<\/td>\n<td>Pedro A. Bravo Jim\u00e9nez<\/td>\n<td>\u00a0<a href=\"http:\/\/www.cobdc.net\/15JCID\/wp-content\/uploads\/2018\/05\/Exp1.pdf\">PDF<\/a><\/td>\n<\/tr>\n<tr>\n<td>CoWorking. Cocreaci\u00f3, Treball en Xarxa i Coneixement Compartit. Un Riu de Lectures. Biblioteca de Roquetes. Institut de Roquetes.<\/td>\n<td>Begonya Ferr\u00e9 Borr\u00e0s<\/td>\n<td>\u00a0<a href=\"http:\/\/www.cobdc.net\/15JCID\/wp-content\/uploads\/2018\/05\/Exp2.pdf\">PDF<\/a><\/td>\n<\/tr>\n<tr>\n<td>La comunicaci\u00f3 cap a l&#8217;usuari al Campus del Baix Llobregat<\/td>\n<td>Beatriz Ben\u00edtez, Susanna Fern\u00e0ndez, Gemma Garcia, Merc\u00e8 Pinyol, Mar Roman\u00ed, Laia Serveto i Maite Sevil<\/td>\n<td>\u00a0<a href=\"http:\/\/www.cobdc.net\/15JCID\/wp-content\/uploads\/2018\/05\/Exp3.pdf\">PDF<\/a><\/td>\n<\/tr>\n<tr>\n<td>Biblioteca de llavors. La Biblioteca com a agent actiu en la difusi\u00f3 del coneixement integrant nous materials al seu fons documental<\/td>\n<td>Beatriz Ben\u00edtez Juan i Laia Serveto Azor\u00edn<\/td>\n<td>\u00a0<a href=\"http:\/\/www.cobdc.net\/15JCID\/wp-content\/uploads\/2018\/05\/Exp4.pdf\">PDF<\/a><\/td>\n<\/tr>\n<tr>\n<td>Rodari a la biblioteca. El binomi fant\u00e0stic.<\/td>\n<td>Ivana Ares Seijo<\/td>\n<td>\u00a0<a href=\"http:\/\/www.cobdc.net\/15JCID\/wp-content\/uploads\/2018\/05\/Exp5.pdf\">PDF<\/a><\/td>\n<\/tr>\n<tr>\n<td>Repensando la infoxicaci\u00f3n, y la funci\u00f3n informativa de las bibliotecas<\/td>\n<td>Evelio Mart\u00ednez Ca\u00f1adas<\/td>\n<td>\u00a0<a href=\"http:\/\/www.cobdc.net\/15JCID\/wp-content\/uploads\/2018\/05\/Exp6.pdf\">PDF<\/a><\/td>\n<\/tr>\n<tr>\n<td>Estrat\u00e8gia digital del Servei de Biblioteques del Govern Basc<\/td>\n<td>Patricia Acebes Hern\u00e1ndez<\/td>\n<td>\u00a0<a href=\"http:\/\/www.cobdc.net\/15JCID\/wp-content\/uploads\/2018\/05\/Exp7.pdf\">PDF<\/a><\/td>\n<\/tr>\n<tr>\n<td>Els lots i cubs de lectura f\u00e0cil de la Central de Pr\u00e9stec: una eina de suport per a la biblioteca inclusiva<\/td>\n<td>Francesc Xavier Gonz\u00e1lez-Cuadra i Elena Alonso Macias<\/td>\n<td>\u00a0<a href=\"http:\/\/www.cobdc.net\/15JCID\/wp-content\/uploads\/2018\/05\/Exp8.pdf\">PDF<\/a><\/td>\n<\/tr>\n<tr>\n<td>Gesti\u00f3 de dades de recerca en les biblioteques de les Universitats de Catalunya<\/td>\n<td>Mireia Alcal\u00e1 Ponce de Le\u00f3n i Llu\u00eds Anglada i de Ferrer<\/td>\n<td>\u00a0<a href=\"http:\/\/www.cobdc.net\/15JCID\/wp-content\/uploads\/2018\/05\/Exp9.pdf\">PDF<\/a><\/td>\n<\/tr>\n<tr>\n<td>Concurs de lectura &#8220;Joc del dau&#8221; de la Biblioteca Marta Mata de Cornell\u00e0 de Llobregat<\/td>\n<td>Anna Salvia Hortal<\/td>\n<td>\u00a0<a href=\"http:\/\/www.cobdc.net\/15JCID\/wp-content\/uploads\/2018\/05\/Exp10.pdf\">PDF<\/a><\/td>\n<\/tr>\n<tr>\n<td>La Biblioteca p\u00fablica m\u00e9s a prop que mai de l&#8217;escola<\/td>\n<td>Francina Bacardit Palomas, Marta Camps Bartrol\u00ed, Montse Fuster Garcia, Dani Rio, N\u00faria Samper Rovira i Marta Tall\u00f3 Sanz<\/td>\n<td>\u00a0<a href=\"http:\/\/www.cobdc.net\/15JCID\/wp-content\/uploads\/2018\/05\/Exp11.pdf\">PDF<\/a><\/td>\n<\/tr>\n<tr>\n<td>El Velocirepte: el repte lector de les Biblioteques de Barcelona<\/td>\n<td>M\u00f2nica Medina i Blanes i Dav\u00ednia Cister\u00e9 L\u00f3pez<\/td>\n<td>\u00a0<a href=\"http:\/\/www.cobdc.net\/15JCID\/wp-content\/uploads\/2018\/05\/Exp12.pdf\">PDF<\/a><\/td>\n<\/tr>\n<tr>\n<td>L&#8217;AmericanSpaceBarcleona a la biblioteca Ignasi Igl\u00e9sias-Can Fabra. Di\u00e0leg, innovaci\u00f3 tecnol\u00f2gica i aprenentatge col\u00b7laboratiu<\/td>\n<td>Gemma Domingo Espinet i Anna Villanueva Fortea<\/td>\n<td>\u00a0<a href=\"http:\/\/www.cobdc.net\/15JCID\/wp-content\/uploads\/2018\/05\/Exp13.pdf\">PDF<\/a><\/td>\n<\/tr>\n<tr>\n<td>Bibliocurts-Festival de curtmetratges de Biblioteques de Barcelona: La biblioteca com a punt de connexi\u00f3 entre innovaci\u00f3, creativitat, participaci\u00f3 i actualitat a trav\u00e9s de l&#8217;audiovisual<\/td>\n<td>Iliana Loukopoulou i Laura Pla Aumatell<\/td>\n<td>\u00a0<a href=\"http:\/\/www.cobdc.net\/15JCID\/wp-content\/uploads\/2018\/05\/Exp14.pdf\">PDF<\/a><\/td>\n<\/tr>\n<tr>\n<td>Biblioteques Municipals de Reus: cr\u00e9ixer en temps de crisi<\/td>\n<td>Cristina Garreta Girona<\/td>\n<td>\u00a0<a href=\"http:\/\/www.cobdc.net\/15JCID\/wp-content\/uploads\/2018\/05\/Exp15.pdf\">PDF<\/a><\/td>\n<\/tr>\n<tr>\n<td>Travessia cap a la gamificaci\u00f3 al CRAI Biblioteca del Campus de Mundet de la UB<\/td>\n<td>Jordi Cornet Hernando, Joan Pons Vila, Jordi Tremosa Armengol i Rosa Zaborras Gracia<\/td>\n<td>\u00a0<a href=\"http:\/\/www.cobdc.net\/15JCID\/wp-content\/uploads\/2018\/05\/Exp16.pdf\">PDF<\/a><\/td>\n<\/tr>\n<tr>\n<td>El Thesaurus de la Universitat de Barcelona: 25 anys en constant evoluci\u00f3<\/td>\n<td>Rosa Fabeiro i Pep Casals<\/td>\n<td>\u00a0<a href=\"http:\/\/www.cobdc.net\/15JCID\/wp-content\/uploads\/2018\/05\/Exp17.pdf\">PDF<\/a><\/td>\n<\/tr>\n<tr>\n<td>La redefinici\u00f3 de l&#8217;espai com a motor d&#8217;innovaci\u00f3 a la Biblioteca de l&#8217;EPSEVG: convertir la biblioteca en la &#8220;segona casa dels estudiants&#8221;<\/td>\n<td>Maria Hort\u00e8nsia \u00c1lvarez<\/td>\n<td>\u00a0<a href=\"http:\/\/www.cobdc.net\/15JCID\/wp-content\/uploads\/2018\/05\/Exp18.pdf\">PDF<\/a><\/td>\n<\/tr>\n<tr>\n<td>Llegim Salut Mental<\/td>\n<td>Ester Farr\u00e9s Sucarrat, Ivette Griera Raurell i Sandra L\u00f3pez Merino<\/td>\n<td>\u00a0<a href=\"http:\/\/www.cobdc.net\/15JCID\/wp-content\/uploads\/2018\/05\/Exp19.pdf\">PDF<\/a><\/td>\n<\/tr>\n<tr>\n<td>GeoCommons. Geolocalitzaci\u00f3 de la producci\u00f3 acad\u00e8mica de la UPC<\/td>\n<td>Francisco M\u00e1\u00f1ez S\u00e1nchez i Jordi Prats Prat<\/td>\n<td>\u00a0<a href=\"http:\/\/www.cobdc.net\/15JCID\/wp-content\/uploads\/2018\/05\/Exp20.pdf\">PDF<\/a><\/td>\n<\/tr>\n<tr>\n<td>&#8220;Cuines del M\u00f3n&#8221;, BiblioLab gastron\u00f2mic cultural a la Biblioteca del Fondo. Santa Coloma de Gramenet<\/td>\n<td>Ana Bardaj\u00ed, Mariona Chavarria i Irene Moreno<\/td>\n<td>\u00a0<a href=\"http:\/\/www.cobdc.net\/15JCID\/wp-content\/uploads\/2018\/05\/Exp21.pdf\">PDF<\/a><\/td>\n<\/tr>\n<tr>\n<td>Bertrana de Cap\u00e7alera. Un projecte de la Biblioteca de la UdG per a l&#8217;Any Bertrana<\/td>\n<td>Xavier Ezquerra, Laura Mor\u00e9 i Jaume Ruf\u00ed<\/td>\n<td>\u00a0<a href=\"http:\/\/www.cobdc.net\/15JCID\/wp-content\/uploads\/2018\/05\/Exp22.pdf\">PDF<\/a><\/td>\n<\/tr>\n<tr>\n<td>El Quadre de comandament del CRAI de la Universitat de Barcelona<\/td>\n<td>Eva Alba, Carme Jounou i Carme Melsi\u00f3<\/td>\n<td><a href=\"http:\/\/www.cobdc.net\/15JCID\/wp-content\/uploads\/2018\/06\/Exp23.pdf\">PDF<\/a><\/td>\n<\/tr>\n<tr>\n<td>&#8220;Parcs i biblioteques, naturalment!&#8221;. Un projecte col\u00b7laboratiu entre la Xarxa de Biblioteques Municipals i la Xarxa de Parcs Naturals de la Diputaci\u00f3 de Barcelona<\/td>\n<td>Montserrat \u00c0lvarez Mass\u00f3, S\u00edlvia Sebastian Salvatierra, Ana L\u00f3pez Baguena i Josep Melero Bellmunt<\/td>\n<td>\u00a0<a href=\"http:\/\/www.cobdc.net\/15JCID\/wp-content\/uploads\/2018\/05\/Exp24.pdf\">PDF<\/a><\/td>\n<\/tr>\n<tr>\n<td>Biblioteques i salut mental a les Terres de l&#8217;Ebre. Un projecte de la Central de Biblioteques de les Terres de l&#8217;Ebre en col\u00b7laboraci\u00f3 amb l&#8217;Institut Pere Mata d&#8217;Amposta (Servei de Salut Mental) i Serveis Territorials de Cultura a les Terres de l&#8217;Ebre<\/td>\n<td>Maria Dolors Casta\u00f1o Urgell\u00e8s<\/td>\n<td>\u00a0<a href=\"http:\/\/www.cobdc.net\/15JCID\/wp-content\/uploads\/2018\/05\/Exp25.pdf\">PDF<\/a><\/td>\n<\/tr>\n<tr>\n<td>La Guia de l&#8217;investigador: una visi\u00f3 integrada dels serveis i recursos de suport a la recerca de la UPF<\/td>\n<td>Ana Baiges, Anna Casald\u00e0liga, Mar Garreta i Olga Monterde<\/td>\n<td>\u00a0<a href=\"http:\/\/www.cobdc.net\/15JCID\/wp-content\/uploads\/2018\/05\/Exp26.pdf\">PDF<\/a><\/td>\n<\/tr>\n<tr>\n<td>El bibliotecari juvenil: un imprescindible<\/td>\n<td>J\u00falia Baena, Jordi Bosch i Gisela Ruiz<\/td>\n<td>\u00a0<a href=\"http:\/\/www.cobdc.net\/15JCID\/wp-content\/uploads\/2018\/06\/Exp27.pdf\">PDF<\/a><\/td>\n<\/tr>\n<tr>\n<td>La gesti\u00f3 del Contingut Generat per l&#8217;Usuari a l&#8217;Arxiu de TV3 i Catalunya R\u00e0dio<\/td>\n<td>M\u00f2nica Bechini i Jaume Pedregosa<\/td>\n<td>\u00a0<a href=\"http:\/\/www.cobdc.net\/15JCID\/wp-content\/uploads\/2018\/05\/Exp28.pdf\">PDF<\/a><\/td>\n<\/tr>\n<tr>\n<td>El projecte Biblioteques inclusives<\/td>\n<td>Assumpta Carbonell Trulls i Eva Matamoros Ginabreda<\/td>\n<td>\u00a0<a href=\"http:\/\/www.cobdc.net\/15JCID\/wp-content\/uploads\/2018\/05\/Exp29.pdf\">PDF<\/a><\/td>\n<\/tr>\n<tr>\n<td>Club de lectura per a mestres. Llegir per llegir.<\/td>\n<td>Ana Merino Mir i Macarena Traviesa<\/td>\n<td>\u00a0<a href=\"http:\/\/www.cobdc.net\/15JCID\/wp-content\/uploads\/2018\/05\/Exp30.pdf\">PDF<\/a><\/td>\n<\/tr>\n<tr>\n<td>Biblioteca i ciutadania: nous espais i recursos per als serveis bibliotecaris<\/td>\n<td>N\u00faria del Campo i Montse Juli\u00e0<\/td>\n<td>\u00a0<a href=\"http:\/\/www.cobdc.net\/15JCID\/wp-content\/uploads\/2018\/05\/Exp31.pdf\">PDF<\/a><\/td>\n<\/tr>\n<tr>\n<td>Millora en la prestaci\u00f3 de serveis als usuaris: la nova Factoria de la Biblioteca\/CRAI de la UPF<\/td>\n<td>Carme Cantos Puig<\/td>\n<td>\u00a0<a href=\"http:\/\/www.cobdc.net\/15JCID\/wp-content\/uploads\/2018\/05\/Exp32.pdf\">PDF<\/a><\/td>\n<\/tr>\n<tr>\n<td>Storymaps: el fons documental de Leonor Ferrer explicat amb mapes<\/td>\n<td>Noelia Ramos Espinosa<\/td>\n<td>\u00a0<a href=\"http:\/\/www.cobdc.net\/15JCID\/wp-content\/uploads\/2018\/05\/Exp33.pdf\">PDF<\/a><\/td>\n<\/tr>\n<tr>\n<td>La recerca com base de l&#8217;aprenentatge: el paper la biblioteca escolar i el bibliotecari dins del Projecte Pedag\u00f2gic de la Fundaci\u00f3 Escoles Garb\u00ed<\/td>\n<td>S\u00edlvia Redondo Iniesta, Alba Aguilar i Laura al\u00e8ncia<\/td>\n<td>\u00a0<a href=\"http:\/\/www.cobdc.net\/15JCID\/wp-content\/uploads\/2018\/05\/Exp34.pdf\">PDF<\/a><\/td>\n<\/tr>\n<tr>\n<td>Mentoring al Centre de Documentaci\u00f3 de Cultura Popular<\/td>\n<td>Marcos Y\u00e1\u00f1ez<\/td>\n<td><a href=\"http:\/\/www.cobdc.net\/15JCID\/wp-content\/uploads\/2018\/06\/Exp35.pdf\">\u00a0PDF<\/a><\/td>\n<\/tr>\n<tr>\n<td>Biblioteca i arxiu en un context muse\u00edstic. Experi\u00e8ncies LAM institucionals en el Museu del Disseny de Barcelona<\/td>\n<td>Albert D\u00edaz Mota i Marc Folia<\/td>\n<td>\u00a0<a href=\"http:\/\/www.cobdc.net\/15JCID\/wp-content\/uploads\/2018\/05\/Exp36.pdf\">PDF<\/a><\/td>\n<\/tr>\n<tr>\n<td>Al comp\u00e0s dels contes. Cicle de contes i m\u00fasica per a p\u00fablic familiar de l&#8217;Escola Conservatori de M\u00fasica a Tarragona i la Sala infantil de la Biblioteca P\u00fablica de Tarragona<\/td>\n<td>Imma Pujol Farr\u00e9s i Merc\u00e8 Iglesias Marca<\/td>\n<td>\u00a0<a href=\"http:\/\/www.cobdc.net\/15JCID\/wp-content\/uploads\/2018\/05\/Exp37.pdf\">PDF<\/a><\/td>\n<\/tr>\n<tr>\n<td>Biblioteca Escola una experi\u00e8ncia de treball compartit amb la comunitat educativa de Tarragona: 2014-2018<\/td>\n<td>Dolors Saumell i Calaf i N\u00faria Gondolbeu Sol\u00e9<\/td>\n<td>\u00a0<a href=\"http:\/\/www.cobdc.net\/15JCID\/wp-content\/uploads\/2018\/05\/Exp38.pdf\">PDF<\/a><\/td>\n<\/tr>\n<tr>\n<td>Servei #BIBLIOAPROP: la #BibliotecaAmbTU. Biblioteca P\u00fablica de Tarragona<\/td>\n<td>Carme Gaseni Blanch<\/td>\n<td>\u00a0<a href=\"http:\/\/www.cobdc.net\/15JCID\/wp-content\/uploads\/2018\/05\/Exp39.pdf\">PDF<\/a><\/td>\n<\/tr>\n<tr>\n<td>Twitter, l&#8217;experi\u00e8ncia de l&#8217;Arxiu de TV3 i Catalunya R\u00e0dio<\/td>\n<td>Montserrat Bailac i Jaume Pedregosa<\/td>\n<td>\u00a0<a href=\"http:\/\/www.cobdc.net\/15JCID\/wp-content\/uploads\/2018\/05\/Exp40.pdf\">PDF<\/a><\/td>\n<\/tr>\n<\/tbody>\n<\/table>\n","protected":false},"excerpt":{"rendered":"<p>T\u00edtol Autors Experi\u00e8ncia La pol\u00edtica de col\u00b7lecci\u00f3 a la Xarxa de Biblioteques de L&#8217;Hospitalet de Llobregat. Els fons especialitzats. Pedro A. Bravo Jim\u00e9nez \u00a0PDF CoWorking. Cocreaci\u00f3, Treball en Xarxa i Coneixement Compartit. Un Riu de Lectures. Biblioteca de Roquetes. Institut &hellip; <a href=\"https:\/\/www.cobdc.net\/15JCID\/experiencies\/\">Continua llegint <span class=\"meta-nav\">&rarr;<\/span><\/a><\/p>\n","protected":false},"author":1,"featured_media":0,"parent":0,"menu_order":0,"comment_status":"closed","ping_status":"closed","template":"","meta":{"footnotes":""},"class_list":["post-1171","page","type-page","status-publish","hentry"],"_links":{"self":[{"href":"https:\/\/www.cobdc.net\/15JCID\/wp-json\/wp\/v2\/pages\/1171","targetHints":{"allow":["GET"]}}],"collection":[{"href":"https:\/\/www.cobdc.net\/15JCID\/wp-json\/wp\/v2\/pages"}],"about":[{"href":"https:\/\/www.cobdc.net\/15JCID\/wp-json\/wp\/v2\/types\/page"}],"author":[{"embeddable":true,"href":"https:\/\/www.cobdc.net\/15JCID\/wp-json\/wp\/v2\/users\/1"}],"replies":[{"embeddable":true,"href":"https:\/\/www.cobdc.net\/15JCID\/wp-json\/wp\/v2\/comments?post=1171"}],"version-history":[{"count":14,"href":"https:\/\/www.cobdc.net\/15JCID\/wp-json\/wp\/v2\/pages\/1171\/revisions"}],"predecessor-version":[{"id":1269,"href":"https:\/\/www.cobdc.net\/15JCID\/wp-json\/wp\/v2\/pages\/1171\/revisions\/1269"}],"wp:attachment":[{"href":"https:\/\/www.cobdc.net\/15JCID\/wp-json\/wp\/v2\/media?parent=1171"}],"curies":[{"name":"wp","href":"https:\/\/api.w.org\/{rel}","templated":true}]}}