{"id":1169,"date":"2018-05-24T12:33:57","date_gmt":"2018-05-24T10:33:57","guid":{"rendered":"http:\/\/www.cobdc.net\/15JCID\/?page_id=1169"},"modified":"2018-05-24T12:33:57","modified_gmt":"2018-05-24T10:33:57","slug":"comunicacions","status":"publish","type":"page","link":"https:\/\/www.cobdc.net\/15JCID\/comunicacions\/","title":{"rendered":"Comunicacions"},"content":{"rendered":"<table>\n<tbody>\n<tr style=\"background-color: #387cd6;\">\n<td><span style=\"color: #ffffff;\">T\u00edtol<\/span><\/td>\n<td><span style=\"color: #ffffff;\">Autors<\/span><\/td>\n<td><span style=\"color: #ffffff;\">Comunicaci\u00f3<\/span><\/td>\n<\/tr>\n<tr>\n<td>Gestor de Patents in-a-box<\/td>\n<td>Francesc Garc\u00eda Grimau i Grelda Ortiz Amaya<\/td>\n<td>\u00a0<a href=\"http:\/\/www.cobdc.net\/15JCID\/wp-content\/uploads\/2018\/05\/Comu1.pdf\">PDF<\/a><\/td>\n<\/tr>\n<tr>\n<td>#MujeresDivulgadoras: ci\u00e8ncia amb veu de dona<\/td>\n<td>Lydia Gil<\/td>\n<td>\u00a0<a href=\"http:\/\/www.cobdc.net\/15JCID\/wp-content\/uploads\/2018\/05\/Comu2.pdf\">PDF<\/a><\/td>\n<\/tr>\n<tr>\n<td>El sistema de gesti\u00f3 documental del Memorial Democr\u00e0tic: entre la reparaci\u00f3 p\u00fablica i l&#8217;arxiu en l\u00ednia.<\/td>\n<td>Gerard Corbella L\u00f3pez i Merc\u00e8 Pujadas Bart\u00e9s<\/td>\n<td>\u00a0<a href=\"http:\/\/www.cobdc.net\/15JCID\/wp-content\/uploads\/2018\/05\/Comu3.pdf\">PDF<\/a><\/td>\n<\/tr>\n<tr>\n<td>Els aspectes immaterials en la taxaci\u00f3 d&#8217;arxius i de biblioteques<\/td>\n<td>Joan Art\u00e9s Morata<\/td>\n<td>\u00a0<a href=\"http:\/\/www.cobdc.net\/15JCID\/wp-content\/uploads\/2018\/05\/Comu4.pdf\">PDF<\/a><\/td>\n<\/tr>\n<tr>\n<td>Serveis de Biblioteca per a revistes acad\u00e8miques universit\u00e0ries<\/td>\n<td>Maria Boixadera Ibern i Clara Riera Quintero<\/td>\n<td><a href=\"http:\/\/www.cobdc.net\/15JCID\/wp-content\/uploads\/2018\/05\/Comu5.pdf\">\u00a0PDF<\/a><\/td>\n<\/tr>\n<tr>\n<td>El perfil del gestor de projectes en informaci\u00f3 i comunicaci\u00f3<\/td>\n<td>Candela Oll\u00e9, Berta Cerezuela i Oskar Hern\u00e1ndez P\u00e9rez<\/td>\n<td>\u00a0<a href=\"http:\/\/www.cobdc.net\/15JCID\/wp-content\/uploads\/2018\/05\/Comu6.pdf\">PDF<\/a><\/td>\n<\/tr>\n<tr>\n<td>Projecte eRecursos: an\u00e0lisi de l&#8217;\u00fas i cost dels recursos electr\u00f2nics a ESADE<\/td>\n<td>Josep Soler Teixidor<\/td>\n<td>\u00a0<a href=\"http:\/\/www.cobdc.net\/15JCID\/wp-content\/uploads\/2018\/05\/Comu7.pdf\">PDF<\/a><\/td>\n<\/tr>\n<tr>\n<td>Programaci\u00f3 matem\u00e0tica en biblioteques: primera proposta d&#8217;\u00e0rees d&#8217;actuaci\u00f3<\/td>\n<td>Mina Nabona-Jassans i Carina Rey Mart\u00edn<\/td>\n<td>\u00a0<a href=\"http:\/\/www.cobdc.net\/15JCID\/wp-content\/uploads\/2018\/05\/Comu8.pdf\">PDF<\/a><\/td>\n<\/tr>\n<tr>\n<td>Recursos d&#8217;informaci\u00f3 sobre salut i adolescents. On som, on podem arribar.<\/td>\n<td>Aurora Vall, Clara Boter i Carme Hern\u00e1ndez Rabanal<\/td>\n<td>\u00a0<a href=\"http:\/\/www.cobdc.net\/15JCID\/wp-content\/uploads\/2018\/05\/Comu9.pdf\">PDF<\/a><\/td>\n<\/tr>\n<tr>\n<td>Portal de la Recerca de Catalunya: Agregant informaci\u00f3 de proced\u00e8ncia i institucions diverses<\/td>\n<td>Sandra Reoyo Tud\u00f3 i Iris Parusel Turullols<\/td>\n<td>\u00a0<a href=\"http:\/\/www.cobdc.net\/15JCID\/wp-content\/uploads\/2018\/05\/Comu10.pdf\">PDF<\/a><\/td>\n<\/tr>\n<tr>\n<td>La Gesti\u00f3 digital de la col\u00b7lecci\u00f3 de cartells pol\u00edtics a la UAB<\/td>\n<td>Ferran Jorba, Teresa Santos i Cristina Azor\u00edn<\/td>\n<td>\u00a0<a href=\"http:\/\/www.cobdc.net\/15JCID\/wp-content\/uploads\/2018\/05\/Comu11.pdf\">PDF<\/a><\/td>\n<\/tr>\n<tr>\n<td>An\u00e0lisi del nivell de transpar\u00e8ncia de les biblioteques catalanes a trav\u00e9s del web<\/td>\n<td>Carina Rey Mart\u00edn i Concepci\u00f3n Rodriguez Parada<\/td>\n<td>\u00a0<a href=\"http:\/\/www.cobdc.net\/15JCID\/wp-content\/uploads\/2018\/05\/Comu12.pdf\">PDF<\/a><\/td>\n<\/tr>\n<tr>\n<td>La biblioteca m\u00ednima de proximitat. Una proposta social alternativa d&#8217;acc\u00e9s a la cultura en el segle XXI<\/td>\n<td>Francesc Carnerero, Estefania D\u00edaz, D\u00eddac Mart\u00ednez, Eduard Minobis i Neus Vilaplana<\/td>\n<td>\u00a0<a href=\"http:\/\/www.cobdc.net\/15JCID\/wp-content\/uploads\/2018\/05\/Comu13.pdf\">PDF<\/a><\/td>\n<\/tr>\n<tr>\n<td>Afinem els instruments: estrat\u00e8gies de difusi\u00f3 de la m\u00fasica a les Biblioteques de Barcelona<\/td>\n<td>Laia Balaguer, Manel Pe\u00f1a, Juli\u00e1n Figueras, Virg\u00ednia Fust\u00e9, Sergi Rodr\u00edguez, Rosa N\u00fa\u00f1ez i Mont Sureda<\/td>\n<td>\u00a0<a href=\"http:\/\/www.cobdc.net\/15JCID\/wp-content\/uploads\/2018\/05\/Comu14.pdf\">PDF<\/a><\/td>\n<\/tr>\n<tr>\n<td>El nou escenari del dip\u00f2sit legal en l\u00ednia m\u00e9s enll\u00e0 de l&#8217;arxiu web<\/td>\n<td>Eug\u00e8nia Serra i Karibel P\u00e9rez<\/td>\n<td>\u00a0<a href=\"http:\/\/www.cobdc.net\/15JCID\/wp-content\/uploads\/2018\/05\/Comu15.pdf\">PDF<\/a><\/td>\n<\/tr>\n<tr>\n<td>Panor\u00e0mica internacional de respostes a l&#8217;envelliment demogr\u00e0fic, dins l&#8217;\u00e0mbit de la biblioteca p\u00fablica<\/td>\n<td>Guadalupe Saloni i Marimon, Carina Rey Martin i Concepci\u00f3n Rodr\u00edguez Parada<\/td>\n<td>\u00a0<a href=\"http:\/\/www.cobdc.net\/15JCID\/wp-content\/uploads\/2018\/05\/Comu16.pdf\">PDF<\/a><\/td>\n<\/tr>\n<tr>\n<td>El rol dels professionals de la Biblioteca en el nou model d&#8217;aprenentatge de la UOC<\/td>\n<td>Aida Camps-Pin\u00f3s, Elisabet Cervera-Biedma, Albert Cervera-Farr\u00e9, \u00c0gueda Mercadal-Torres, Gerard Pag\u00e8s-Camps i Gema Santos-Hermosa<\/td>\n<td>\u00a0<a href=\"http:\/\/www.cobdc.net\/15JCID\/wp-content\/uploads\/2018\/05\/Comu17.pdf\">PDF<\/a><\/td>\n<\/tr>\n<tr>\n<td>La irrupci\u00f3 de les fake news en l&#8217;ecosistema informacional, oportunitat o amena\u00e7a per al professional de la informaci\u00f3 i la documentaci\u00f3?<\/td>\n<td>Alexandre L\u00f3pez-Borrull, Josep Vives i Gr\u00e0cia i Joan-Isidre Badell<\/td>\n<td>\u00a0<a href=\"http:\/\/www.cobdc.net\/15JCID\/wp-content\/uploads\/2018\/05\/Comu18.pdf\">PDF<\/a><\/td>\n<\/tr>\n<\/tbody>\n<\/table>\n<p>&nbsp;<\/p>\n","protected":false},"excerpt":{"rendered":"<p>T\u00edtol Autors Comunicaci\u00f3 Gestor de Patents in-a-box Francesc Garc\u00eda Grimau i Grelda Ortiz Amaya \u00a0PDF #MujeresDivulgadoras: ci\u00e8ncia amb veu de dona Lydia Gil \u00a0PDF El sistema de gesti\u00f3 documental del Memorial Democr\u00e0tic: entre la reparaci\u00f3 p\u00fablica i l&#8217;arxiu en l\u00ednia. &hellip; <a href=\"https:\/\/www.cobdc.net\/15JCID\/comunicacions\/\">Continua llegint <span class=\"meta-nav\">&rarr;<\/span><\/a><\/p>\n","protected":false},"author":1,"featured_media":0,"parent":0,"menu_order":0,"comment_status":"closed","ping_status":"closed","template":"","meta":{"footnotes":""},"class_list":["post-1169","page","type-page","status-publish","hentry"],"_links":{"self":[{"href":"https:\/\/www.cobdc.net\/15JCID\/wp-json\/wp\/v2\/pages\/1169","targetHints":{"allow":["GET"]}}],"collection":[{"href":"https:\/\/www.cobdc.net\/15JCID\/wp-json\/wp\/v2\/pages"}],"about":[{"href":"https:\/\/www.cobdc.net\/15JCID\/wp-json\/wp\/v2\/types\/page"}],"author":[{"embeddable":true,"href":"https:\/\/www.cobdc.net\/15JCID\/wp-json\/wp\/v2\/users\/1"}],"replies":[{"embeddable":true,"href":"https:\/\/www.cobdc.net\/15JCID\/wp-json\/wp\/v2\/comments?post=1169"}],"version-history":[{"count":11,"href":"https:\/\/www.cobdc.net\/15JCID\/wp-json\/wp\/v2\/pages\/1169\/revisions"}],"predecessor-version":[{"id":1258,"href":"https:\/\/www.cobdc.net\/15JCID\/wp-json\/wp\/v2\/pages\/1169\/revisions\/1258"}],"wp:attachment":[{"href":"https:\/\/www.cobdc.net\/15JCID\/wp-json\/wp\/v2\/media?parent=1169"}],"curies":[{"name":"wp","href":"https:\/\/api.w.org\/{rel}","templated":true}]}}